{"id":239,"date":"2017-12-21T15:57:29","date_gmt":"2017-12-21T14:57:29","guid":{"rendered":"http:\/\/www.enduropale-passion.com\/touquet\/?page_id=239"},"modified":"2023-02-10T10:53:51","modified_gmt":"2023-02-10T09:53:51","slug":"poireau-dor-2017-raphael-planckeel","status":"publish","type":"page","link":"https:\/\/www.enduropale-passion.com\/touquet\/poireau-dor-2017-raphael-planckeel\/","title":{"rendered":"poireau d&rsquo;or 2017"},"content":{"rendered":"<h1 align=\"left\">Raphael Planckeel , le Pikapoireau de l&rsquo;\u00e9dition 2017 :<\/h1>\n<p>Il s&rsquo;appelle Raphael Planckeel, il est originaire de Puget-Ville (c&rsquo;est en bas, tout en bas) et c&rsquo;est celui qui a attir\u00e9 notre attention pour cet Enduropale 2017.<\/p>\n<p align=\"justify\">Pris par les interviews et autres contrats publicitaires, ce poireau pure souche peine \u00e0 nous r\u00e9pondre tant la pression se fait sentir. Cette m\u00eame pression blonde (de la couleur de son costume de sc\u00e8ne) qu&rsquo;il aura inflig\u00e9 aux pilotes professionnels pendant 3 heures : \u00ab\u00a0Je ne les ai pas l\u00e2ch\u00e9s d&rsquo;une seconde, j&rsquo;avais l&rsquo;entrainement pour\u00a0\u00bb d\u00e9clare ce jeune guerrier de Provence-Alpes-Cote d&rsquo;Azur.<\/p>\n<h2 class=\"Style2\" style=\"text-align: left;\">\u00ab\u00a0J&rsquo;ai boucl\u00e9 44 tours, dont quelques-uns dans le bon sens&#8230; et personne ne m&rsquo;a rattrap\u00e9\u00a0\u00bb<\/h2>\n<p>\u00ab\u00a0Une KTM pr\u00e9par\u00e9e aux petits oignons, elle tournait comme une pok\u00e9ball\u00a0\u00bb nous avoue ce champion des temps modernes, sans oublier de nous signaler : \u00ab\u00a0J&rsquo;ai boucl\u00e9 44 tours, dont quelques-uns dans le bon sens&#8230;et personne ne m&rsquo;a rattrap\u00e9\u00a0\u00bb &#8230; \u00a0\u00bb je suis fier de ma course et de mon \u00e9quipe technique qui a surtout brill\u00e9 par son professionnalisme\u00a0\u00bb.<br \/>\n<strong>Raphael remporte donc le titre du meilleur poireau 2017, titre amplement m\u00e9rit\u00e9 qu&rsquo;il remettra en question l&rsquo;ann\u00e9e prochaine.\u00a0<\/strong>(avis aux amateurs&#8230;!)<\/p>\n<div id='gallery-1' class='gallery galleryid-239 gallery-columns-3 gallery-size-thumbnail'><figure class='gallery-item'>\n\t\t\t<div class='gallery-icon landscape'>\n\t\t\t\t<a href='https:\/\/www.enduropale-passion.com\/touquet\/poireau-dor-2017-raphael-planckeel\/raphael-planckeel-1\/'><img loading=\"lazy\" decoding=\"async\" width=\"200\" height=\"150\" src=\"https:\/\/www.enduropale-passion.com\/touquet\/wp-content\/uploads\/2017\/12\/Raphael-Planckeel-1-200x150.jpg\" class=\"attachment-thumbnail size-thumbnail\" alt=\"\" \/><\/a>\n\t\t\t<\/div><\/figure><figure class='gallery-item'>\n\t\t\t<div class='gallery-icon landscape'>\n\t\t\t\t<a href='https:\/\/www.enduropale-passion.com\/touquet\/poireau-dor-2017-raphael-planckeel\/raphael-planckeel-2\/'><img loading=\"lazy\" decoding=\"async\" width=\"200\" height=\"150\" src=\"https:\/\/www.enduropale-passion.com\/touquet\/wp-content\/uploads\/2017\/12\/Raphael-Planckeel-2-200x150.jpg\" class=\"attachment-thumbnail size-thumbnail\" alt=\"\" \/><\/a>\n\t\t\t<\/div><\/figure><figure class='gallery-item'>\n\t\t\t<div class='gallery-icon landscape'>\n\t\t\t\t<a href='https:\/\/www.enduropale-passion.com\/touquet\/poireau-dor-2017-raphael-planckeel\/raphael-planckeel-3\/'><img loading=\"lazy\" decoding=\"async\" width=\"200\" height=\"150\" src=\"https:\/\/www.enduropale-passion.com\/touquet\/wp-content\/uploads\/2017\/12\/Raphael-Planckeel-3-200x150.jpg\" class=\"attachment-thumbnail size-thumbnail\" alt=\"\" \/><\/a>\n\t\t\t<\/div><\/figure><figure class='gallery-item'>\n\t\t\t<div class='gallery-icon landscape'>\n\t\t\t\t<a href='https:\/\/www.enduropale-passion.com\/touquet\/poireau-dor-2017-raphael-planckeel\/raphael-planckeel-4\/'><img loading=\"lazy\" decoding=\"async\" width=\"200\" height=\"150\" src=\"https:\/\/www.enduropale-passion.com\/touquet\/wp-content\/uploads\/2017\/12\/Raphael-Planckeel-4-200x150.jpg\" class=\"attachment-thumbnail size-thumbnail\" alt=\"\" \/><\/a>\n\t\t\t<\/div><\/figure><figure class='gallery-item'>\n\t\t\t<div class='gallery-icon landscape'>\n\t\t\t\t<a href='https:\/\/www.enduropale-passion.com\/touquet\/poireau-dor-2017-raphael-planckeel\/raphael-planckeel-5\/'><img loading=\"lazy\" decoding=\"async\" width=\"200\" height=\"150\" src=\"https:\/\/www.enduropale-passion.com\/touquet\/wp-content\/uploads\/2017\/12\/Raphael-Planckeel-5-200x150.jpg\" class=\"attachment-thumbnail size-thumbnail\" alt=\"\" srcset=\"https:\/\/www.enduropale-passion.com\/touquet\/wp-content\/uploads\/2017\/12\/Raphael-Planckeel-5-200x150.jpg 200w, https:\/\/www.enduropale-passion.com\/touquet\/wp-content\/uploads\/2017\/12\/Raphael-Planckeel-5-1200x900-cropped.jpg 1200w\" sizes=\"auto, (max-width: 200px) 100vw, 200px\" \/><\/a>\n\t\t\t<\/div><\/figure>\n\t\t<\/div>\n\n","protected":false},"excerpt":{"rendered":"<p>Raphael Planckeel , le Pikapoireau de l&rsquo;\u00e9dition 2017 : Il s&rsquo;appelle Raphael Planckeel, il est originaire de Puget-Ville (c&rsquo;est en bas, tout en bas) et c&rsquo;est celui qui a attir\u00e9 notre attention pour cet Enduropale 2017. Pris par les interviews et autres contrats publicitaires, ce poireau pure souche peine \u00e0 nous r\u00e9pondre tant la pression [&hellip;]<\/p>\n","protected":false},"author":1,"featured_media":0,"parent":0,"menu_order":0,"comment_status":"open","ping_status":"closed","template":"","meta":{"site-sidebar-layout":"default","site-content-layout":"default","ast-site-content-layout":"","site-content-style":"default","site-sidebar-style":"default","ast-global-header-display":"","ast-banner-title-visibility":"","ast-main-header-display":"","ast-hfb-above-header-display":"","ast-hfb-below-header-display":"","ast-hfb-mobile-header-display":"","site-post-title":"","ast-breadcrumbs-content":"","ast-featured-img":"","footer-sml-layout":"","theme-transparent-header-meta":"default","adv-header-id-meta":"","stick-header-meta":"","header-above-stick-meta":"","header-main-stick-meta":"","header-below-stick-meta":"","astra-migrate-meta-layouts":"default","ast-page-background-enabled":"default","ast-page-background-meta":{"desktop":{"background-color":"var(--ast-global-color-4)","background-image":"","background-repeat":"repeat","background-position":"center center","background-size":"auto","background-attachment":"scroll","background-type":"","background-media":"","overlay-type":"","overlay-color":"","overlay-opacity":"","overlay-gradient":""},"tablet":{"background-color":"","background-image":"","background-repeat":"repeat","background-position":"center center","background-size":"auto","background-attachment":"scroll","background-type":"","background-media":"","overlay-type":"","overlay-color":"","overlay-opacity":"","overlay-gradient":""},"mobile":{"background-color":"","background-image":"","background-repeat":"repeat","background-position":"center center","background-size":"auto","background-attachment":"scroll","background-type":"","background-media":"","overlay-type":"","overlay-color":"","overlay-opacity":"","overlay-gradient":""}},"ast-content-background-meta":{"desktop":{"background-color":"var(--ast-global-color-5)","background-image":"","background-repeat":"repeat","background-position":"center center","background-size":"auto","background-attachment":"scroll","background-type":"","background-media":"","overlay-type":"","overlay-color":"","overlay-opacity":"","overlay-gradient":""},"tablet":{"background-color":"var(--ast-global-color-5)","background-image":"","background-repeat":"repeat","background-position":"center center","background-size":"auto","background-attachment":"scroll","background-type":"","background-media":"","overlay-type":"","overlay-color":"","overlay-opacity":"","overlay-gradient":""},"mobile":{"background-color":"var(--ast-global-color-5)","background-image":"","background-repeat":"repeat","background-position":"center center","background-size":"auto","background-attachment":"scroll","background-type":"","background-media":"","overlay-type":"","overlay-color":"","overlay-opacity":"","overlay-gradient":""}},"footnotes":""},"class_list":["post-239","page","type-page","status-publish","hentry"],"yoast_head":"<!-- This site is optimized with the Yoast SEO plugin v27.3 - https:\/\/yoast.com\/product\/yoast-seo-wordpress\/ -->\n<title>Raphael Planckeel<\/title>\n<meta name=\"description\" content=\"Raphael Planckeel poireau d&#039;or 2017\" \/>\n<meta name=\"robots\" content=\"index, follow, max-snippet:-1, max-image-preview:large, max-video-preview:-1\" \/>\n<link rel=\"canonical\" href=\"https:\/\/www.enduropale-passion.com\/touquet\/poireau-dor-2017-raphael-planckeel\/\" \/>\n<script type=\"application\/ld+json\" class=\"yoast-schema-graph\">{\"@context\":\"https:\\\/\\\/schema.org\",\"@graph\":[{\"@type\":\"NewsArticle\",\"@id\":\"https:\\\/\\\/www.enduropale-passion.com\\\/touquet\\\/poireau-dor-2017-raphael-planckeel\\\/#article\",\"isPartOf\":{\"@id\":\"https:\\\/\\\/www.enduropale-passion.com\\\/touquet\\\/poireau-dor-2017-raphael-planckeel\\\/\"},\"author\":{\"name\":\"jean-marc\",\"@id\":\"https:\\\/\\\/www.enduropale-passion.com\\\/touquet\\\/#\\\/schema\\\/person\\\/d3beef060ca1ae808ca028d5f2f4d3ab\"},\"headline\":\"poireau d&rsquo;or 2017\",\"datePublished\":\"2017-12-21T14:57:29+00:00\",\"dateModified\":\"2023-02-10T09:53:51+00:00\",\"mainEntityOfPage\":{\"@id\":\"https:\\\/\\\/www.enduropale-passion.com\\\/touquet\\\/poireau-dor-2017-raphael-planckeel\\\/\"},\"wordCount\":211,\"commentCount\":0,\"publisher\":{\"@id\":\"https:\\\/\\\/www.enduropale-passion.com\\\/touquet\\\/#organization\"},\"inLanguage\":\"fr-FR\",\"potentialAction\":[{\"@type\":\"CommentAction\",\"name\":\"Comment\",\"target\":[\"https:\\\/\\\/www.enduropale-passion.com\\\/touquet\\\/poireau-dor-2017-raphael-planckeel\\\/#respond\"]}]},{\"@type\":\"WebPage\",\"@id\":\"https:\\\/\\\/www.enduropale-passion.com\\\/touquet\\\/poireau-dor-2017-raphael-planckeel\\\/\",\"url\":\"https:\\\/\\\/www.enduropale-passion.com\\\/touquet\\\/poireau-dor-2017-raphael-planckeel\\\/\",\"name\":\"Raphael Planckeel\",\"isPartOf\":{\"@id\":\"https:\\\/\\\/www.enduropale-passion.com\\\/touquet\\\/#website\"},\"datePublished\":\"2017-12-21T14:57:29+00:00\",\"dateModified\":\"2023-02-10T09:53:51+00:00\",\"description\":\"Raphael Planckeel poireau d'or 2017\",\"breadcrumb\":{\"@id\":\"https:\\\/\\\/www.enduropale-passion.com\\\/touquet\\\/poireau-dor-2017-raphael-planckeel\\\/#breadcrumb\"},\"inLanguage\":\"fr-FR\",\"potentialAction\":[{\"@type\":\"ReadAction\",\"target\":[\"https:\\\/\\\/www.enduropale-passion.com\\\/touquet\\\/poireau-dor-2017-raphael-planckeel\\\/\"]}]},{\"@type\":\"BreadcrumbList\",\"@id\":\"https:\\\/\\\/www.enduropale-passion.com\\\/touquet\\\/poireau-dor-2017-raphael-planckeel\\\/#breadcrumb\",\"itemListElement\":[{\"@type\":\"ListItem\",\"position\":1,\"name\":\"Accueil\",\"item\":\"https:\\\/\\\/www.enduropale-passion.com\\\/touquet\\\/\"},{\"@type\":\"ListItem\",\"position\":2,\"name\":\"poireau d&rsquo;or 2017\"}]},{\"@type\":\"WebSite\",\"@id\":\"https:\\\/\\\/www.enduropale-passion.com\\\/touquet\\\/#website\",\"url\":\"https:\\\/\\\/www.enduropale-passion.com\\\/touquet\\\/\",\"name\":\"Enduropale, Quaduro et Vintage 2026\",\"description\":\"Championnat du monde des sables\",\"publisher\":{\"@id\":\"https:\\\/\\\/www.enduropale-passion.com\\\/touquet\\\/#organization\"},\"potentialAction\":[{\"@type\":\"SearchAction\",\"target\":{\"@type\":\"EntryPoint\",\"urlTemplate\":\"https:\\\/\\\/www.enduropale-passion.com\\\/touquet\\\/?s={search_term_string}\"},\"query-input\":{\"@type\":\"PropertyValueSpecification\",\"valueRequired\":true,\"valueName\":\"search_term_string\"}}],\"inLanguage\":\"fr-FR\"},{\"@type\":\"Organization\",\"@id\":\"https:\\\/\\\/www.enduropale-passion.com\\\/touquet\\\/#organization\",\"name\":\"Enduropale Passion\",\"url\":\"https:\\\/\\\/www.enduropale-passion.com\\\/touquet\\\/\",\"logo\":{\"@type\":\"ImageObject\",\"inLanguage\":\"fr-FR\",\"@id\":\"https:\\\/\\\/www.enduropale-passion.com\\\/touquet\\\/#\\\/schema\\\/logo\\\/image\\\/\",\"url\":\"https:\\\/\\\/www.enduropale-passion.com\\\/touquet\\\/wp-content\\\/uploads\\\/2018\\\/01\\\/rect5318a.png\",\"contentUrl\":\"https:\\\/\\\/www.enduropale-passion.com\\\/touquet\\\/wp-content\\\/uploads\\\/2018\\\/01\\\/rect5318a.png\",\"width\":1178,\"height\":389,\"caption\":\"Enduropale Passion\"},\"image\":{\"@id\":\"https:\\\/\\\/www.enduropale-passion.com\\\/touquet\\\/#\\\/schema\\\/logo\\\/image\\\/\"}},{\"@type\":\"Person\",\"@id\":\"https:\\\/\\\/www.enduropale-passion.com\\\/touquet\\\/#\\\/schema\\\/person\\\/d3beef060ca1ae808ca028d5f2f4d3ab\",\"name\":\"jean-marc\",\"image\":{\"@type\":\"ImageObject\",\"inLanguage\":\"fr-FR\",\"@id\":\"https:\\\/\\\/secure.gravatar.com\\\/avatar\\\/da63a71c7b3c891d13f316f979f70f394c40b51eff8683f7ed50dcaf88d1bfc2?s=96&r=g\",\"url\":\"https:\\\/\\\/secure.gravatar.com\\\/avatar\\\/da63a71c7b3c891d13f316f979f70f394c40b51eff8683f7ed50dcaf88d1bfc2?s=96&r=g\",\"contentUrl\":\"https:\\\/\\\/secure.gravatar.com\\\/avatar\\\/da63a71c7b3c891d13f316f979f70f394c40b51eff8683f7ed50dcaf88d1bfc2?s=96&r=g\",\"caption\":\"jean-marc\"}}]}<\/script>\n<!-- \/ Yoast SEO plugin. -->","yoast_head_json":{"title":"Raphael Planckeel","description":"Raphael Planckeel poireau d'or 2017","robots":{"index":"index","follow":"follow","max-snippet":"max-snippet:-1","max-image-preview":"max-image-preview:large","max-video-preview":"max-video-preview:-1"},"canonical":"https:\/\/www.enduropale-passion.com\/touquet\/poireau-dor-2017-raphael-planckeel\/","schema":{"@context":"https:\/\/schema.org","@graph":[{"@type":"NewsArticle","@id":"https:\/\/www.enduropale-passion.com\/touquet\/poireau-dor-2017-raphael-planckeel\/#article","isPartOf":{"@id":"https:\/\/www.enduropale-passion.com\/touquet\/poireau-dor-2017-raphael-planckeel\/"},"author":{"name":"jean-marc","@id":"https:\/\/www.enduropale-passion.com\/touquet\/#\/schema\/person\/d3beef060ca1ae808ca028d5f2f4d3ab"},"headline":"poireau d&rsquo;or 2017","datePublished":"2017-12-21T14:57:29+00:00","dateModified":"2023-02-10T09:53:51+00:00","mainEntityOfPage":{"@id":"https:\/\/www.enduropale-passion.com\/touquet\/poireau-dor-2017-raphael-planckeel\/"},"wordCount":211,"commentCount":0,"publisher":{"@id":"https:\/\/www.enduropale-passion.com\/touquet\/#organization"},"inLanguage":"fr-FR","potentialAction":[{"@type":"CommentAction","name":"Comment","target":["https:\/\/www.enduropale-passion.com\/touquet\/poireau-dor-2017-raphael-planckeel\/#respond"]}]},{"@type":"WebPage","@id":"https:\/\/www.enduropale-passion.com\/touquet\/poireau-dor-2017-raphael-planckeel\/","url":"https:\/\/www.enduropale-passion.com\/touquet\/poireau-dor-2017-raphael-planckeel\/","name":"Raphael Planckeel","isPartOf":{"@id":"https:\/\/www.enduropale-passion.com\/touquet\/#website"},"datePublished":"2017-12-21T14:57:29+00:00","dateModified":"2023-02-10T09:53:51+00:00","description":"Raphael Planckeel poireau d'or 2017","breadcrumb":{"@id":"https:\/\/www.enduropale-passion.com\/touquet\/poireau-dor-2017-raphael-planckeel\/#breadcrumb"},"inLanguage":"fr-FR","potentialAction":[{"@type":"ReadAction","target":["https:\/\/www.enduropale-passion.com\/touquet\/poireau-dor-2017-raphael-planckeel\/"]}]},{"@type":"BreadcrumbList","@id":"https:\/\/www.enduropale-passion.com\/touquet\/poireau-dor-2017-raphael-planckeel\/#breadcrumb","itemListElement":[{"@type":"ListItem","position":1,"name":"Accueil","item":"https:\/\/www.enduropale-passion.com\/touquet\/"},{"@type":"ListItem","position":2,"name":"poireau d&rsquo;or 2017"}]},{"@type":"WebSite","@id":"https:\/\/www.enduropale-passion.com\/touquet\/#website","url":"https:\/\/www.enduropale-passion.com\/touquet\/","name":"Enduropale, Quaduro et Vintage 2026","description":"Championnat du monde des sables","publisher":{"@id":"https:\/\/www.enduropale-passion.com\/touquet\/#organization"},"potentialAction":[{"@type":"SearchAction","target":{"@type":"EntryPoint","urlTemplate":"https:\/\/www.enduropale-passion.com\/touquet\/?s={search_term_string}"},"query-input":{"@type":"PropertyValueSpecification","valueRequired":true,"valueName":"search_term_string"}}],"inLanguage":"fr-FR"},{"@type":"Organization","@id":"https:\/\/www.enduropale-passion.com\/touquet\/#organization","name":"Enduropale Passion","url":"https:\/\/www.enduropale-passion.com\/touquet\/","logo":{"@type":"ImageObject","inLanguage":"fr-FR","@id":"https:\/\/www.enduropale-passion.com\/touquet\/#\/schema\/logo\/image\/","url":"https:\/\/www.enduropale-passion.com\/touquet\/wp-content\/uploads\/2018\/01\/rect5318a.png","contentUrl":"https:\/\/www.enduropale-passion.com\/touquet\/wp-content\/uploads\/2018\/01\/rect5318a.png","width":1178,"height":389,"caption":"Enduropale Passion"},"image":{"@id":"https:\/\/www.enduropale-passion.com\/touquet\/#\/schema\/logo\/image\/"}},{"@type":"Person","@id":"https:\/\/www.enduropale-passion.com\/touquet\/#\/schema\/person\/d3beef060ca1ae808ca028d5f2f4d3ab","name":"jean-marc","image":{"@type":"ImageObject","inLanguage":"fr-FR","@id":"https:\/\/secure.gravatar.com\/avatar\/da63a71c7b3c891d13f316f979f70f394c40b51eff8683f7ed50dcaf88d1bfc2?s=96&r=g","url":"https:\/\/secure.gravatar.com\/avatar\/da63a71c7b3c891d13f316f979f70f394c40b51eff8683f7ed50dcaf88d1bfc2?s=96&r=g","contentUrl":"https:\/\/secure.gravatar.com\/avatar\/da63a71c7b3c891d13f316f979f70f394c40b51eff8683f7ed50dcaf88d1bfc2?s=96&r=g","caption":"jean-marc"}}]}},"_links":{"self":[{"href":"https:\/\/www.enduropale-passion.com\/touquet\/wp-json\/wp\/v2\/pages\/239","targetHints":{"allow":["GET"]}}],"collection":[{"href":"https:\/\/www.enduropale-passion.com\/touquet\/wp-json\/wp\/v2\/pages"}],"about":[{"href":"https:\/\/www.enduropale-passion.com\/touquet\/wp-json\/wp\/v2\/types\/page"}],"author":[{"embeddable":true,"href":"https:\/\/www.enduropale-passion.com\/touquet\/wp-json\/wp\/v2\/users\/1"}],"replies":[{"embeddable":true,"href":"https:\/\/www.enduropale-passion.com\/touquet\/wp-json\/wp\/v2\/comments?post=239"}],"version-history":[{"count":2,"href":"https:\/\/www.enduropale-passion.com\/touquet\/wp-json\/wp\/v2\/pages\/239\/revisions"}],"predecessor-version":[{"id":12027,"href":"https:\/\/www.enduropale-passion.com\/touquet\/wp-json\/wp\/v2\/pages\/239\/revisions\/12027"}],"wp:attachment":[{"href":"https:\/\/www.enduropale-passion.com\/touquet\/wp-json\/wp\/v2\/media?parent=239"}],"curies":[{"name":"wp","href":"https:\/\/api.w.org\/{rel}","templated":true}]}}