{"id":243,"date":"2017-12-21T15:58:07","date_gmt":"2017-12-21T14:58:07","guid":{"rendered":"http:\/\/www.enduropale-passion.com\/touquet\/?page_id=243"},"modified":"2019-02-12T15:42:07","modified_gmt":"2019-02-12T14:42:07","slug":"poireau-dor-2013","status":"publish","type":"page","link":"https:\/\/www.enduropale-passion.com\/touquet\/poireau-dor-2013\/","title":{"rendered":"Poireau d&rsquo;or 2013"},"content":{"rendered":"<p>Vendredi 1er f\u00e9vrier, des amis d&rsquo;enduropale-passion ont rencontr\u00e9 un vrai poireau. De leurs dires, ils n&rsquo;avaient pas vu \u00e7a depuis longtemps&#8230; Ils nous racontent :<\/p>\n<p class=\"Style1\" align=\"left\"><em><img loading=\"lazy\" decoding=\"async\" class=\"size-full wp-image-274 alignleft\" src=\"http:\/\/www.enduropale-passion.com\/touquet\/wp-content\/uploads\/2017\/12\/Fred-NOGUES-apres-la-course.jpg\" alt=\"\" width=\"250\" height=\"232\" \/>\u00ab\u00a0Ce gars ( Fred\u00e9ric Nogues, un Parisien\u00a0) est arriv\u00e9 le vendredi, seul, en voiture et remorque moto. Vendredi, contr\u00f4le technique (seul),\u00a0<strong>il passe les nuits dans sa voiture<\/strong>, au froid. Samedi matin il nous demande de lui r\u00e9chauffer du caf\u00e9. Nous parlons avec lui, il nous dit n&rsquo;avoir jamais roul\u00e9 dans le sable de sa vie, sa moto un 450 CRF Honda d&rsquo;origine, quasiment aucune pr\u00e9paration sable.<br \/>\nNous l&rsquo;invitons donc chez nous pour la soir\u00e9e du samedi avec les copains et pour la douche du dimanche.<br \/>\nIl nous dit qu&rsquo;il est seul,\u00a0sans d&rsquo;assistance ! Nous lui proposons de lui faire son assistance dans notre paddock. Dimanche 3 f\u00e9vrier : Il part (toujours seul) avec la navette au Touquet pour prendre le d\u00e9part de l&rsquo;enduropale&#8230; D\u00e8s lors, silence radio&#8230; Nous ne le reverrons arriver au stand qu&rsquo;apr\u00e8s 2 h 20 de course !!! il n&rsquo;a effectu\u00e9 que le parcours entre Le Touquet et Stella, soit environ 6 km.<\/em><\/p>\n<p class=\"Style1\" align=\"left\"><em>Mais notre ami (<strong>parce que c&rsquo;est devenu un ami depuis cette rencontre<\/strong>) est le plus heureux des hommes. Il a enfin r\u00e9alis\u00e9 son r\u00eave, lui le Pilote de circuit :\u00a0<strong>Participer \u00e0 l&rsquo;ENDUROPALE !\u00a0<\/strong>L&rsquo;ann\u00e9e prochaine, il sera surement de nouveau au d\u00e9part !! \u00ab\u00a0<\/em><\/p>\n<h2 class=\"Style2\" align=\"left\">A son tour, il nous raconte son aventure :<\/h2>\n<h2 style=\"text-align: left;\" align=\"center\"><em>\u00ab\u00a0Je me pr\u00e9sente Fr\u00e9d\u00e9ric Nogues, num\u00e9ro 994\u00a0<\/em><em>:<\/em><\/h2>\n<p class=\"Style1\"><em>Je d\u00e9cide donc de participer \u00e0 l&rsquo;enduropale du Touquet le 9 Janvier 2013, un peu sur un coup de t\u00eate, pas envie d&rsquo;attendre l&rsquo;ann\u00e9e prochaine, j&rsquo;ai trop envie de voir ce qu&rsquo;est LE TOUQUET.<br \/>\nPour que la sauce prenne un 450CRF 2006,quelques mises au point pour la course sur sable et pour qu&rsquo;elle passe le Contr\u00f4le Technique, housse de filtre, un pneu sable, 1 CAMEL BAK, quelques entra\u00eenements physiques (malgr\u00e9 des soucis de hanche, 8 op\u00e9rations du f\u00e9mur droit), par contre je n&rsquo;ai pas eu le temps de rouler sur le sable, j&rsquo;ai seulement fait un peu de cross.<\/em><\/p>\n<p class=\"Style1\"><em>D\u00e9part le vendredi matin, la moto sur la remorque et me voil\u00e0 parti de la r\u00e9gion parisienne avec ma bmw 2001,( qui me servira de couchage ) en direction de la course mythique du \u00ab\u00a0TOUQUET\u00a0\u00bb.<\/em><\/p>\n<p class=\"Style1\"><em>Le d\u00e9part \u00e9tant donn\u00e9 me voil\u00e0 dans la meute avec mon n\u00b0994 et d\u00e8s le d\u00e9but je vois la difficult\u00e9 de rouler dans le sable mou. Je n&rsquo;arrive pas \u00e0 tenir la moto, je tangue une premi\u00e8re fois apr\u00e8s le premier virage, je manquais d&rsquo;air, mon cardio est mont\u00e9 d&rsquo;un coup! et je ne trouvais plus d&rsquo;air c&rsquo;\u00e9tait terrible!<br \/>\nJe n &lsquo;arrive pas \u00e0 prendre la vitesse n\u00e9cessaire pour rouler dans le sable, ce n&rsquo;est pas grave \u00e0 chaque fois que je tombe je rel\u00e8ve la moto et je repars, c&rsquo;est de l&rsquo;apprentissage on va dire!<br \/>\nJ&rsquo;essaye d&rsquo;apprendre au fur et \u00e0 mesure, de rallonger mes distances, car \u00e0 chaque fois on est bloqu\u00e9 par quelque chose! mais quelle \u00e9preuve, je me dis, c&rsquo;est dingue !<br \/>\nLes conditions sont difficiles 5\u00b0, vent froid venant de la mer, la pluie. pour apprendre c&rsquo;est pas top, mais je me fais plaisir, parce que je suis l\u00e0, sur place et il faut vraiment y \u00eatre pour le vivre!<br \/>\nA un moment donn\u00e9 dans une partie technique apr\u00e9s un virage, une immense orni\u00e8re gorg\u00e9e d&rsquo;eau et sachant que je ne dois pas y aller, plok! la moto se plante les deux roues jusqu&rsquo;aux axes, l\u00e0 je regarde la moto, je ne sais pas quoi faire, c&rsquo;est pas du sable, c&rsquo;est comme de la vase, 3 gars sont venus du public et il me l&rsquo;on sortie, g\u00e9nial, trop content, \u00e7\u00e0 repart c&rsquo;est pas fini! je les remercie encore ces gars! donc je repars et \u00e0 chaque fois c&rsquo;est pratiquement virage par virage, parfois les commissaires de piste avec leur drapeaux jaunes me demande si je veux arr\u00eater,\u00a0<strong>queun\u00e9nie! je lache pas!\u00a0<\/strong>J&rsquo;apprend! j&rsquo;essaie d&rsquo;arriver au ravitaillement&#8230;<\/em><\/p>\n<p class=\"Style1\"><em>Et puis un moment donn\u00e9, j&rsquo;arrivais \u00e0 aller tout droit sur des woops\u00a0<strong>un moment de bonheur<\/strong>, j&rsquo;avance et puis sur une bosse, hop je tombe, \u00e0 cet instant, \u00e9tant couch\u00e9 sur ma machine derri\u00e8re la bosse, une moto est venue s&rsquo;arr\u00eater sur mes cotes, j&rsquo;ai d\u00f9 me reposer 3,4 minutes avant de repartir&#8230; C&rsquo;est une aventure incroyable : un pompier est m\u00eame venu me demander si \u00e7a allait, je lui ai dis que oui, mais j&rsquo;en \u00e9tais pas s\u00f9r ! A chaque fois j&rsquo;essayais de tenir le plus longtemps possible sur la moto jusqu&rsquo;\u00e0 faire une sortie de piste !<\/em><\/p>\n<p class=\"Style1\"><em>Au bout de 2 heures, je fini par atteindre le ravitaillement et l\u00e0 on me dit que la course est interrompu red flag !! Il est clair que de rouler dans le sable est une technique tr\u00e8s particuli\u00e8re des autres disciplines moto on doit r\u00e9apprendre \u00e0 faire de la moto sur une mati\u00e8re comme le sable, et il faut s&rsquo;entra\u00eener au pr\u00e9alable.<\/em><\/p>\n<p><span class=\"Style1\"><em>Je remercie aussi Eric, Murielle,\u00a0<a href=\"http:\/\/www.enduropale-passion.com\/enduropale-2013\/slides\/0422.html\">kev ( #422 )<\/a>, Geoffrey et Medhi que j&rsquo;ai rencontr\u00e9 sur les paddock, et avec qui j&rsquo;ai pass\u00e9 des moments agr\u00e9ables et tr\u00e9s sympathiques.\u00a0<strong>Ils sont bien sympas les ch&#8217;tis!!! hein tchot! \u00ab\u00a0<\/strong><\/em><\/span><\/p>\n<p><img loading=\"lazy\" decoding=\"async\" class=\"aligncenter wp-image-276 size-large\" src=\"http:\/\/www.enduropale-passion.com\/touquet\/wp-content\/uploads\/2017\/12\/Fred-NOGUES-698x1024.jpg\" alt=\"\" width=\"640\" height=\"939\" srcset=\"https:\/\/www.enduropale-passion.com\/touquet\/wp-content\/uploads\/2017\/12\/Fred-NOGUES-698x1024.jpg 698w, https:\/\/www.enduropale-passion.com\/touquet\/wp-content\/uploads\/2017\/12\/Fred-NOGUES-204x300.jpg 204w, https:\/\/www.enduropale-passion.com\/touquet\/wp-content\/uploads\/2017\/12\/Fred-NOGUES-768x1127.jpg 768w, https:\/\/www.enduropale-passion.com\/touquet\/wp-content\/uploads\/2017\/12\/Fred-NOGUES-1320x1937.jpg 1320w, https:\/\/www.enduropale-passion.com\/touquet\/wp-content\/uploads\/2017\/12\/Fred-NOGUES-1200x1760.jpg 1200w\" sizes=\"auto, (max-width: 640px) 100vw, 640px\" \/><\/p>\n","protected":false},"excerpt":{"rendered":"<p>Vendredi 1er f\u00e9vrier, des amis d&rsquo;enduropale-passion ont rencontr\u00e9 un vrai poireau. De leurs dires, ils n&rsquo;avaient pas vu \u00e7a depuis longtemps&#8230; Ils nous racontent : \u00ab\u00a0Ce gars ( Fred\u00e9ric Nogues, un Parisien\u00a0) est arriv\u00e9 le vendredi, seul, en voiture et remorque moto. Vendredi, contr\u00f4le technique (seul),\u00a0il passe les nuits dans sa voiture, au froid. Samedi [&hellip;]<\/p>\n","protected":false},"author":1,"featured_media":0,"parent":0,"menu_order":0,"comment_status":"open","ping_status":"closed","template":"","meta":{"site-sidebar-layout":"default","site-content-layout":"","ast-site-content-layout":"","site-content-style":"default","site-sidebar-style":"default","ast-global-header-display":"","ast-banner-title-visibility":"","ast-main-header-display":"","ast-hfb-above-header-display":"","ast-hfb-below-header-display":"","ast-hfb-mobile-header-display":"","site-post-title":"","ast-breadcrumbs-content":"","ast-featured-img":"","footer-sml-layout":"","theme-transparent-header-meta":"","adv-header-id-meta":"","stick-header-meta":"","header-above-stick-meta":"","header-main-stick-meta":"","header-below-stick-meta":"","astra-migrate-meta-layouts":"default","ast-page-background-enabled":"default","ast-page-background-meta":{"desktop":{"background-color":"var(--ast-global-color-4)","background-image":"","background-repeat":"repeat","background-position":"center center","background-size":"auto","background-attachment":"scroll","background-type":"","background-media":"","overlay-type":"","overlay-color":"","overlay-opacity":"","overlay-gradient":""},"tablet":{"background-color":"","background-image":"","background-repeat":"repeat","background-position":"center center","background-size":"auto","background-attachment":"scroll","background-type":"","background-media":"","overlay-type":"","overlay-color":"","overlay-opacity":"","overlay-gradient":""},"mobile":{"background-color":"","background-image":"","background-repeat":"repeat","background-position":"center center","background-size":"auto","background-attachment":"scroll","background-type":"","background-media":"","overlay-type":"","overlay-color":"","overlay-opacity":"","overlay-gradient":""}},"ast-content-background-meta":{"desktop":{"background-color":"var(--ast-global-color-5)","background-image":"","background-repeat":"repeat","background-position":"center center","background-size":"auto","background-attachment":"scroll","background-type":"","background-media":"","overlay-type":"","overlay-color":"","overlay-opacity":"","overlay-gradient":""},"tablet":{"background-color":"var(--ast-global-color-5)","background-image":"","background-repeat":"repeat","background-position":"center center","background-size":"auto","background-attachment":"scroll","background-type":"","background-media":"","overlay-type":"","overlay-color":"","overlay-opacity":"","overlay-gradient":""},"mobile":{"background-color":"var(--ast-global-color-5)","background-image":"","background-repeat":"repeat","background-position":"center center","background-size":"auto","background-attachment":"scroll","background-type":"","background-media":"","overlay-type":"","overlay-color":"","overlay-opacity":"","overlay-gradient":""}},"footnotes":""},"class_list":["post-243","page","type-page","status-publish","hentry"],"yoast_head":"<!-- This site is optimized with the Yoast SEO plugin v27.4 - https:\/\/yoast.com\/product\/yoast-seo-wordpress\/ -->\n<title>Fred\u00e9ric Nogues, le Parisien\u00a0<\/title>\n<meta name=\"description\" content=\"Fred\u00e9ric Nogues, le Parisien\u00a0le mieux \u00e9quip\u00e9 de tous les temps. quand motivation rime avec professionnalisme!\" \/>\n<meta name=\"robots\" content=\"index, follow, max-snippet:-1, max-image-preview:large, max-video-preview:-1\" \/>\n<link rel=\"canonical\" href=\"https:\/\/www.enduropale-passion.com\/touquet\/poireau-dor-2013\/\" \/>\n<script type=\"application\/ld+json\" class=\"yoast-schema-graph\">{\"@context\":\"https:\\\/\\\/schema.org\",\"@graph\":[{\"@type\":\"NewsArticle\",\"@id\":\"https:\\\/\\\/www.enduropale-passion.com\\\/touquet\\\/poireau-dor-2013\\\/#article\",\"isPartOf\":{\"@id\":\"https:\\\/\\\/www.enduropale-passion.com\\\/touquet\\\/poireau-dor-2013\\\/\"},\"author\":{\"name\":\"jean-marc\",\"@id\":\"https:\\\/\\\/www.enduropale-passion.com\\\/touquet\\\/#\\\/schema\\\/person\\\/d3beef060ca1ae808ca028d5f2f4d3ab\"},\"headline\":\"Poireau d&rsquo;or 2013\",\"datePublished\":\"2017-12-21T14:58:07+00:00\",\"dateModified\":\"2019-02-12T14:42:07+00:00\",\"mainEntityOfPage\":{\"@id\":\"https:\\\/\\\/www.enduropale-passion.com\\\/touquet\\\/poireau-dor-2013\\\/\"},\"wordCount\":922,\"commentCount\":0,\"publisher\":{\"@id\":\"https:\\\/\\\/www.enduropale-passion.com\\\/touquet\\\/#organization\"},\"image\":{\"@id\":\"https:\\\/\\\/www.enduropale-passion.com\\\/touquet\\\/poireau-dor-2013\\\/#primaryimage\"},\"thumbnailUrl\":\"http:\\\/\\\/www.enduropale-passion.com\\\/touquet\\\/wp-content\\\/uploads\\\/2017\\\/12\\\/Fred-NOGUES-apres-la-course.jpg\",\"inLanguage\":\"fr-FR\",\"potentialAction\":[{\"@type\":\"CommentAction\",\"name\":\"Comment\",\"target\":[\"https:\\\/\\\/www.enduropale-passion.com\\\/touquet\\\/poireau-dor-2013\\\/#respond\"]}]},{\"@type\":\"WebPage\",\"@id\":\"https:\\\/\\\/www.enduropale-passion.com\\\/touquet\\\/poireau-dor-2013\\\/\",\"url\":\"https:\\\/\\\/www.enduropale-passion.com\\\/touquet\\\/poireau-dor-2013\\\/\",\"name\":\"Fred\u00e9ric Nogues, le Parisien\u00a0\",\"isPartOf\":{\"@id\":\"https:\\\/\\\/www.enduropale-passion.com\\\/touquet\\\/#website\"},\"primaryImageOfPage\":{\"@id\":\"https:\\\/\\\/www.enduropale-passion.com\\\/touquet\\\/poireau-dor-2013\\\/#primaryimage\"},\"image\":{\"@id\":\"https:\\\/\\\/www.enduropale-passion.com\\\/touquet\\\/poireau-dor-2013\\\/#primaryimage\"},\"thumbnailUrl\":\"http:\\\/\\\/www.enduropale-passion.com\\\/touquet\\\/wp-content\\\/uploads\\\/2017\\\/12\\\/Fred-NOGUES-apres-la-course.jpg\",\"datePublished\":\"2017-12-21T14:58:07+00:00\",\"dateModified\":\"2019-02-12T14:42:07+00:00\",\"description\":\"Fred\u00e9ric Nogues, le Parisien\u00a0le mieux \u00e9quip\u00e9 de tous les temps. quand motivation rime avec professionnalisme!\",\"breadcrumb\":{\"@id\":\"https:\\\/\\\/www.enduropale-passion.com\\\/touquet\\\/poireau-dor-2013\\\/#breadcrumb\"},\"inLanguage\":\"fr-FR\",\"potentialAction\":[{\"@type\":\"ReadAction\",\"target\":[\"https:\\\/\\\/www.enduropale-passion.com\\\/touquet\\\/poireau-dor-2013\\\/\"]}]},{\"@type\":\"ImageObject\",\"inLanguage\":\"fr-FR\",\"@id\":\"https:\\\/\\\/www.enduropale-passion.com\\\/touquet\\\/poireau-dor-2013\\\/#primaryimage\",\"url\":\"http:\\\/\\\/www.enduropale-passion.com\\\/touquet\\\/wp-content\\\/uploads\\\/2017\\\/12\\\/Fred-NOGUES-apres-la-course.jpg\",\"contentUrl\":\"http:\\\/\\\/www.enduropale-passion.com\\\/touquet\\\/wp-content\\\/uploads\\\/2017\\\/12\\\/Fred-NOGUES-apres-la-course.jpg\"},{\"@type\":\"BreadcrumbList\",\"@id\":\"https:\\\/\\\/www.enduropale-passion.com\\\/touquet\\\/poireau-dor-2013\\\/#breadcrumb\",\"itemListElement\":[{\"@type\":\"ListItem\",\"position\":1,\"name\":\"Accueil\",\"item\":\"https:\\\/\\\/www.enduropale-passion.com\\\/touquet\\\/\"},{\"@type\":\"ListItem\",\"position\":2,\"name\":\"Poireau d&rsquo;or 2013\"}]},{\"@type\":\"WebSite\",\"@id\":\"https:\\\/\\\/www.enduropale-passion.com\\\/touquet\\\/#website\",\"url\":\"https:\\\/\\\/www.enduropale-passion.com\\\/touquet\\\/\",\"name\":\"Enduropale, Quaduro et Vintage 2026\",\"description\":\"Championnat du monde des sables\",\"publisher\":{\"@id\":\"https:\\\/\\\/www.enduropale-passion.com\\\/touquet\\\/#organization\"},\"potentialAction\":[{\"@type\":\"SearchAction\",\"target\":{\"@type\":\"EntryPoint\",\"urlTemplate\":\"https:\\\/\\\/www.enduropale-passion.com\\\/touquet\\\/?s={search_term_string}\"},\"query-input\":{\"@type\":\"PropertyValueSpecification\",\"valueRequired\":true,\"valueName\":\"search_term_string\"}}],\"inLanguage\":\"fr-FR\"},{\"@type\":\"Organization\",\"@id\":\"https:\\\/\\\/www.enduropale-passion.com\\\/touquet\\\/#organization\",\"name\":\"Enduropale Passion\",\"url\":\"https:\\\/\\\/www.enduropale-passion.com\\\/touquet\\\/\",\"logo\":{\"@type\":\"ImageObject\",\"inLanguage\":\"fr-FR\",\"@id\":\"https:\\\/\\\/www.enduropale-passion.com\\\/touquet\\\/#\\\/schema\\\/logo\\\/image\\\/\",\"url\":\"https:\\\/\\\/www.enduropale-passion.com\\\/touquet\\\/wp-content\\\/uploads\\\/2018\\\/01\\\/rect5318a.png\",\"contentUrl\":\"https:\\\/\\\/www.enduropale-passion.com\\\/touquet\\\/wp-content\\\/uploads\\\/2018\\\/01\\\/rect5318a.png\",\"width\":1178,\"height\":389,\"caption\":\"Enduropale Passion\"},\"image\":{\"@id\":\"https:\\\/\\\/www.enduropale-passion.com\\\/touquet\\\/#\\\/schema\\\/logo\\\/image\\\/\"}},{\"@type\":\"Person\",\"@id\":\"https:\\\/\\\/www.enduropale-passion.com\\\/touquet\\\/#\\\/schema\\\/person\\\/d3beef060ca1ae808ca028d5f2f4d3ab\",\"name\":\"jean-marc\",\"image\":{\"@type\":\"ImageObject\",\"inLanguage\":\"fr-FR\",\"@id\":\"https:\\\/\\\/secure.gravatar.com\\\/avatar\\\/da63a71c7b3c891d13f316f979f70f394c40b51eff8683f7ed50dcaf88d1bfc2?s=96&r=g\",\"url\":\"https:\\\/\\\/secure.gravatar.com\\\/avatar\\\/da63a71c7b3c891d13f316f979f70f394c40b51eff8683f7ed50dcaf88d1bfc2?s=96&r=g\",\"contentUrl\":\"https:\\\/\\\/secure.gravatar.com\\\/avatar\\\/da63a71c7b3c891d13f316f979f70f394c40b51eff8683f7ed50dcaf88d1bfc2?s=96&r=g\",\"caption\":\"jean-marc\"}}]}<\/script>\n<!-- \/ Yoast SEO plugin. -->","yoast_head_json":{"title":"Fred\u00e9ric Nogues, le Parisien\u00a0","description":"Fred\u00e9ric Nogues, le Parisien\u00a0le mieux \u00e9quip\u00e9 de tous les temps. quand motivation rime avec professionnalisme!","robots":{"index":"index","follow":"follow","max-snippet":"max-snippet:-1","max-image-preview":"max-image-preview:large","max-video-preview":"max-video-preview:-1"},"canonical":"https:\/\/www.enduropale-passion.com\/touquet\/poireau-dor-2013\/","schema":{"@context":"https:\/\/schema.org","@graph":[{"@type":"NewsArticle","@id":"https:\/\/www.enduropale-passion.com\/touquet\/poireau-dor-2013\/#article","isPartOf":{"@id":"https:\/\/www.enduropale-passion.com\/touquet\/poireau-dor-2013\/"},"author":{"name":"jean-marc","@id":"https:\/\/www.enduropale-passion.com\/touquet\/#\/schema\/person\/d3beef060ca1ae808ca028d5f2f4d3ab"},"headline":"Poireau d&rsquo;or 2013","datePublished":"2017-12-21T14:58:07+00:00","dateModified":"2019-02-12T14:42:07+00:00","mainEntityOfPage":{"@id":"https:\/\/www.enduropale-passion.com\/touquet\/poireau-dor-2013\/"},"wordCount":922,"commentCount":0,"publisher":{"@id":"https:\/\/www.enduropale-passion.com\/touquet\/#organization"},"image":{"@id":"https:\/\/www.enduropale-passion.com\/touquet\/poireau-dor-2013\/#primaryimage"},"thumbnailUrl":"http:\/\/www.enduropale-passion.com\/touquet\/wp-content\/uploads\/2017\/12\/Fred-NOGUES-apres-la-course.jpg","inLanguage":"fr-FR","potentialAction":[{"@type":"CommentAction","name":"Comment","target":["https:\/\/www.enduropale-passion.com\/touquet\/poireau-dor-2013\/#respond"]}]},{"@type":"WebPage","@id":"https:\/\/www.enduropale-passion.com\/touquet\/poireau-dor-2013\/","url":"https:\/\/www.enduropale-passion.com\/touquet\/poireau-dor-2013\/","name":"Fred\u00e9ric Nogues, le Parisien\u00a0","isPartOf":{"@id":"https:\/\/www.enduropale-passion.com\/touquet\/#website"},"primaryImageOfPage":{"@id":"https:\/\/www.enduropale-passion.com\/touquet\/poireau-dor-2013\/#primaryimage"},"image":{"@id":"https:\/\/www.enduropale-passion.com\/touquet\/poireau-dor-2013\/#primaryimage"},"thumbnailUrl":"http:\/\/www.enduropale-passion.com\/touquet\/wp-content\/uploads\/2017\/12\/Fred-NOGUES-apres-la-course.jpg","datePublished":"2017-12-21T14:58:07+00:00","dateModified":"2019-02-12T14:42:07+00:00","description":"Fred\u00e9ric Nogues, le Parisien\u00a0le mieux \u00e9quip\u00e9 de tous les temps. quand motivation rime avec professionnalisme!","breadcrumb":{"@id":"https:\/\/www.enduropale-passion.com\/touquet\/poireau-dor-2013\/#breadcrumb"},"inLanguage":"fr-FR","potentialAction":[{"@type":"ReadAction","target":["https:\/\/www.enduropale-passion.com\/touquet\/poireau-dor-2013\/"]}]},{"@type":"ImageObject","inLanguage":"fr-FR","@id":"https:\/\/www.enduropale-passion.com\/touquet\/poireau-dor-2013\/#primaryimage","url":"http:\/\/www.enduropale-passion.com\/touquet\/wp-content\/uploads\/2017\/12\/Fred-NOGUES-apres-la-course.jpg","contentUrl":"http:\/\/www.enduropale-passion.com\/touquet\/wp-content\/uploads\/2017\/12\/Fred-NOGUES-apres-la-course.jpg"},{"@type":"BreadcrumbList","@id":"https:\/\/www.enduropale-passion.com\/touquet\/poireau-dor-2013\/#breadcrumb","itemListElement":[{"@type":"ListItem","position":1,"name":"Accueil","item":"https:\/\/www.enduropale-passion.com\/touquet\/"},{"@type":"ListItem","position":2,"name":"Poireau d&rsquo;or 2013"}]},{"@type":"WebSite","@id":"https:\/\/www.enduropale-passion.com\/touquet\/#website","url":"https:\/\/www.enduropale-passion.com\/touquet\/","name":"Enduropale, Quaduro et Vintage 2026","description":"Championnat du monde des sables","publisher":{"@id":"https:\/\/www.enduropale-passion.com\/touquet\/#organization"},"potentialAction":[{"@type":"SearchAction","target":{"@type":"EntryPoint","urlTemplate":"https:\/\/www.enduropale-passion.com\/touquet\/?s={search_term_string}"},"query-input":{"@type":"PropertyValueSpecification","valueRequired":true,"valueName":"search_term_string"}}],"inLanguage":"fr-FR"},{"@type":"Organization","@id":"https:\/\/www.enduropale-passion.com\/touquet\/#organization","name":"Enduropale Passion","url":"https:\/\/www.enduropale-passion.com\/touquet\/","logo":{"@type":"ImageObject","inLanguage":"fr-FR","@id":"https:\/\/www.enduropale-passion.com\/touquet\/#\/schema\/logo\/image\/","url":"https:\/\/www.enduropale-passion.com\/touquet\/wp-content\/uploads\/2018\/01\/rect5318a.png","contentUrl":"https:\/\/www.enduropale-passion.com\/touquet\/wp-content\/uploads\/2018\/01\/rect5318a.png","width":1178,"height":389,"caption":"Enduropale Passion"},"image":{"@id":"https:\/\/www.enduropale-passion.com\/touquet\/#\/schema\/logo\/image\/"}},{"@type":"Person","@id":"https:\/\/www.enduropale-passion.com\/touquet\/#\/schema\/person\/d3beef060ca1ae808ca028d5f2f4d3ab","name":"jean-marc","image":{"@type":"ImageObject","inLanguage":"fr-FR","@id":"https:\/\/secure.gravatar.com\/avatar\/da63a71c7b3c891d13f316f979f70f394c40b51eff8683f7ed50dcaf88d1bfc2?s=96&r=g","url":"https:\/\/secure.gravatar.com\/avatar\/da63a71c7b3c891d13f316f979f70f394c40b51eff8683f7ed50dcaf88d1bfc2?s=96&r=g","contentUrl":"https:\/\/secure.gravatar.com\/avatar\/da63a71c7b3c891d13f316f979f70f394c40b51eff8683f7ed50dcaf88d1bfc2?s=96&r=g","caption":"jean-marc"}}]}},"_links":{"self":[{"href":"https:\/\/www.enduropale-passion.com\/touquet\/wp-json\/wp\/v2\/pages\/243","targetHints":{"allow":["GET"]}}],"collection":[{"href":"https:\/\/www.enduropale-passion.com\/touquet\/wp-json\/wp\/v2\/pages"}],"about":[{"href":"https:\/\/www.enduropale-passion.com\/touquet\/wp-json\/wp\/v2\/types\/page"}],"author":[{"embeddable":true,"href":"https:\/\/www.enduropale-passion.com\/touquet\/wp-json\/wp\/v2\/users\/1"}],"replies":[{"embeddable":true,"href":"https:\/\/www.enduropale-passion.com\/touquet\/wp-json\/wp\/v2\/comments?post=243"}],"version-history":[{"count":0,"href":"https:\/\/www.enduropale-passion.com\/touquet\/wp-json\/wp\/v2\/pages\/243\/revisions"}],"wp:attachment":[{"href":"https:\/\/www.enduropale-passion.com\/touquet\/wp-json\/wp\/v2\/media?parent=243"}],"curies":[{"name":"wp","href":"https:\/\/api.w.org\/{rel}","templated":true}]}}