{"id":245,"date":"2017-12-21T15:58:19","date_gmt":"2017-12-21T14:58:19","guid":{"rendered":"http:\/\/www.enduropale-passion.com\/touquet\/?page_id=245"},"modified":"2019-02-12T15:42:01","modified_gmt":"2019-02-12T14:42:01","slug":"poireau-dor-2014","status":"publish","type":"page","link":"https:\/\/www.enduropale-passion.com\/touquet\/poireau-dor-2014\/","title":{"rendered":"Poireau d&rsquo;or 2014"},"content":{"rendered":"<div>\n<h1 class=\"Style1\" align=\"center\">Poireau d&rsquo;or 2014 : Julien Delcuse \u00ab\u00a0J&rsquo;ai l&rsquo;Enduropale \u00e0 l&rsquo;int\u00e9rieur de moi\u00a0\u00bb<\/h1>\n<p>C&rsquo;est le num\u00e9ro 232 de cette \u00e9dition 2014, alias Julien Delcuse qui a attir\u00e9 notre attention pour sa poiritude* assum\u00e9e. Une course fantastique pour ce pilote \u00e9m\u00e9rite, qui n&rsquo;a pas d\u00e9m\u00e9rit\u00e9 en d\u00e9crochant une magnifique disqualification en bonne et due forme.<\/p>\n<\/div>\n<div>On notera au passage le visage ensabl\u00e9 de notre vainqueur qui aurait d\u00e9clar\u00e9 \u00e0 la presse : \u00ab\u00a0J&rsquo;ai l&rsquo;Enduropale \u00e0 l&rsquo;int\u00e9rieur de moi\u00a0\u00bb. Enfin on rel\u00e8vera la beaut\u00e9 du cadrage de nos photos, subtilement\u00a0 \u00e0 la hauteur de l&rsquo;\u00e9v\u00e8nement !<\/div>\n<p>*Poiritude : aptitude prompte et volontaire \u00e0 tenir le r\u00f4le de poireau jusqu&rsquo;au bout.<\/p>\n<div id='gallery-1' class='gallery galleryid-245 gallery-columns-3 gallery-size-thumbnail'><figure class='gallery-item'>\n\t\t\t<div class='gallery-icon landscape'>\n\t\t\t\t<a href='https:\/\/www.enduropale-passion.com\/touquet\/poireau-dor-2014\/julien-delcuse-berck-moto-club-dsq-1\/'><img loading=\"lazy\" decoding=\"async\" width=\"200\" height=\"150\" src=\"https:\/\/www.enduropale-passion.com\/touquet\/wp-content\/uploads\/2017\/12\/Julien-Delcuse-Berck-Moto-club-DSQ-1-200x150.jpg\" class=\"attachment-thumbnail size-thumbnail\" alt=\"\" \/><\/a>\n\t\t\t<\/div><\/figure><figure class='gallery-item'>\n\t\t\t<div class='gallery-icon landscape'>\n\t\t\t\t<a href='https:\/\/www.enduropale-passion.com\/touquet\/poireau-dor-2014\/julien-delcuse-berck-moto-club-dsq-2\/'><img loading=\"lazy\" decoding=\"async\" width=\"200\" height=\"150\" src=\"https:\/\/www.enduropale-passion.com\/touquet\/wp-content\/uploads\/2017\/12\/Julien-Delcuse-Berck-Moto-club-DSQ-2-200x150.jpg\" class=\"attachment-thumbnail size-thumbnail\" alt=\"\" \/><\/a>\n\t\t\t<\/div><\/figure><figure class='gallery-item'>\n\t\t\t<div class='gallery-icon portrait'>\n\t\t\t\t<a href='https:\/\/www.enduropale-passion.com\/touquet\/poireau-dor-2014\/julien-delcuse-berck-moto-club-dsq-3\/'><img loading=\"lazy\" decoding=\"async\" width=\"200\" height=\"150\" src=\"https:\/\/www.enduropale-passion.com\/touquet\/wp-content\/uploads\/2017\/12\/Julien-Delcuse-Berck-Moto-club-DSQ-3-200x150.jpg\" class=\"attachment-thumbnail size-thumbnail\" alt=\"\" srcset=\"https:\/\/www.enduropale-passion.com\/touquet\/wp-content\/uploads\/2017\/12\/Julien-Delcuse-Berck-Moto-club-DSQ-3-200x150.jpg 200w, https:\/\/www.enduropale-passion.com\/touquet\/wp-content\/uploads\/2017\/12\/Julien-Delcuse-Berck-Moto-club-DSQ-3-1200x900-cropped.jpg 1200w\" sizes=\"auto, (max-width: 200px) 100vw, 200px\" \/><\/a>\n\t\t\t<\/div><\/figure>\n\t\t<\/div>\n\n","protected":false},"excerpt":{"rendered":"<p>Poireau d&rsquo;or 2014 : Julien Delcuse \u00ab\u00a0J&rsquo;ai l&rsquo;Enduropale \u00e0 l&rsquo;int\u00e9rieur de moi\u00a0\u00bb C&rsquo;est le num\u00e9ro 232 de cette \u00e9dition 2014, alias Julien Delcuse qui a attir\u00e9 notre attention pour sa poiritude* assum\u00e9e. Une course fantastique pour ce pilote \u00e9m\u00e9rite, qui n&rsquo;a pas d\u00e9m\u00e9rit\u00e9 en d\u00e9crochant une magnifique disqualification en bonne et due forme. On notera [&hellip;]<\/p>\n","protected":false},"author":1,"featured_media":0,"parent":0,"menu_order":0,"comment_status":"open","ping_status":"closed","template":"","meta":{"site-sidebar-layout":"default","site-content-layout":"","ast-site-content-layout":"","site-content-style":"default","site-sidebar-style":"default","ast-global-header-display":"","ast-banner-title-visibility":"","ast-main-header-display":"","ast-hfb-above-header-display":"","ast-hfb-below-header-display":"","ast-hfb-mobile-header-display":"","site-post-title":"","ast-breadcrumbs-content":"","ast-featured-img":"","footer-sml-layout":"","theme-transparent-header-meta":"","adv-header-id-meta":"","stick-header-meta":"","header-above-stick-meta":"","header-main-stick-meta":"","header-below-stick-meta":"","astra-migrate-meta-layouts":"default","ast-page-background-enabled":"default","ast-page-background-meta":{"desktop":{"background-color":"var(--ast-global-color-4)","background-image":"","background-repeat":"repeat","background-position":"center center","background-size":"auto","background-attachment":"scroll","background-type":"","background-media":"","overlay-type":"","overlay-color":"","overlay-opacity":"","overlay-gradient":""},"tablet":{"background-color":"","background-image":"","background-repeat":"repeat","background-position":"center center","background-size":"auto","background-attachment":"scroll","background-type":"","background-media":"","overlay-type":"","overlay-color":"","overlay-opacity":"","overlay-gradient":""},"mobile":{"background-color":"","background-image":"","background-repeat":"repeat","background-position":"center center","background-size":"auto","background-attachment":"scroll","background-type":"","background-media":"","overlay-type":"","overlay-color":"","overlay-opacity":"","overlay-gradient":""}},"ast-content-background-meta":{"desktop":{"background-color":"var(--ast-global-color-5)","background-image":"","background-repeat":"repeat","background-position":"center center","background-size":"auto","background-attachment":"scroll","background-type":"","background-media":"","overlay-type":"","overlay-color":"","overlay-opacity":"","overlay-gradient":""},"tablet":{"background-color":"var(--ast-global-color-5)","background-image":"","background-repeat":"repeat","background-position":"center center","background-size":"auto","background-attachment":"scroll","background-type":"","background-media":"","overlay-type":"","overlay-color":"","overlay-opacity":"","overlay-gradient":""},"mobile":{"background-color":"var(--ast-global-color-5)","background-image":"","background-repeat":"repeat","background-position":"center center","background-size":"auto","background-attachment":"scroll","background-type":"","background-media":"","overlay-type":"","overlay-color":"","overlay-opacity":"","overlay-gradient":""}},"footnotes":""},"class_list":["post-245","page","type-page","status-publish","hentry"],"yoast_head":"<!-- This site is optimized with the Yoast SEO plugin v27.5 - https:\/\/yoast.com\/product\/yoast-seo-wordpress\/ -->\n<title>Poireau d&#039;or 2014 : Julien Delcuse<\/title>\n<meta name=\"description\" content=\"Poireau d&#039;or 2014 : Julien Delcuse d\u00e9clare pouvoir d\u00e9passer tout le monde, mais il se laisse un peu de motivation pour continuer le plus loin possible, voire m\u00eame boucler un tout complet.\" \/>\n<meta name=\"robots\" content=\"index, follow, max-snippet:-1, max-image-preview:large, max-video-preview:-1\" \/>\n<link rel=\"canonical\" href=\"https:\/\/www.enduropale-passion.com\/touquet\/poireau-dor-2014\/\" \/>\n<script type=\"application\/ld+json\" class=\"yoast-schema-graph\">{\"@context\":\"https:\\\/\\\/schema.org\",\"@graph\":[{\"@type\":\"NewsArticle\",\"@id\":\"https:\\\/\\\/www.enduropale-passion.com\\\/touquet\\\/poireau-dor-2014\\\/#article\",\"isPartOf\":{\"@id\":\"https:\\\/\\\/www.enduropale-passion.com\\\/touquet\\\/poireau-dor-2014\\\/\"},\"author\":{\"name\":\"jean-marc\",\"@id\":\"https:\\\/\\\/www.enduropale-passion.com\\\/touquet\\\/#\\\/schema\\\/person\\\/d3beef060ca1ae808ca028d5f2f4d3ab\"},\"headline\":\"Poireau d&rsquo;or 2014\",\"datePublished\":\"2017-12-21T14:58:19+00:00\",\"dateModified\":\"2019-02-12T14:42:01+00:00\",\"mainEntityOfPage\":{\"@id\":\"https:\\\/\\\/www.enduropale-passion.com\\\/touquet\\\/poireau-dor-2014\\\/\"},\"wordCount\":123,\"commentCount\":0,\"publisher\":{\"@id\":\"https:\\\/\\\/www.enduropale-passion.com\\\/touquet\\\/#organization\"},\"inLanguage\":\"fr-FR\",\"potentialAction\":[{\"@type\":\"CommentAction\",\"name\":\"Comment\",\"target\":[\"https:\\\/\\\/www.enduropale-passion.com\\\/touquet\\\/poireau-dor-2014\\\/#respond\"]}]},{\"@type\":\"WebPage\",\"@id\":\"https:\\\/\\\/www.enduropale-passion.com\\\/touquet\\\/poireau-dor-2014\\\/\",\"url\":\"https:\\\/\\\/www.enduropale-passion.com\\\/touquet\\\/poireau-dor-2014\\\/\",\"name\":\"Poireau d'or 2014 : Julien Delcuse\",\"isPartOf\":{\"@id\":\"https:\\\/\\\/www.enduropale-passion.com\\\/touquet\\\/#website\"},\"datePublished\":\"2017-12-21T14:58:19+00:00\",\"dateModified\":\"2019-02-12T14:42:01+00:00\",\"description\":\"Poireau d'or 2014 : Julien Delcuse d\u00e9clare pouvoir d\u00e9passer tout le monde, mais il se laisse un peu de motivation pour continuer le plus loin possible, voire m\u00eame boucler un tout complet.\",\"breadcrumb\":{\"@id\":\"https:\\\/\\\/www.enduropale-passion.com\\\/touquet\\\/poireau-dor-2014\\\/#breadcrumb\"},\"inLanguage\":\"fr-FR\",\"potentialAction\":[{\"@type\":\"ReadAction\",\"target\":[\"https:\\\/\\\/www.enduropale-passion.com\\\/touquet\\\/poireau-dor-2014\\\/\"]}]},{\"@type\":\"BreadcrumbList\",\"@id\":\"https:\\\/\\\/www.enduropale-passion.com\\\/touquet\\\/poireau-dor-2014\\\/#breadcrumb\",\"itemListElement\":[{\"@type\":\"ListItem\",\"position\":1,\"name\":\"Accueil\",\"item\":\"https:\\\/\\\/www.enduropale-passion.com\\\/touquet\\\/\"},{\"@type\":\"ListItem\",\"position\":2,\"name\":\"Poireau d&rsquo;or 2014\"}]},{\"@type\":\"WebSite\",\"@id\":\"https:\\\/\\\/www.enduropale-passion.com\\\/touquet\\\/#website\",\"url\":\"https:\\\/\\\/www.enduropale-passion.com\\\/touquet\\\/\",\"name\":\"Enduropale, Quaduro et Vintage 2026\",\"description\":\"Championnat du monde des sables\",\"publisher\":{\"@id\":\"https:\\\/\\\/www.enduropale-passion.com\\\/touquet\\\/#organization\"},\"potentialAction\":[{\"@type\":\"SearchAction\",\"target\":{\"@type\":\"EntryPoint\",\"urlTemplate\":\"https:\\\/\\\/www.enduropale-passion.com\\\/touquet\\\/?s={search_term_string}\"},\"query-input\":{\"@type\":\"PropertyValueSpecification\",\"valueRequired\":true,\"valueName\":\"search_term_string\"}}],\"inLanguage\":\"fr-FR\"},{\"@type\":\"Organization\",\"@id\":\"https:\\\/\\\/www.enduropale-passion.com\\\/touquet\\\/#organization\",\"name\":\"Enduropale Passion\",\"url\":\"https:\\\/\\\/www.enduropale-passion.com\\\/touquet\\\/\",\"logo\":{\"@type\":\"ImageObject\",\"inLanguage\":\"fr-FR\",\"@id\":\"https:\\\/\\\/www.enduropale-passion.com\\\/touquet\\\/#\\\/schema\\\/logo\\\/image\\\/\",\"url\":\"https:\\\/\\\/www.enduropale-passion.com\\\/touquet\\\/wp-content\\\/uploads\\\/2018\\\/01\\\/rect5318a.png\",\"contentUrl\":\"https:\\\/\\\/www.enduropale-passion.com\\\/touquet\\\/wp-content\\\/uploads\\\/2018\\\/01\\\/rect5318a.png\",\"width\":1178,\"height\":389,\"caption\":\"Enduropale Passion\"},\"image\":{\"@id\":\"https:\\\/\\\/www.enduropale-passion.com\\\/touquet\\\/#\\\/schema\\\/logo\\\/image\\\/\"}},{\"@type\":\"Person\",\"@id\":\"https:\\\/\\\/www.enduropale-passion.com\\\/touquet\\\/#\\\/schema\\\/person\\\/d3beef060ca1ae808ca028d5f2f4d3ab\",\"name\":\"jean-marc\",\"image\":{\"@type\":\"ImageObject\",\"inLanguage\":\"fr-FR\",\"@id\":\"https:\\\/\\\/secure.gravatar.com\\\/avatar\\\/da63a71c7b3c891d13f316f979f70f394c40b51eff8683f7ed50dcaf88d1bfc2?s=96&r=g\",\"url\":\"https:\\\/\\\/secure.gravatar.com\\\/avatar\\\/da63a71c7b3c891d13f316f979f70f394c40b51eff8683f7ed50dcaf88d1bfc2?s=96&r=g\",\"contentUrl\":\"https:\\\/\\\/secure.gravatar.com\\\/avatar\\\/da63a71c7b3c891d13f316f979f70f394c40b51eff8683f7ed50dcaf88d1bfc2?s=96&r=g\",\"caption\":\"jean-marc\"}}]}<\/script>\n<!-- \/ Yoast SEO plugin. -->","yoast_head_json":{"title":"Poireau d'or 2014 : Julien Delcuse","description":"Poireau d'or 2014 : Julien Delcuse d\u00e9clare pouvoir d\u00e9passer tout le monde, mais il se laisse un peu de motivation pour continuer le plus loin possible, voire m\u00eame boucler un tout complet.","robots":{"index":"index","follow":"follow","max-snippet":"max-snippet:-1","max-image-preview":"max-image-preview:large","max-video-preview":"max-video-preview:-1"},"canonical":"https:\/\/www.enduropale-passion.com\/touquet\/poireau-dor-2014\/","schema":{"@context":"https:\/\/schema.org","@graph":[{"@type":"NewsArticle","@id":"https:\/\/www.enduropale-passion.com\/touquet\/poireau-dor-2014\/#article","isPartOf":{"@id":"https:\/\/www.enduropale-passion.com\/touquet\/poireau-dor-2014\/"},"author":{"name":"jean-marc","@id":"https:\/\/www.enduropale-passion.com\/touquet\/#\/schema\/person\/d3beef060ca1ae808ca028d5f2f4d3ab"},"headline":"Poireau d&rsquo;or 2014","datePublished":"2017-12-21T14:58:19+00:00","dateModified":"2019-02-12T14:42:01+00:00","mainEntityOfPage":{"@id":"https:\/\/www.enduropale-passion.com\/touquet\/poireau-dor-2014\/"},"wordCount":123,"commentCount":0,"publisher":{"@id":"https:\/\/www.enduropale-passion.com\/touquet\/#organization"},"inLanguage":"fr-FR","potentialAction":[{"@type":"CommentAction","name":"Comment","target":["https:\/\/www.enduropale-passion.com\/touquet\/poireau-dor-2014\/#respond"]}]},{"@type":"WebPage","@id":"https:\/\/www.enduropale-passion.com\/touquet\/poireau-dor-2014\/","url":"https:\/\/www.enduropale-passion.com\/touquet\/poireau-dor-2014\/","name":"Poireau d'or 2014 : Julien Delcuse","isPartOf":{"@id":"https:\/\/www.enduropale-passion.com\/touquet\/#website"},"datePublished":"2017-12-21T14:58:19+00:00","dateModified":"2019-02-12T14:42:01+00:00","description":"Poireau d'or 2014 : Julien Delcuse d\u00e9clare pouvoir d\u00e9passer tout le monde, mais il se laisse un peu de motivation pour continuer le plus loin possible, voire m\u00eame boucler un tout complet.","breadcrumb":{"@id":"https:\/\/www.enduropale-passion.com\/touquet\/poireau-dor-2014\/#breadcrumb"},"inLanguage":"fr-FR","potentialAction":[{"@type":"ReadAction","target":["https:\/\/www.enduropale-passion.com\/touquet\/poireau-dor-2014\/"]}]},{"@type":"BreadcrumbList","@id":"https:\/\/www.enduropale-passion.com\/touquet\/poireau-dor-2014\/#breadcrumb","itemListElement":[{"@type":"ListItem","position":1,"name":"Accueil","item":"https:\/\/www.enduropale-passion.com\/touquet\/"},{"@type":"ListItem","position":2,"name":"Poireau d&rsquo;or 2014"}]},{"@type":"WebSite","@id":"https:\/\/www.enduropale-passion.com\/touquet\/#website","url":"https:\/\/www.enduropale-passion.com\/touquet\/","name":"Enduropale, Quaduro et Vintage 2026","description":"Championnat du monde des sables","publisher":{"@id":"https:\/\/www.enduropale-passion.com\/touquet\/#organization"},"potentialAction":[{"@type":"SearchAction","target":{"@type":"EntryPoint","urlTemplate":"https:\/\/www.enduropale-passion.com\/touquet\/?s={search_term_string}"},"query-input":{"@type":"PropertyValueSpecification","valueRequired":true,"valueName":"search_term_string"}}],"inLanguage":"fr-FR"},{"@type":"Organization","@id":"https:\/\/www.enduropale-passion.com\/touquet\/#organization","name":"Enduropale Passion","url":"https:\/\/www.enduropale-passion.com\/touquet\/","logo":{"@type":"ImageObject","inLanguage":"fr-FR","@id":"https:\/\/www.enduropale-passion.com\/touquet\/#\/schema\/logo\/image\/","url":"https:\/\/www.enduropale-passion.com\/touquet\/wp-content\/uploads\/2018\/01\/rect5318a.png","contentUrl":"https:\/\/www.enduropale-passion.com\/touquet\/wp-content\/uploads\/2018\/01\/rect5318a.png","width":1178,"height":389,"caption":"Enduropale Passion"},"image":{"@id":"https:\/\/www.enduropale-passion.com\/touquet\/#\/schema\/logo\/image\/"}},{"@type":"Person","@id":"https:\/\/www.enduropale-passion.com\/touquet\/#\/schema\/person\/d3beef060ca1ae808ca028d5f2f4d3ab","name":"jean-marc","image":{"@type":"ImageObject","inLanguage":"fr-FR","@id":"https:\/\/secure.gravatar.com\/avatar\/da63a71c7b3c891d13f316f979f70f394c40b51eff8683f7ed50dcaf88d1bfc2?s=96&r=g","url":"https:\/\/secure.gravatar.com\/avatar\/da63a71c7b3c891d13f316f979f70f394c40b51eff8683f7ed50dcaf88d1bfc2?s=96&r=g","contentUrl":"https:\/\/secure.gravatar.com\/avatar\/da63a71c7b3c891d13f316f979f70f394c40b51eff8683f7ed50dcaf88d1bfc2?s=96&r=g","caption":"jean-marc"}}]}},"_links":{"self":[{"href":"https:\/\/www.enduropale-passion.com\/touquet\/wp-json\/wp\/v2\/pages\/245","targetHints":{"allow":["GET"]}}],"collection":[{"href":"https:\/\/www.enduropale-passion.com\/touquet\/wp-json\/wp\/v2\/pages"}],"about":[{"href":"https:\/\/www.enduropale-passion.com\/touquet\/wp-json\/wp\/v2\/types\/page"}],"author":[{"embeddable":true,"href":"https:\/\/www.enduropale-passion.com\/touquet\/wp-json\/wp\/v2\/users\/1"}],"replies":[{"embeddable":true,"href":"https:\/\/www.enduropale-passion.com\/touquet\/wp-json\/wp\/v2\/comments?post=245"}],"version-history":[{"count":0,"href":"https:\/\/www.enduropale-passion.com\/touquet\/wp-json\/wp\/v2\/pages\/245\/revisions"}],"wp:attachment":[{"href":"https:\/\/www.enduropale-passion.com\/touquet\/wp-json\/wp\/v2\/media?parent=245"}],"curies":[{"name":"wp","href":"https:\/\/api.w.org\/{rel}","templated":true}]}}