{"id":254,"date":"2017-12-21T16:05:38","date_gmt":"2017-12-21T15:05:38","guid":{"rendered":"http:\/\/www.enduropale-passion.com\/touquet\/?page_id=254"},"modified":"2026-02-02T10:39:29","modified_gmt":"2026-02-02T09:39:29","slug":"poireau-dor-2016-charles-lehmann","status":"publish","type":"page","link":"https:\/\/www.enduropale-passion.com\/touquet\/poireau-dor-2016-charles-lehmann\/","title":{"rendered":"Poireau d&rsquo;or 2016"},"content":{"rendered":"<h1><span class=\"Style1\">Charles Lehmann, 77 ans, 11eme Enduropale du Touquet, Poireau d&rsquo;or 2016.<\/span><\/h1>\n<h2 style=\"text-align: left;\" align=\"center\">Nous ne pouvions clore l&rsquo;\u00e9dition 2016 sans rendre hommage \u00e0 un illustre poireau : Charles Lehmann, \u00ab\u00a0Chalo\u00a0\u00bb 77 ans (78 en juin 2016).<\/h2>\n<p align=\"left\"><a href=\"https:\/\/www.enduropale-passion.com\/touquet\/wp-content\/uploads\/2017\/12\/Charles-Lehmann-4.jpg\"><img loading=\"lazy\" decoding=\"async\" class=\"alignleft wp-image-262 size-medium\" src=\"https:\/\/www.enduropale-passion.com\/touquet\/wp-content\/uploads\/2017\/12\/Charles-Lehmann-4-300x200.jpg\" alt=\"\" width=\"300\" height=\"200\" srcset=\"https:\/\/www.enduropale-passion.com\/touquet\/wp-content\/uploads\/2017\/12\/Charles-Lehmann-4-300x200.jpg 300w, https:\/\/www.enduropale-passion.com\/touquet\/wp-content\/uploads\/2017\/12\/Charles-Lehmann-4-768x512.jpg 768w, https:\/\/www.enduropale-passion.com\/touquet\/wp-content\/uploads\/2017\/12\/Charles-Lehmann-4-1400x933.jpg 1400w, https:\/\/www.enduropale-passion.com\/touquet\/wp-content\/uploads\/2017\/12\/Charles-Lehmann-4-1320x880.jpg 1320w, https:\/\/www.enduropale-passion.com\/touquet\/wp-content\/uploads\/2017\/12\/Charles-Lehmann-4.jpg 2000w\" sizes=\"auto, (max-width: 300px) 100vw, 300px\" \/><\/a>Il s&rsquo;arr\u00eate devant nous, pose ses lunettes ensabl\u00e9es, enl\u00e8ve son casque tel un gladiateur du futur et nous d\u00e9croche un sourire vainqueur : \u00ab\u00a0C&rsquo;est mon dernier les gamins, j&rsquo;ai r\u00e9ussi \u00e0 boucler un tour, je n&rsquo;en reviens m\u00eame pas !\u00a0\u00bb.<br \/>\nLe poing lev\u00e9 notre num\u00e9ro 778 qui s&rsquo;est entrain\u00e9 toute l&rsquo;ann\u00e9e sur sa KTM \u00e0 Lauterbourg, dans le Bas-Rhin, ne se repr\u00e9sentera plus l&rsquo;ann\u00e9e prochaine. \u00ab\u00a0C&rsquo;est trop dur et on tombe trop&#8230;\u00a0\u00bb nous confit-il.<br \/>\nMais quel plaisir d&rsquo;\u00e9changer quelques mots avec lui ! Son regard s&rsquo;illumine lorsqu&rsquo;on lui explique l&rsquo;avoir vu dans un reportage le matin \u00e0 la t\u00e9l\u00e9vision: \u00ab\u00a0ahhh ! vous avez vu mon parcours d&rsquo;entrainement alors ! super !\u00a0\u00bb<\/p>\n<div>Il nous explique qu&rsquo;amoureux de la course, il n&rsquo;h\u00e9site pas \u00e0 faire chaque ann\u00e9e le tr\u00e8s long d\u00e9placement d&rsquo;Alsace avec son vieux camion, plant\u00e9 \u00e0 Stella-Plage o\u00f9 sa femme l&rsquo;attend. Il venait d&rsquo;ailleurs juste de l&rsquo;appeler pour la rassurer.<br \/>\nNous ne nous privons pas de lui confier notre joie et notre \u00e9motion de le rencontrer, l\u00e0 comme \u00e7a, seul sur la plage&#8230;contemplant le spectacle.<br \/>\nAlors au moment de se quitter, nous lui proposons de poser pour Enduropale-passion le poing lev\u00e9 \u00e0 l&rsquo;endroit o\u00f9 sa carri\u00e8re Touquettoise venait de s&rsquo;arr\u00eater.<br \/>\nSacr\u00e9 Monsieur Lehmann. L&rsquo;an prochain, il sera l\u00e0 en spectateur, quelle sant\u00e9 ! Bravo !<\/div>\n<blockquote><p>Chalo est \u00ab\u00a0support\u00e9\u00a0\u00bb par son \u00e9ternelle associ\u00e9e, H\u00e9l\u00e8ne, que nous saluons au passage pour son engagement !<br \/>\nMention sp\u00e9ciale \u00e9galement aux yeux \u00e9bahis de Corentin Poiret, 12 ans, qui a fait le r\u00eave pr\u00e9monitoire de remporter l&rsquo;Enduropale en 2030 ! Sois tranquille Charles : la rel\u00e8ve est assur\u00e9e !<\/p><\/blockquote>\n<div id='gallery-1' class='gallery galleryid-254 gallery-columns-3 gallery-size-thumbnail'><figure class='gallery-item'>\n\t\t\t<div class='gallery-icon landscape'>\n\t\t\t\t<a href='https:\/\/www.enduropale-passion.com\/touquet\/wp-content\/uploads\/2017\/12\/Charles-Lehmann-1.jpg'><img loading=\"lazy\" decoding=\"async\" width=\"200\" height=\"150\" src=\"https:\/\/www.enduropale-passion.com\/touquet\/wp-content\/uploads\/2017\/12\/Charles-Lehmann-1-200x150.jpg\" class=\"attachment-thumbnail size-thumbnail\" alt=\"\" srcset=\"https:\/\/www.enduropale-passion.com\/touquet\/wp-content\/uploads\/2017\/12\/Charles-Lehmann-1-200x150.jpg 200w, https:\/\/www.enduropale-passion.com\/touquet\/wp-content\/uploads\/2017\/12\/Charles-Lehmann-1-300x225.jpg 300w, https:\/\/www.enduropale-passion.com\/touquet\/wp-content\/uploads\/2017\/12\/Charles-Lehmann-1-768x576.jpg 768w, https:\/\/www.enduropale-passion.com\/touquet\/wp-content\/uploads\/2017\/12\/Charles-Lehmann-1-1365x1024.jpg 1365w, https:\/\/www.enduropale-passion.com\/touquet\/wp-content\/uploads\/2017\/12\/Charles-Lehmann-1-1320x990.jpg 1320w, https:\/\/www.enduropale-passion.com\/touquet\/wp-content\/uploads\/2017\/12\/Charles-Lehmann-1.jpg 1600w\" sizes=\"auto, (max-width: 200px) 100vw, 200px\" \/><\/a>\n\t\t\t<\/div><\/figure><figure class='gallery-item'>\n\t\t\t<div class='gallery-icon landscape'>\n\t\t\t\t<a href='https:\/\/www.enduropale-passion.com\/touquet\/wp-content\/uploads\/2017\/12\/Charles-Lehmann-2.jpg'><img loading=\"lazy\" decoding=\"async\" width=\"200\" height=\"150\" src=\"https:\/\/www.enduropale-passion.com\/touquet\/wp-content\/uploads\/2017\/12\/Charles-Lehmann-2-200x150.jpg\" class=\"attachment-thumbnail size-thumbnail\" alt=\"\" \/><\/a>\n\t\t\t<\/div><\/figure><figure class='gallery-item'>\n\t\t\t<div class='gallery-icon portrait'>\n\t\t\t\t<a href='https:\/\/www.enduropale-passion.com\/touquet\/wp-content\/uploads\/2017\/12\/Charles-Lehmann-3.jpg'><img loading=\"lazy\" decoding=\"async\" width=\"200\" height=\"150\" src=\"https:\/\/www.enduropale-passion.com\/touquet\/wp-content\/uploads\/2017\/12\/Charles-Lehmann-3-200x150.jpg\" class=\"attachment-thumbnail size-thumbnail\" alt=\"\" \/><\/a>\n\t\t\t<\/div><\/figure><figure class='gallery-item'>\n\t\t\t<div class='gallery-icon landscape'>\n\t\t\t\t<a href='https:\/\/www.enduropale-passion.com\/touquet\/wp-content\/uploads\/2017\/12\/Charles-Lehmann-4-1.jpg'><img loading=\"lazy\" decoding=\"async\" width=\"200\" height=\"150\" src=\"https:\/\/www.enduropale-passion.com\/touquet\/wp-content\/uploads\/2017\/12\/Charles-Lehmann-4-1-200x150.jpg\" class=\"attachment-thumbnail size-thumbnail\" alt=\"\" srcset=\"https:\/\/www.enduropale-passion.com\/touquet\/wp-content\/uploads\/2017\/12\/Charles-Lehmann-4-1-200x150.jpg 200w, https:\/\/www.enduropale-passion.com\/touquet\/wp-content\/uploads\/2017\/12\/Charles-Lehmann-4-1-1200x900-cropped.jpg 1200w\" sizes=\"auto, (max-width: 200px) 100vw, 200px\" \/><\/a>\n\t\t\t<\/div><\/figure>\n\t\t<\/div>\n\n","protected":false},"excerpt":{"rendered":"<p>Charles Lehmann, 77 ans, 11eme Enduropale du Touquet, Poireau d&rsquo;or 2016. Nous ne pouvions clore l&rsquo;\u00e9dition 2016 sans rendre hommage \u00e0 un illustre poireau : Charles Lehmann, \u00ab\u00a0Chalo\u00a0\u00bb 77 ans (78 en juin 2016). Il s&rsquo;arr\u00eate devant nous, pose ses lunettes ensabl\u00e9es, enl\u00e8ve son casque tel un gladiateur du futur et nous d\u00e9croche un sourire [&hellip;]<\/p>\n","protected":false},"author":1,"featured_media":0,"parent":0,"menu_order":0,"comment_status":"open","ping_status":"closed","template":"","meta":{"site-sidebar-layout":"default","site-content-layout":"","ast-site-content-layout":"default","site-content-style":"default","site-sidebar-style":"default","ast-global-header-display":"","ast-banner-title-visibility":"","ast-main-header-display":"","ast-hfb-above-header-display":"","ast-hfb-below-header-display":"","ast-hfb-mobile-header-display":"","site-post-title":"","ast-breadcrumbs-content":"","ast-featured-img":"","footer-sml-layout":"","theme-transparent-header-meta":"default","adv-header-id-meta":"","stick-header-meta":"","header-above-stick-meta":"","header-main-stick-meta":"","header-below-stick-meta":"","astra-migrate-meta-layouts":"set","ast-page-background-enabled":"default","ast-page-background-meta":{"desktop":{"background-color":"var(--ast-global-color-4)","background-image":"","background-repeat":"repeat","background-position":"center center","background-size":"auto","background-attachment":"scroll","background-type":"","background-media":"","overlay-type":"","overlay-color":"","overlay-opacity":"","overlay-gradient":""},"tablet":{"background-color":"","background-image":"","background-repeat":"repeat","background-position":"center center","background-size":"auto","background-attachment":"scroll","background-type":"","background-media":"","overlay-type":"","overlay-color":"","overlay-opacity":"","overlay-gradient":""},"mobile":{"background-color":"","background-image":"","background-repeat":"repeat","background-position":"center center","background-size":"auto","background-attachment":"scroll","background-type":"","background-media":"","overlay-type":"","overlay-color":"","overlay-opacity":"","overlay-gradient":""}},"ast-content-background-meta":{"desktop":{"background-color":"var(--ast-global-color-5)","background-image":"","background-repeat":"repeat","background-position":"center center","background-size":"auto","background-attachment":"scroll","background-type":"","background-media":"","overlay-type":"","overlay-color":"","overlay-opacity":"","overlay-gradient":""},"tablet":{"background-color":"var(--ast-global-color-5)","background-image":"","background-repeat":"repeat","background-position":"center center","background-size":"auto","background-attachment":"scroll","background-type":"","background-media":"","overlay-type":"","overlay-color":"","overlay-opacity":"","overlay-gradient":""},"mobile":{"background-color":"var(--ast-global-color-5)","background-image":"","background-repeat":"repeat","background-position":"center center","background-size":"auto","background-attachment":"scroll","background-type":"","background-media":"","overlay-type":"","overlay-color":"","overlay-opacity":"","overlay-gradient":""}},"footnotes":""},"class_list":["post-254","page","type-page","status-publish","hentry"],"yoast_head":"<!-- This site is optimized with the Yoast SEO plugin v27.3 - https:\/\/yoast.com\/product\/yoast-seo-wordpress\/ -->\n<title>Charles Lehmann, 11e Enduropale du Touquet, Poireau d&#039;or 2016.<\/title>\n<meta name=\"description\" content=\"Charles Lehmann, 77 ans, 11eme Enduropale du Touquet, Poireau d&#039;or 2016. Vous pensez pouvoir faire de m\u00eame \u00e0 77 ans ? hum... pas sur... lui il l&#039;a fait : boucler un tour complet sans perdre une dent ! Bravo Chalo, tu nous as \u00e9mu !\" \/>\n<meta name=\"robots\" content=\"index, follow, max-snippet:-1, max-image-preview:large, max-video-preview:-1\" \/>\n<link rel=\"canonical\" href=\"https:\/\/www.enduropale-passion.com\/touquet\/poireau-dor-2016-charles-lehmann\/\" \/>\n<script type=\"application\/ld+json\" class=\"yoast-schema-graph\">{\"@context\":\"https:\\\/\\\/schema.org\",\"@graph\":[{\"@type\":\"NewsArticle\",\"@id\":\"https:\\\/\\\/www.enduropale-passion.com\\\/touquet\\\/poireau-dor-2016-charles-lehmann\\\/#article\",\"isPartOf\":{\"@id\":\"https:\\\/\\\/www.enduropale-passion.com\\\/touquet\\\/poireau-dor-2016-charles-lehmann\\\/\"},\"author\":{\"name\":\"jean-marc\",\"@id\":\"https:\\\/\\\/www.enduropale-passion.com\\\/touquet\\\/#\\\/schema\\\/person\\\/d3beef060ca1ae808ca028d5f2f4d3ab\"},\"headline\":\"Poireau d&rsquo;or 2016\",\"datePublished\":\"2017-12-21T15:05:38+00:00\",\"dateModified\":\"2026-02-02T09:39:29+00:00\",\"mainEntityOfPage\":{\"@id\":\"https:\\\/\\\/www.enduropale-passion.com\\\/touquet\\\/poireau-dor-2016-charles-lehmann\\\/\"},\"wordCount\":328,\"commentCount\":0,\"publisher\":{\"@id\":\"https:\\\/\\\/www.enduropale-passion.com\\\/touquet\\\/#organization\"},\"image\":{\"@id\":\"https:\\\/\\\/www.enduropale-passion.com\\\/touquet\\\/poireau-dor-2016-charles-lehmann\\\/#primaryimage\"},\"thumbnailUrl\":\"https:\\\/\\\/www.enduropale-passion.com\\\/touquet\\\/wp-content\\\/uploads\\\/2017\\\/12\\\/Charles-Lehmann-4-300x200.jpg\",\"inLanguage\":\"fr-FR\",\"potentialAction\":[{\"@type\":\"CommentAction\",\"name\":\"Comment\",\"target\":[\"https:\\\/\\\/www.enduropale-passion.com\\\/touquet\\\/poireau-dor-2016-charles-lehmann\\\/#respond\"]}]},{\"@type\":\"WebPage\",\"@id\":\"https:\\\/\\\/www.enduropale-passion.com\\\/touquet\\\/poireau-dor-2016-charles-lehmann\\\/\",\"url\":\"https:\\\/\\\/www.enduropale-passion.com\\\/touquet\\\/poireau-dor-2016-charles-lehmann\\\/\",\"name\":\"Charles Lehmann, 11e Enduropale du Touquet, Poireau d'or 2016.\",\"isPartOf\":{\"@id\":\"https:\\\/\\\/www.enduropale-passion.com\\\/touquet\\\/#website\"},\"primaryImageOfPage\":{\"@id\":\"https:\\\/\\\/www.enduropale-passion.com\\\/touquet\\\/poireau-dor-2016-charles-lehmann\\\/#primaryimage\"},\"image\":{\"@id\":\"https:\\\/\\\/www.enduropale-passion.com\\\/touquet\\\/poireau-dor-2016-charles-lehmann\\\/#primaryimage\"},\"thumbnailUrl\":\"https:\\\/\\\/www.enduropale-passion.com\\\/touquet\\\/wp-content\\\/uploads\\\/2017\\\/12\\\/Charles-Lehmann-4-300x200.jpg\",\"datePublished\":\"2017-12-21T15:05:38+00:00\",\"dateModified\":\"2026-02-02T09:39:29+00:00\",\"description\":\"Charles Lehmann, 77 ans, 11eme Enduropale du Touquet, Poireau d'or 2016. Vous pensez pouvoir faire de m\u00eame \u00e0 77 ans ? hum... pas sur... lui il l'a fait : boucler un tour complet sans perdre une dent ! Bravo Chalo, tu nous as \u00e9mu !\",\"breadcrumb\":{\"@id\":\"https:\\\/\\\/www.enduropale-passion.com\\\/touquet\\\/poireau-dor-2016-charles-lehmann\\\/#breadcrumb\"},\"inLanguage\":\"fr-FR\",\"potentialAction\":[{\"@type\":\"ReadAction\",\"target\":[\"https:\\\/\\\/www.enduropale-passion.com\\\/touquet\\\/poireau-dor-2016-charles-lehmann\\\/\"]}]},{\"@type\":\"ImageObject\",\"inLanguage\":\"fr-FR\",\"@id\":\"https:\\\/\\\/www.enduropale-passion.com\\\/touquet\\\/poireau-dor-2016-charles-lehmann\\\/#primaryimage\",\"url\":\"https:\\\/\\\/www.enduropale-passion.com\\\/touquet\\\/wp-content\\\/uploads\\\/2017\\\/12\\\/Charles-Lehmann-4.jpg\",\"contentUrl\":\"https:\\\/\\\/www.enduropale-passion.com\\\/touquet\\\/wp-content\\\/uploads\\\/2017\\\/12\\\/Charles-Lehmann-4.jpg\",\"width\":2000,\"height\":1333},{\"@type\":\"BreadcrumbList\",\"@id\":\"https:\\\/\\\/www.enduropale-passion.com\\\/touquet\\\/poireau-dor-2016-charles-lehmann\\\/#breadcrumb\",\"itemListElement\":[{\"@type\":\"ListItem\",\"position\":1,\"name\":\"Accueil\",\"item\":\"https:\\\/\\\/www.enduropale-passion.com\\\/touquet\\\/\"},{\"@type\":\"ListItem\",\"position\":2,\"name\":\"Poireau d&rsquo;or 2016\"}]},{\"@type\":\"WebSite\",\"@id\":\"https:\\\/\\\/www.enduropale-passion.com\\\/touquet\\\/#website\",\"url\":\"https:\\\/\\\/www.enduropale-passion.com\\\/touquet\\\/\",\"name\":\"Enduropale, Quaduro et Vintage 2026\",\"description\":\"Championnat du monde des sables\",\"publisher\":{\"@id\":\"https:\\\/\\\/www.enduropale-passion.com\\\/touquet\\\/#organization\"},\"potentialAction\":[{\"@type\":\"SearchAction\",\"target\":{\"@type\":\"EntryPoint\",\"urlTemplate\":\"https:\\\/\\\/www.enduropale-passion.com\\\/touquet\\\/?s={search_term_string}\"},\"query-input\":{\"@type\":\"PropertyValueSpecification\",\"valueRequired\":true,\"valueName\":\"search_term_string\"}}],\"inLanguage\":\"fr-FR\"},{\"@type\":\"Organization\",\"@id\":\"https:\\\/\\\/www.enduropale-passion.com\\\/touquet\\\/#organization\",\"name\":\"Enduropale Passion\",\"url\":\"https:\\\/\\\/www.enduropale-passion.com\\\/touquet\\\/\",\"logo\":{\"@type\":\"ImageObject\",\"inLanguage\":\"fr-FR\",\"@id\":\"https:\\\/\\\/www.enduropale-passion.com\\\/touquet\\\/#\\\/schema\\\/logo\\\/image\\\/\",\"url\":\"https:\\\/\\\/www.enduropale-passion.com\\\/touquet\\\/wp-content\\\/uploads\\\/2018\\\/01\\\/rect5318a.png\",\"contentUrl\":\"https:\\\/\\\/www.enduropale-passion.com\\\/touquet\\\/wp-content\\\/uploads\\\/2018\\\/01\\\/rect5318a.png\",\"width\":1178,\"height\":389,\"caption\":\"Enduropale Passion\"},\"image\":{\"@id\":\"https:\\\/\\\/www.enduropale-passion.com\\\/touquet\\\/#\\\/schema\\\/logo\\\/image\\\/\"}},{\"@type\":\"Person\",\"@id\":\"https:\\\/\\\/www.enduropale-passion.com\\\/touquet\\\/#\\\/schema\\\/person\\\/d3beef060ca1ae808ca028d5f2f4d3ab\",\"name\":\"jean-marc\",\"image\":{\"@type\":\"ImageObject\",\"inLanguage\":\"fr-FR\",\"@id\":\"https:\\\/\\\/secure.gravatar.com\\\/avatar\\\/da63a71c7b3c891d13f316f979f70f394c40b51eff8683f7ed50dcaf88d1bfc2?s=96&r=g\",\"url\":\"https:\\\/\\\/secure.gravatar.com\\\/avatar\\\/da63a71c7b3c891d13f316f979f70f394c40b51eff8683f7ed50dcaf88d1bfc2?s=96&r=g\",\"contentUrl\":\"https:\\\/\\\/secure.gravatar.com\\\/avatar\\\/da63a71c7b3c891d13f316f979f70f394c40b51eff8683f7ed50dcaf88d1bfc2?s=96&r=g\",\"caption\":\"jean-marc\"}}]}<\/script>\n<!-- \/ Yoast SEO plugin. -->","yoast_head_json":{"title":"Charles Lehmann, 11e Enduropale du Touquet, Poireau d'or 2016.","description":"Charles Lehmann, 77 ans, 11eme Enduropale du Touquet, Poireau d'or 2016. Vous pensez pouvoir faire de m\u00eame \u00e0 77 ans ? hum... pas sur... lui il l'a fait : boucler un tour complet sans perdre une dent ! Bravo Chalo, tu nous as \u00e9mu !","robots":{"index":"index","follow":"follow","max-snippet":"max-snippet:-1","max-image-preview":"max-image-preview:large","max-video-preview":"max-video-preview:-1"},"canonical":"https:\/\/www.enduropale-passion.com\/touquet\/poireau-dor-2016-charles-lehmann\/","schema":{"@context":"https:\/\/schema.org","@graph":[{"@type":"NewsArticle","@id":"https:\/\/www.enduropale-passion.com\/touquet\/poireau-dor-2016-charles-lehmann\/#article","isPartOf":{"@id":"https:\/\/www.enduropale-passion.com\/touquet\/poireau-dor-2016-charles-lehmann\/"},"author":{"name":"jean-marc","@id":"https:\/\/www.enduropale-passion.com\/touquet\/#\/schema\/person\/d3beef060ca1ae808ca028d5f2f4d3ab"},"headline":"Poireau d&rsquo;or 2016","datePublished":"2017-12-21T15:05:38+00:00","dateModified":"2026-02-02T09:39:29+00:00","mainEntityOfPage":{"@id":"https:\/\/www.enduropale-passion.com\/touquet\/poireau-dor-2016-charles-lehmann\/"},"wordCount":328,"commentCount":0,"publisher":{"@id":"https:\/\/www.enduropale-passion.com\/touquet\/#organization"},"image":{"@id":"https:\/\/www.enduropale-passion.com\/touquet\/poireau-dor-2016-charles-lehmann\/#primaryimage"},"thumbnailUrl":"https:\/\/www.enduropale-passion.com\/touquet\/wp-content\/uploads\/2017\/12\/Charles-Lehmann-4-300x200.jpg","inLanguage":"fr-FR","potentialAction":[{"@type":"CommentAction","name":"Comment","target":["https:\/\/www.enduropale-passion.com\/touquet\/poireau-dor-2016-charles-lehmann\/#respond"]}]},{"@type":"WebPage","@id":"https:\/\/www.enduropale-passion.com\/touquet\/poireau-dor-2016-charles-lehmann\/","url":"https:\/\/www.enduropale-passion.com\/touquet\/poireau-dor-2016-charles-lehmann\/","name":"Charles Lehmann, 11e Enduropale du Touquet, Poireau d'or 2016.","isPartOf":{"@id":"https:\/\/www.enduropale-passion.com\/touquet\/#website"},"primaryImageOfPage":{"@id":"https:\/\/www.enduropale-passion.com\/touquet\/poireau-dor-2016-charles-lehmann\/#primaryimage"},"image":{"@id":"https:\/\/www.enduropale-passion.com\/touquet\/poireau-dor-2016-charles-lehmann\/#primaryimage"},"thumbnailUrl":"https:\/\/www.enduropale-passion.com\/touquet\/wp-content\/uploads\/2017\/12\/Charles-Lehmann-4-300x200.jpg","datePublished":"2017-12-21T15:05:38+00:00","dateModified":"2026-02-02T09:39:29+00:00","description":"Charles Lehmann, 77 ans, 11eme Enduropale du Touquet, Poireau d'or 2016. Vous pensez pouvoir faire de m\u00eame \u00e0 77 ans ? hum... pas sur... lui il l'a fait : boucler un tour complet sans perdre une dent ! Bravo Chalo, tu nous as \u00e9mu !","breadcrumb":{"@id":"https:\/\/www.enduropale-passion.com\/touquet\/poireau-dor-2016-charles-lehmann\/#breadcrumb"},"inLanguage":"fr-FR","potentialAction":[{"@type":"ReadAction","target":["https:\/\/www.enduropale-passion.com\/touquet\/poireau-dor-2016-charles-lehmann\/"]}]},{"@type":"ImageObject","inLanguage":"fr-FR","@id":"https:\/\/www.enduropale-passion.com\/touquet\/poireau-dor-2016-charles-lehmann\/#primaryimage","url":"https:\/\/www.enduropale-passion.com\/touquet\/wp-content\/uploads\/2017\/12\/Charles-Lehmann-4.jpg","contentUrl":"https:\/\/www.enduropale-passion.com\/touquet\/wp-content\/uploads\/2017\/12\/Charles-Lehmann-4.jpg","width":2000,"height":1333},{"@type":"BreadcrumbList","@id":"https:\/\/www.enduropale-passion.com\/touquet\/poireau-dor-2016-charles-lehmann\/#breadcrumb","itemListElement":[{"@type":"ListItem","position":1,"name":"Accueil","item":"https:\/\/www.enduropale-passion.com\/touquet\/"},{"@type":"ListItem","position":2,"name":"Poireau d&rsquo;or 2016"}]},{"@type":"WebSite","@id":"https:\/\/www.enduropale-passion.com\/touquet\/#website","url":"https:\/\/www.enduropale-passion.com\/touquet\/","name":"Enduropale, Quaduro et Vintage 2026","description":"Championnat du monde des sables","publisher":{"@id":"https:\/\/www.enduropale-passion.com\/touquet\/#organization"},"potentialAction":[{"@type":"SearchAction","target":{"@type":"EntryPoint","urlTemplate":"https:\/\/www.enduropale-passion.com\/touquet\/?s={search_term_string}"},"query-input":{"@type":"PropertyValueSpecification","valueRequired":true,"valueName":"search_term_string"}}],"inLanguage":"fr-FR"},{"@type":"Organization","@id":"https:\/\/www.enduropale-passion.com\/touquet\/#organization","name":"Enduropale Passion","url":"https:\/\/www.enduropale-passion.com\/touquet\/","logo":{"@type":"ImageObject","inLanguage":"fr-FR","@id":"https:\/\/www.enduropale-passion.com\/touquet\/#\/schema\/logo\/image\/","url":"https:\/\/www.enduropale-passion.com\/touquet\/wp-content\/uploads\/2018\/01\/rect5318a.png","contentUrl":"https:\/\/www.enduropale-passion.com\/touquet\/wp-content\/uploads\/2018\/01\/rect5318a.png","width":1178,"height":389,"caption":"Enduropale Passion"},"image":{"@id":"https:\/\/www.enduropale-passion.com\/touquet\/#\/schema\/logo\/image\/"}},{"@type":"Person","@id":"https:\/\/www.enduropale-passion.com\/touquet\/#\/schema\/person\/d3beef060ca1ae808ca028d5f2f4d3ab","name":"jean-marc","image":{"@type":"ImageObject","inLanguage":"fr-FR","@id":"https:\/\/secure.gravatar.com\/avatar\/da63a71c7b3c891d13f316f979f70f394c40b51eff8683f7ed50dcaf88d1bfc2?s=96&r=g","url":"https:\/\/secure.gravatar.com\/avatar\/da63a71c7b3c891d13f316f979f70f394c40b51eff8683f7ed50dcaf88d1bfc2?s=96&r=g","contentUrl":"https:\/\/secure.gravatar.com\/avatar\/da63a71c7b3c891d13f316f979f70f394c40b51eff8683f7ed50dcaf88d1bfc2?s=96&r=g","caption":"jean-marc"}}]}},"_links":{"self":[{"href":"https:\/\/www.enduropale-passion.com\/touquet\/wp-json\/wp\/v2\/pages\/254","targetHints":{"allow":["GET"]}}],"collection":[{"href":"https:\/\/www.enduropale-passion.com\/touquet\/wp-json\/wp\/v2\/pages"}],"about":[{"href":"https:\/\/www.enduropale-passion.com\/touquet\/wp-json\/wp\/v2\/types\/page"}],"author":[{"embeddable":true,"href":"https:\/\/www.enduropale-passion.com\/touquet\/wp-json\/wp\/v2\/users\/1"}],"replies":[{"embeddable":true,"href":"https:\/\/www.enduropale-passion.com\/touquet\/wp-json\/wp\/v2\/comments?post=254"}],"version-history":[{"count":1,"href":"https:\/\/www.enduropale-passion.com\/touquet\/wp-json\/wp\/v2\/pages\/254\/revisions"}],"predecessor-version":[{"id":16032,"href":"https:\/\/www.enduropale-passion.com\/touquet\/wp-json\/wp\/v2\/pages\/254\/revisions\/16032"}],"wp:attachment":[{"href":"https:\/\/www.enduropale-passion.com\/touquet\/wp-json\/wp\/v2\/media?parent=254"}],"curies":[{"name":"wp","href":"https:\/\/api.w.org\/{rel}","templated":true}]}}