{"id":52,"date":"2017-12-14T15:01:28","date_gmt":"2017-12-14T14:01:28","guid":{"rendered":"http:\/\/www.enduropale-passion.com\/touquet\/?page_id=52"},"modified":"2025-02-12T11:04:45","modified_gmt":"2025-02-12T10:04:45","slug":"quads","status":"publish","type":"page","link":"https:\/\/www.enduropale-passion.com\/touquet\/quads\/","title":{"rendered":"Le Quaduropale (Course de Quads sur sable)"},"content":{"rendered":"<h2><strong>La course des Quadistes \/ toutes cylindr\u00e9es. <\/strong><\/h2>\n<p>Epreuve tr\u00e8s suivie du samedi apr\u00e8s midi qui rassemble plus de 700 passionn\u00e9(e)s du genre autour d&rsquo;un circuit uniquement trac\u00e9 sur le front de mer du Touquet. Le Quaduro est l&rsquo;\u00e9preuve de r\u00e9f\u00e9rence pour tous les fans de l&rsquo;univers Quad, voici nos photos de l&rsquo;\u00e9preuve depuis sa cr\u00e9ation en 2007 jusqu&rsquo;\u00e0 aujourd&rsquo;hui (cliquez l&rsquo;ann\u00e9e qui vous int\u00e9resse) :<\/p>\n<p><a href=\"http:\/\/www.enduropale-passion.com\/photos_enduroquad_2007\/index.html\" target=\"_blank\" rel=\"noopener noreferrer\"><img loading=\"lazy\" decoding=\"async\" class=\"alignnone\" src=\"http:\/\/www.enduropale-passion.com\/a2007.png\" alt=\"photos quaduropale 2007\" width=\"145\" height=\"55\" border=\"0\" \/><\/a><a href=\"http:\/\/www.enduropale-passion.com\/photos_enduroquad_2008\/index.html\" target=\"_blank\" rel=\"noopener noreferrer\"><img loading=\"lazy\" decoding=\"async\" class=\"alignnone\" src=\"http:\/\/www.enduropale-passion.com\/a2008.png\" alt=\"photos quaduropale 2008\" width=\"145\" height=\"55\" border=\"0\" \/><\/a><a href=\"http:\/\/www.enduropale-passion.com\/photos_quaduro_2009\/index.html\" target=\"_blank\" rel=\"noopener noreferrer\"><img loading=\"lazy\" decoding=\"async\" class=\"alignnone\" src=\"http:\/\/www.enduropale-passion.com\/a2009.png\" alt=\"photos quaduropale 2009\" width=\"145\" height=\"55\" border=\"0\" \/><\/a><a href=\"http:\/\/www.enduropale-passion.com\/quaduropale-touquet-2010\/index.html\" target=\"_blank\" rel=\"noopener noreferrer\"><img loading=\"lazy\" decoding=\"async\" class=\"alignnone\" src=\"http:\/\/www.enduropale-passion.com\/a2010.png\" alt=\"photos quaduropale 2010\" width=\"145\" height=\"55\" border=\"0\" \/><\/a><a href=\"http:\/\/www.enduropale-passion.com\/quaduropale-touquet-2011\/index.html\" target=\"_blank\" rel=\"noopener noreferrer\"><img loading=\"lazy\" decoding=\"async\" class=\"alignnone\" src=\"http:\/\/www.enduropale-passion.com\/a2011.png\" alt=\"quaduropale 2011\" width=\"145\" height=\"55\" border=\"0\" \/><\/a><a href=\"http:\/\/www.enduropale-passion.com\/quaduropale-2012\/index.html\" target=\"_blank\" rel=\"noopener noreferrer\"><img loading=\"lazy\" decoding=\"async\" class=\"alignnone\" src=\"http:\/\/www.enduropale-passion.com\/a2012.png\" alt=\"quaduro 2012 photos\" width=\"145\" height=\"55\" border=\"0\" \/><\/a><a href=\"http:\/\/www.enduropale-passion.com\/quaduropale-2013\/index.html\" target=\"_blank\" rel=\"noopener noreferrer\"><img loading=\"lazy\" decoding=\"async\" class=\"alignnone\" src=\"http:\/\/www.enduropale-passion.com\/a2013.png\" alt=\"quaduropale 2013\" width=\"145\" height=\"55\" border=\"0\" \/><\/a><a href=\"http:\/\/www.enduropale-passion.com\/quaduropale-2014\/index.html\" target=\"_blank\" rel=\"noopener noreferrer\"><img loading=\"lazy\" decoding=\"async\" class=\"alignnone\" src=\"http:\/\/www.enduropale-passion.com\/a2014.png\" alt=\"quaduropale 2014\" width=\"145\" height=\"55\" border=\"0\" \/><\/a><a href=\"http:\/\/www.enduropale-passion.com\/quaduropale-2015\/index.html\" target=\"_blank\" rel=\"noopener noreferrer\"><img loading=\"lazy\" decoding=\"async\" class=\"alignnone\" src=\"http:\/\/www.enduropale-passion.com\/a2015.png\" alt=\"quaduropale 2015\" width=\"145\" height=\"55\" border=\"0\" \/><\/a><a href=\"http:\/\/www.enduropale-passion.com\/Quaduropale-2016\/index.html\" target=\"_blank\" rel=\"noopener noreferrer\"><img loading=\"lazy\" decoding=\"async\" class=\"alignnone\" src=\"http:\/\/www.enduropale-passion.com\/a2016.png\" alt=\"quaduro 2016\" width=\"145\" height=\"55\" border=\"0\" \/><\/a><a href=\"http:\/\/www.enduropale-passion.com\/Quaduropale-2017\/\" target=\"_blank\" rel=\"noopener noreferrer\"><img loading=\"lazy\" decoding=\"async\" class=\"alignnone wp-image-321 size-full\" src=\"http:\/\/www.enduropale-passion.com\/touquet\/wp-content\/uploads\/2018\/01\/17.png\" alt=\"\" width=\"145\" height=\"55\" \/><\/a><a href=\"http:\/\/www.enduropale-passion.com\/Quaduropale-2018\/\" target=\"_blank\" rel=\"noopener noreferrer\"><img loading=\"lazy\" decoding=\"async\" class=\"alignnone wp-image-323 size-full\" src=\"http:\/\/www.enduropale-passion.com\/touquet\/wp-content\/uploads\/2018\/01\/1.png\" alt=\"\" width=\"145\" height=\"55\" \/><\/a><a href=\"https:\/\/www.enduropale-passion.com\/Quaduropale-2019\/\" target=\"_blank\" rel=\"noopener noreferrer\"><img loading=\"lazy\" decoding=\"async\" class=\"alignnone wp-image-461 size-full\" src=\"https:\/\/www.enduropale-passion.com\/touquet\/wp-content\/uploads\/2019\/02\/17.png\" alt=\"\" width=\"145\" height=\"55\" \/><\/a><a href=\"https:\/\/www.enduropale-passion.com\/Quaduropale-2020\/\"><img loading=\"lazy\" decoding=\"async\" class=\"alignnone wp-image-567\" title=\"Quaduropale 2020\" src=\"http:\/\/www.enduropale-passion.com\/touquet\/wp-content\/uploads\/2020\/02\/17-1-300x114.png\" alt=\"\" width=\"145\" height=\"55\" srcset=\"https:\/\/www.enduropale-passion.com\/touquet\/wp-content\/uploads\/2020\/02\/17-1-300x114.png 300w, https:\/\/www.enduropale-passion.com\/touquet\/wp-content\/uploads\/2020\/02\/17-1-1400x531.png 1400w, https:\/\/www.enduropale-passion.com\/touquet\/wp-content\/uploads\/2020\/02\/17-1-768x291.png 768w, https:\/\/www.enduropale-passion.com\/touquet\/wp-content\/uploads\/2020\/02\/17-1-1320x501.png 1320w, https:\/\/www.enduropale-passion.com\/touquet\/wp-content\/uploads\/2020\/02\/17-1-1200x455.png 1200w, https:\/\/www.enduropale-passion.com\/touquet\/wp-content\/uploads\/2020\/02\/17-1.png 1484w\" sizes=\"auto, (max-width: 145px) 100vw, 145px\" \/><\/a><a href=\"https:\/\/www.enduropale-passion.com\/touquet\/quaduropale-2022\/\"><img loading=\"lazy\" decoding=\"async\" class=\"alignnone wp-image-4587 size-full\" title=\"quaduropale 2022\" src=\"https:\/\/www.enduropale-passion.com\/touquet\/wp-content\/uploads\/2022\/03\/date.png\" alt=\"\" width=\"145\" height=\"55\" \/><\/a><a href=\"https:\/\/www.enduropale-passion.com\/Quaduropale-2023\/\" target=\"_blank\" rel=\"noopener\"><img loading=\"lazy\" decoding=\"async\" class=\"alignnone wp-image-11994 size-full\" title=\"quaduro 2023\" src=\"https:\/\/www.enduropale-passion.com\/touquet\/wp-content\/uploads\/2023\/02\/date.png\" alt=\"\" width=\"145\" height=\"55\" \/><\/a><a href=\"https:\/\/www.enduropale-passion.com\/Quaduropale-2024\/\"><img loading=\"lazy\" decoding=\"async\" class=\"alignnone wp-image-14012 size-full\" src=\"https:\/\/www.enduropale-passion.com\/touquet\/wp-content\/uploads\/2024\/02\/2024date-1.png\" alt=\"\" width=\"145\" height=\"55\" \/><\/a><a href=\"https:\/\/www.enduropale-passion.com\/Quaduropale-2025\/\"><img loading=\"lazy\" decoding=\"async\" class=\"alignnone wp-image-15912 size-full\" title=\"quaduro 2025\" src=\"https:\/\/www.enduropale-passion.com\/touquet\/wp-content\/uploads\/2025\/02\/date-1.png\" alt=\"\" width=\"145\" height=\"55\" \/><\/a><\/p>\n","protected":false},"excerpt":{"rendered":"<p>La course des Quadistes \/ toutes cylindr\u00e9es. Epreuve tr\u00e8s suivie du samedi apr\u00e8s midi qui rassemble plus de 700 passionn\u00e9(e)s du genre autour d&rsquo;un circuit uniquement trac\u00e9 sur le front de mer du Touquet. Le Quaduro est l&rsquo;\u00e9preuve de r\u00e9f\u00e9rence pour tous les fans de l&rsquo;univers Quad, voici nos photos de l&rsquo;\u00e9preuve depuis sa cr\u00e9ation [&hellip;]<\/p>\n","protected":false},"author":1,"featured_media":0,"parent":0,"menu_order":0,"comment_status":"closed","ping_status":"closed","template":"","meta":{"site-sidebar-layout":"default","site-content-layout":"default","ast-site-content-layout":"","site-content-style":"default","site-sidebar-style":"default","ast-global-header-display":"","ast-banner-title-visibility":"","ast-main-header-display":"","ast-hfb-above-header-display":"","ast-hfb-below-header-display":"","ast-hfb-mobile-header-display":"","site-post-title":"","ast-breadcrumbs-content":"","ast-featured-img":"","footer-sml-layout":"","theme-transparent-header-meta":"default","adv-header-id-meta":"","stick-header-meta":"","header-above-stick-meta":"","header-main-stick-meta":"","header-below-stick-meta":"","astra-migrate-meta-layouts":"default","ast-page-background-enabled":"default","ast-page-background-meta":{"desktop":{"background-color":"var(--ast-global-color-4)","background-image":"","background-repeat":"repeat","background-position":"center center","background-size":"auto","background-attachment":"scroll","background-type":"","background-media":"","overlay-type":"","overlay-color":"","overlay-opacity":"","overlay-gradient":""},"tablet":{"background-color":"","background-image":"","background-repeat":"repeat","background-position":"center center","background-size":"auto","background-attachment":"scroll","background-type":"","background-media":"","overlay-type":"","overlay-color":"","overlay-opacity":"","overlay-gradient":""},"mobile":{"background-color":"","background-image":"","background-repeat":"repeat","background-position":"center center","background-size":"auto","background-attachment":"scroll","background-type":"","background-media":"","overlay-type":"","overlay-color":"","overlay-opacity":"","overlay-gradient":""}},"ast-content-background-meta":{"desktop":{"background-color":"var(--ast-global-color-5)","background-image":"","background-repeat":"repeat","background-position":"center center","background-size":"auto","background-attachment":"scroll","background-type":"","background-media":"","overlay-type":"","overlay-color":"","overlay-opacity":"","overlay-gradient":""},"tablet":{"background-color":"var(--ast-global-color-5)","background-image":"","background-repeat":"repeat","background-position":"center center","background-size":"auto","background-attachment":"scroll","background-type":"","background-media":"","overlay-type":"","overlay-color":"","overlay-opacity":"","overlay-gradient":""},"mobile":{"background-color":"var(--ast-global-color-5)","background-image":"","background-repeat":"repeat","background-position":"center center","background-size":"auto","background-attachment":"scroll","background-type":"","background-media":"","overlay-type":"","overlay-color":"","overlay-opacity":"","overlay-gradient":""}},"footnotes":""},"class_list":["post-52","page","type-page","status-publish","hentry"],"yoast_head":"<!-- This site is optimized with the Yoast SEO plugin v27.4 - https:\/\/yoast.com\/product\/yoast-seo-wordpress\/ -->\n<title>Quaduro Touquet pas-de-calais : comp\u00e9tition Quads<\/title>\n<meta name=\"description\" content=\"Les quads ne sont pas en reste lors de cette d\u00e9ferlante m\u00e9canique : les champions c\u00f4toient les amateurs et le fameux d\u00e9part en ligne\" \/>\n<meta name=\"robots\" content=\"index, follow, max-snippet:-1, max-image-preview:large, max-video-preview:-1\" \/>\n<link rel=\"canonical\" href=\"https:\/\/www.enduropale-passion.com\/touquet\/quads\/\" \/>\n<script type=\"application\/ld+json\" class=\"yoast-schema-graph\">{\"@context\":\"https:\\\/\\\/schema.org\",\"@graph\":[{\"@type\":\"NewsArticle\",\"@id\":\"https:\\\/\\\/www.enduropale-passion.com\\\/touquet\\\/quads\\\/#article\",\"isPartOf\":{\"@id\":\"https:\\\/\\\/www.enduropale-passion.com\\\/touquet\\\/quads\\\/\"},\"author\":{\"name\":\"jean-marc\",\"@id\":\"https:\\\/\\\/www.enduropale-passion.com\\\/touquet\\\/#\\\/schema\\\/person\\\/d3beef060ca1ae808ca028d5f2f4d3ab\"},\"headline\":\"Le Quaduropale (Course de Quads sur sable)\",\"datePublished\":\"2017-12-14T14:01:28+00:00\",\"dateModified\":\"2025-02-12T10:04:45+00:00\",\"mainEntityOfPage\":{\"@id\":\"https:\\\/\\\/www.enduropale-passion.com\\\/touquet\\\/quads\\\/\"},\"wordCount\":84,\"publisher\":{\"@id\":\"https:\\\/\\\/www.enduropale-passion.com\\\/touquet\\\/#organization\"},\"image\":{\"@id\":\"https:\\\/\\\/www.enduropale-passion.com\\\/touquet\\\/quads\\\/#primaryimage\"},\"thumbnailUrl\":\"http:\\\/\\\/www.enduropale-passion.com\\\/a2007.png\",\"inLanguage\":\"fr-FR\"},{\"@type\":\"WebPage\",\"@id\":\"https:\\\/\\\/www.enduropale-passion.com\\\/touquet\\\/quads\\\/\",\"url\":\"https:\\\/\\\/www.enduropale-passion.com\\\/touquet\\\/quads\\\/\",\"name\":\"Quaduro Touquet pas-de-calais : comp\u00e9tition Quads\",\"isPartOf\":{\"@id\":\"https:\\\/\\\/www.enduropale-passion.com\\\/touquet\\\/#website\"},\"primaryImageOfPage\":{\"@id\":\"https:\\\/\\\/www.enduropale-passion.com\\\/touquet\\\/quads\\\/#primaryimage\"},\"image\":{\"@id\":\"https:\\\/\\\/www.enduropale-passion.com\\\/touquet\\\/quads\\\/#primaryimage\"},\"thumbnailUrl\":\"http:\\\/\\\/www.enduropale-passion.com\\\/a2007.png\",\"datePublished\":\"2017-12-14T14:01:28+00:00\",\"dateModified\":\"2025-02-12T10:04:45+00:00\",\"description\":\"Les quads ne sont pas en reste lors de cette d\u00e9ferlante m\u00e9canique : les champions c\u00f4toient les amateurs et le fameux d\u00e9part en ligne\",\"breadcrumb\":{\"@id\":\"https:\\\/\\\/www.enduropale-passion.com\\\/touquet\\\/quads\\\/#breadcrumb\"},\"inLanguage\":\"fr-FR\",\"potentialAction\":[{\"@type\":\"ReadAction\",\"target\":[\"https:\\\/\\\/www.enduropale-passion.com\\\/touquet\\\/quads\\\/\"]}]},{\"@type\":\"ImageObject\",\"inLanguage\":\"fr-FR\",\"@id\":\"https:\\\/\\\/www.enduropale-passion.com\\\/touquet\\\/quads\\\/#primaryimage\",\"url\":\"http:\\\/\\\/www.enduropale-passion.com\\\/a2007.png\",\"contentUrl\":\"http:\\\/\\\/www.enduropale-passion.com\\\/a2007.png\"},{\"@type\":\"BreadcrumbList\",\"@id\":\"https:\\\/\\\/www.enduropale-passion.com\\\/touquet\\\/quads\\\/#breadcrumb\",\"itemListElement\":[{\"@type\":\"ListItem\",\"position\":1,\"name\":\"Accueil\",\"item\":\"https:\\\/\\\/www.enduropale-passion.com\\\/touquet\\\/\"},{\"@type\":\"ListItem\",\"position\":2,\"name\":\"Le Quaduropale (Course de Quads sur sable)\"}]},{\"@type\":\"WebSite\",\"@id\":\"https:\\\/\\\/www.enduropale-passion.com\\\/touquet\\\/#website\",\"url\":\"https:\\\/\\\/www.enduropale-passion.com\\\/touquet\\\/\",\"name\":\"Enduropale, Quaduro et Vintage 2026\",\"description\":\"Championnat du monde des sables\",\"publisher\":{\"@id\":\"https:\\\/\\\/www.enduropale-passion.com\\\/touquet\\\/#organization\"},\"potentialAction\":[{\"@type\":\"SearchAction\",\"target\":{\"@type\":\"EntryPoint\",\"urlTemplate\":\"https:\\\/\\\/www.enduropale-passion.com\\\/touquet\\\/?s={search_term_string}\"},\"query-input\":{\"@type\":\"PropertyValueSpecification\",\"valueRequired\":true,\"valueName\":\"search_term_string\"}}],\"inLanguage\":\"fr-FR\"},{\"@type\":\"Organization\",\"@id\":\"https:\\\/\\\/www.enduropale-passion.com\\\/touquet\\\/#organization\",\"name\":\"Enduropale Passion\",\"url\":\"https:\\\/\\\/www.enduropale-passion.com\\\/touquet\\\/\",\"logo\":{\"@type\":\"ImageObject\",\"inLanguage\":\"fr-FR\",\"@id\":\"https:\\\/\\\/www.enduropale-passion.com\\\/touquet\\\/#\\\/schema\\\/logo\\\/image\\\/\",\"url\":\"https:\\\/\\\/www.enduropale-passion.com\\\/touquet\\\/wp-content\\\/uploads\\\/2018\\\/01\\\/rect5318a.png\",\"contentUrl\":\"https:\\\/\\\/www.enduropale-passion.com\\\/touquet\\\/wp-content\\\/uploads\\\/2018\\\/01\\\/rect5318a.png\",\"width\":1178,\"height\":389,\"caption\":\"Enduropale Passion\"},\"image\":{\"@id\":\"https:\\\/\\\/www.enduropale-passion.com\\\/touquet\\\/#\\\/schema\\\/logo\\\/image\\\/\"}},{\"@type\":\"Person\",\"@id\":\"https:\\\/\\\/www.enduropale-passion.com\\\/touquet\\\/#\\\/schema\\\/person\\\/d3beef060ca1ae808ca028d5f2f4d3ab\",\"name\":\"jean-marc\",\"image\":{\"@type\":\"ImageObject\",\"inLanguage\":\"fr-FR\",\"@id\":\"https:\\\/\\\/secure.gravatar.com\\\/avatar\\\/da63a71c7b3c891d13f316f979f70f394c40b51eff8683f7ed50dcaf88d1bfc2?s=96&r=g\",\"url\":\"https:\\\/\\\/secure.gravatar.com\\\/avatar\\\/da63a71c7b3c891d13f316f979f70f394c40b51eff8683f7ed50dcaf88d1bfc2?s=96&r=g\",\"contentUrl\":\"https:\\\/\\\/secure.gravatar.com\\\/avatar\\\/da63a71c7b3c891d13f316f979f70f394c40b51eff8683f7ed50dcaf88d1bfc2?s=96&r=g\",\"caption\":\"jean-marc\"}}]}<\/script>\n<!-- \/ Yoast SEO plugin. -->","yoast_head_json":{"title":"Quaduro Touquet pas-de-calais : comp\u00e9tition Quads","description":"Les quads ne sont pas en reste lors de cette d\u00e9ferlante m\u00e9canique : les champions c\u00f4toient les amateurs et le fameux d\u00e9part en ligne","robots":{"index":"index","follow":"follow","max-snippet":"max-snippet:-1","max-image-preview":"max-image-preview:large","max-video-preview":"max-video-preview:-1"},"canonical":"https:\/\/www.enduropale-passion.com\/touquet\/quads\/","schema":{"@context":"https:\/\/schema.org","@graph":[{"@type":"NewsArticle","@id":"https:\/\/www.enduropale-passion.com\/touquet\/quads\/#article","isPartOf":{"@id":"https:\/\/www.enduropale-passion.com\/touquet\/quads\/"},"author":{"name":"jean-marc","@id":"https:\/\/www.enduropale-passion.com\/touquet\/#\/schema\/person\/d3beef060ca1ae808ca028d5f2f4d3ab"},"headline":"Le Quaduropale (Course de Quads sur sable)","datePublished":"2017-12-14T14:01:28+00:00","dateModified":"2025-02-12T10:04:45+00:00","mainEntityOfPage":{"@id":"https:\/\/www.enduropale-passion.com\/touquet\/quads\/"},"wordCount":84,"publisher":{"@id":"https:\/\/www.enduropale-passion.com\/touquet\/#organization"},"image":{"@id":"https:\/\/www.enduropale-passion.com\/touquet\/quads\/#primaryimage"},"thumbnailUrl":"http:\/\/www.enduropale-passion.com\/a2007.png","inLanguage":"fr-FR"},{"@type":"WebPage","@id":"https:\/\/www.enduropale-passion.com\/touquet\/quads\/","url":"https:\/\/www.enduropale-passion.com\/touquet\/quads\/","name":"Quaduro Touquet pas-de-calais : comp\u00e9tition Quads","isPartOf":{"@id":"https:\/\/www.enduropale-passion.com\/touquet\/#website"},"primaryImageOfPage":{"@id":"https:\/\/www.enduropale-passion.com\/touquet\/quads\/#primaryimage"},"image":{"@id":"https:\/\/www.enduropale-passion.com\/touquet\/quads\/#primaryimage"},"thumbnailUrl":"http:\/\/www.enduropale-passion.com\/a2007.png","datePublished":"2017-12-14T14:01:28+00:00","dateModified":"2025-02-12T10:04:45+00:00","description":"Les quads ne sont pas en reste lors de cette d\u00e9ferlante m\u00e9canique : les champions c\u00f4toient les amateurs et le fameux d\u00e9part en ligne","breadcrumb":{"@id":"https:\/\/www.enduropale-passion.com\/touquet\/quads\/#breadcrumb"},"inLanguage":"fr-FR","potentialAction":[{"@type":"ReadAction","target":["https:\/\/www.enduropale-passion.com\/touquet\/quads\/"]}]},{"@type":"ImageObject","inLanguage":"fr-FR","@id":"https:\/\/www.enduropale-passion.com\/touquet\/quads\/#primaryimage","url":"http:\/\/www.enduropale-passion.com\/a2007.png","contentUrl":"http:\/\/www.enduropale-passion.com\/a2007.png"},{"@type":"BreadcrumbList","@id":"https:\/\/www.enduropale-passion.com\/touquet\/quads\/#breadcrumb","itemListElement":[{"@type":"ListItem","position":1,"name":"Accueil","item":"https:\/\/www.enduropale-passion.com\/touquet\/"},{"@type":"ListItem","position":2,"name":"Le Quaduropale (Course de Quads sur sable)"}]},{"@type":"WebSite","@id":"https:\/\/www.enduropale-passion.com\/touquet\/#website","url":"https:\/\/www.enduropale-passion.com\/touquet\/","name":"Enduropale, Quaduro et Vintage 2026","description":"Championnat du monde des sables","publisher":{"@id":"https:\/\/www.enduropale-passion.com\/touquet\/#organization"},"potentialAction":[{"@type":"SearchAction","target":{"@type":"EntryPoint","urlTemplate":"https:\/\/www.enduropale-passion.com\/touquet\/?s={search_term_string}"},"query-input":{"@type":"PropertyValueSpecification","valueRequired":true,"valueName":"search_term_string"}}],"inLanguage":"fr-FR"},{"@type":"Organization","@id":"https:\/\/www.enduropale-passion.com\/touquet\/#organization","name":"Enduropale Passion","url":"https:\/\/www.enduropale-passion.com\/touquet\/","logo":{"@type":"ImageObject","inLanguage":"fr-FR","@id":"https:\/\/www.enduropale-passion.com\/touquet\/#\/schema\/logo\/image\/","url":"https:\/\/www.enduropale-passion.com\/touquet\/wp-content\/uploads\/2018\/01\/rect5318a.png","contentUrl":"https:\/\/www.enduropale-passion.com\/touquet\/wp-content\/uploads\/2018\/01\/rect5318a.png","width":1178,"height":389,"caption":"Enduropale Passion"},"image":{"@id":"https:\/\/www.enduropale-passion.com\/touquet\/#\/schema\/logo\/image\/"}},{"@type":"Person","@id":"https:\/\/www.enduropale-passion.com\/touquet\/#\/schema\/person\/d3beef060ca1ae808ca028d5f2f4d3ab","name":"jean-marc","image":{"@type":"ImageObject","inLanguage":"fr-FR","@id":"https:\/\/secure.gravatar.com\/avatar\/da63a71c7b3c891d13f316f979f70f394c40b51eff8683f7ed50dcaf88d1bfc2?s=96&r=g","url":"https:\/\/secure.gravatar.com\/avatar\/da63a71c7b3c891d13f316f979f70f394c40b51eff8683f7ed50dcaf88d1bfc2?s=96&r=g","contentUrl":"https:\/\/secure.gravatar.com\/avatar\/da63a71c7b3c891d13f316f979f70f394c40b51eff8683f7ed50dcaf88d1bfc2?s=96&r=g","caption":"jean-marc"}}]}},"_links":{"self":[{"href":"https:\/\/www.enduropale-passion.com\/touquet\/wp-json\/wp\/v2\/pages\/52","targetHints":{"allow":["GET"]}}],"collection":[{"href":"https:\/\/www.enduropale-passion.com\/touquet\/wp-json\/wp\/v2\/pages"}],"about":[{"href":"https:\/\/www.enduropale-passion.com\/touquet\/wp-json\/wp\/v2\/types\/page"}],"author":[{"embeddable":true,"href":"https:\/\/www.enduropale-passion.com\/touquet\/wp-json\/wp\/v2\/users\/1"}],"replies":[{"embeddable":true,"href":"https:\/\/www.enduropale-passion.com\/touquet\/wp-json\/wp\/v2\/comments?post=52"}],"version-history":[{"count":16,"href":"https:\/\/www.enduropale-passion.com\/touquet\/wp-json\/wp\/v2\/pages\/52\/revisions"}],"predecessor-version":[{"id":15914,"href":"https:\/\/www.enduropale-passion.com\/touquet\/wp-json\/wp\/v2\/pages\/52\/revisions\/15914"}],"wp:attachment":[{"href":"https:\/\/www.enduropale-passion.com\/touquet\/wp-json\/wp\/v2\/media?parent=52"}],"curies":[{"name":"wp","href":"https:\/\/api.w.org\/{rel}","templated":true}]}}