{"id":55,"date":"2017-12-14T15:01:56","date_gmt":"2017-12-14T14:01:56","guid":{"rendered":"http:\/\/www.enduropale-passion.com\/touquet\/?page_id=55"},"modified":"2025-02-14T10:24:04","modified_gmt":"2025-02-14T09:24:04","slug":"les-poireaux-dor","status":"publish","type":"page","link":"https:\/\/www.enduropale-passion.com\/touquet\/les-poireaux-dor\/","title":{"rendered":"Les poireaux d&rsquo;or !"},"content":{"rendered":"<h1 style=\"text-align: left;\" align=\"center\">Un poireau \u00e0 l&rsquo;Enduropale ?<\/h1>\n<p>&nbsp;<\/p>\n<p align=\"justify\"><img loading=\"lazy\" decoding=\"async\" class=\"alignleft wp-image-280 size-thumbnail\" src=\"https:\/\/www.enduropale-passion.com\/touquet\/wp-content\/uploads\/2017\/12\/0762c-200x150.jpg\" alt=\"\" width=\"200\" height=\"150\" \/>Le poireau est\u00a0<strong>LE<\/strong> pilote de l&rsquo;enduro du Touquet qui se distingue des professionnels par ses capacit\u00e9s et ses aptitudes toujours plus remarquables d&rsquo;ann\u00e9es en ann\u00e9es \u00e0 se planter pendant la course. Cette appellation remonte au temps b\u00e9ni du \u00ab\u00a0goulet\u00a0\u00bb o\u00f9 plus de 1000 motards \u00ab\u00a0jardiniers\u00a0\u00bb venaient s&rsquo;\u00e9chouer lamentablement pour <strong>poireauter<\/strong> au pied de la dune de Stella-Plage afin d&rsquo;obstruer dignement ladite course et faire le bonheur des spectateurs petits et grands.<\/p>\n<p><strong>Les 15 r\u00e8gles d&rsquo;or du poireau professionnel :\u00a0<\/strong><\/p>\n<blockquote><p>-le poireau pense qu&rsquo;il peut battre les pros.<br \/>\n-le poireau arrive toujours \u00e0 tomber en ligne droite.<br \/>\n-le poireau adopte toujours une position acad\u00e9mique sur sa machine.<br \/>\n-le poireau pense toujours qu&rsquo;il peut passer.<br \/>\n-le poireau pr\u00e9f\u00e9rera ne pas pr\u00e9parer sa machine.<br \/>\n-le poireau ne saute pas les butes.<br \/>\n-le poireau fixe toujours mal sa plaque de course.<br \/>\n-le poireau n&#8217;emprunte pas l&rsquo;orni\u00e8re cr\u00e9\u00e9e par les autres, il pr\u00e9f\u00e9rera la contourner pour mieux tomber.<br \/>\n-le poireau ravitaille \u00e0 chaque tour.<br \/>\n-le poireau ne boit jamais d&rsquo;alcool, sauf si cela est n\u00e9cessaire.<br \/>\n-le poireau \u00f4te ses lunettes de casque au 2\u00e8me tour afin de mieux prendre du sable dans les yeux.<br \/>\n-le poireau met un point d&rsquo;honneur \u00e0 se d\u00e9guiser. Il arborera de pr\u00e9f\u00e9rence \u00ab\u00a0un poireau\u00a0\u00bb sur son casque.<br \/>\n-le poireau est un artiste : il d\u00e9core \u00e9galement sa moto de mani\u00e8re \u00ab\u00a0contemporaine\u00a0\u00bb.<br \/>\n-le poireau s&rsquo;arr\u00eate pour aider les autres poireaux, puis \u00e0 son tour se retrouve en difficult\u00e9.<br \/>\n-le poireau rigole en lisant ce descriptif, si tel n&rsquo;est pas le cas, il n&rsquo;a pas encore atteint le stade du poireau.<\/p>\n<p><strong style=\"font-size: 1.7em;\">D\u00e9couvrez nos poireaux d&rsquo;or, c&rsquo;est parti :<\/strong><\/p><\/blockquote>\n<ul>\n<li><a href=\"https:\/\/www.enduropale-passion.com\/touquet\/poireau-dor-2025-damien-hennebelle-913\/\"><strong>Poireau 2025 : Damien Hennebelle (Autruche-man)<\/strong><\/a><\/li>\n<li><strong><a href=\"https:\/\/www.enduropale-passion.com\/touquet\/dimitri-arnaud-et-benoit-lerat-poireaux-dor-2024\/\">Poireau 2024 : Dimitri Arnaud et Benoit LERAT<\/a> (<span style=\"font-size: 16px;\">second titre !)<\/span><\/strong><\/li>\n<li><strong><a href=\"https:\/\/www.enduropale-passion.com\/touquet\/poireau-dor-2023-raphael-planckeel\/\" target=\"_blank\" rel=\"noopener\">Poireau 2023 : Rapha\u00ebl Planckeel, le pilote \u00ab\u00a0nez\u00a0\u00bb<\/a> (<span style=\"font-size: 16px;\">second titre !)<\/span><\/strong><\/li>\n<li><a href=\"https:\/\/www.enduropale-passion.com\/touquet\/dimitri-arnaud-et-benoit-lerat-poireaux-dor-2022\/\" target=\"_blank\" rel=\"noopener\"><strong>Poireau 2022 : Dimitri ARNAUD et Beno\u00eet LERAT\u00a0<\/strong><\/a><\/li>\n<li><strong><a href=\"http:\/\/www.enduropale-passion.com\/touquet\/serge-nuques-enduro-du-toque\/\" target=\"_blank\" rel=\"noopener\">Poireau 2021 :\u00a0 Serge Nuques et son enduro du Toqu\u00e9<\/a><\/strong><\/li>\n<li><strong><a href=\"http:\/\/www.enduropale-passion.com\/touquet\/poireau-dor-2020-vadim-gergaud-et-pepita\/\" target=\"_blank\" rel=\"noopener\">Poireau 2020 : Le bin\u00f4me Vadim Gergaud surmont\u00e9 de \u00ab\u00a0P\u00e9pita\u00a0\u00bb<\/a><\/strong><\/li>\n<li><strong><a href=\"http:\/\/www.enduropale-passion.com\/touquet\/tartare-joachim\/\" target=\"_blank\" rel=\"noopener\">Poireau 2019 : Joachim Tartare<\/a><\/strong><\/li>\n<li><strong><a href=\"http:\/\/www.enduropale-passion.com\/touquet\/sebastien-vanbaelen-poireaux-dor-2018\/\" target=\"_blank\" rel=\"noopener noreferrer\">Poireau 2018 : S\u00e9bastien Vanbaelen<\/a><\/strong><\/li>\n<li><strong><a href=\"http:\/\/www.enduropale-passion.com\/touquet\/poireau-dor-2017\/\" target=\"_blank\" rel=\"noopener noreferrer\">Poireau 2017 : Raphael Planckeel<\/a><\/strong><\/li>\n<li><strong><a href=\"http:\/\/www.enduropale-passion.com\/touquet\/poireau-dor-2016\/\" target=\"_blank\" rel=\"noopener noreferrer\">Poireau 2016 :\u00a0<span class=\"Style1\">Charles Lehmann<\/span><\/a><\/strong><\/li>\n<li>Poireau 2015 : Pilote disqualifi\u00e9 pour tricherie<\/li>\n<li><strong><a href=\"http:\/\/www.enduropale-passion.com\/touquet\/poireau-dor-2014\/\" target=\"_blank\" rel=\"noopener noreferrer\">Poireau 2014 : Julien Delcuse<\/a><\/strong><\/li>\n<li><strong><a href=\"http:\/\/www.enduropale-passion.com\/touquet\/poireau-dor-2013\/\" target=\"_blank\" rel=\"noopener noreferrer\">Poireau 2013 :\u00a0Fred\u00e9ric Nogues<\/a><\/strong><\/li>\n<li><strong><a href=\"https:\/\/www.enduropale-passion.com\/touquet\/poireau-dor-2010\/\" target=\"_blank\" rel=\"noopener noreferrer\">Poireau 2010 :\u00a0Charles ANDRIEUX<\/a><\/strong><\/li>\n<\/ul>\n<p style=\"text-align: center;\"><script async src=\"\/\/pagead2.googlesyndication.com\/pagead\/js\/adsbygoogle.js\"><\/script><br \/>\n<!-- moto --><br \/>\n<ins class=\"adsbygoogle\" style=\"display: block;\" data-ad-client=\"ca-pub-9056633368196356\" data-ad-slot=\"5337112507\" data-ad-format=\"auto\"><\/ins><br \/>\n<script>\n(adsbygoogle = window.adsbygoogle || []).push({});\n<\/script><\/p>\n","protected":false},"excerpt":{"rendered":"<p>Un poireau \u00e0 l&rsquo;Enduropale ? &nbsp; Le poireau est\u00a0LE pilote de l&rsquo;enduro du Touquet qui se distingue des professionnels par ses capacit\u00e9s et ses aptitudes toujours plus remarquables d&rsquo;ann\u00e9es en ann\u00e9es \u00e0 se planter pendant la course. Cette appellation remonte au temps b\u00e9ni du \u00ab\u00a0goulet\u00a0\u00bb o\u00f9 plus de 1000 motards \u00ab\u00a0jardiniers\u00a0\u00bb venaient s&rsquo;\u00e9chouer lamentablement pour [&hellip;]<\/p>\n","protected":false},"author":1,"featured_media":6487,"parent":0,"menu_order":0,"comment_status":"closed","ping_status":"closed","template":"","meta":{"site-sidebar-layout":"default","site-content-layout":"default","ast-site-content-layout":"","site-content-style":"default","site-sidebar-style":"default","ast-global-header-display":"","ast-banner-title-visibility":"","ast-main-header-display":"","ast-hfb-above-header-display":"","ast-hfb-below-header-display":"","ast-hfb-mobile-header-display":"","site-post-title":"","ast-breadcrumbs-content":"","ast-featured-img":"","footer-sml-layout":"","theme-transparent-header-meta":"default","adv-header-id-meta":"","stick-header-meta":"","header-above-stick-meta":"","header-main-stick-meta":"","header-below-stick-meta":"","astra-migrate-meta-layouts":"default","ast-page-background-enabled":"default","ast-page-background-meta":{"desktop":{"background-color":"var(--ast-global-color-4)","background-image":"","background-repeat":"repeat","background-position":"center center","background-size":"auto","background-attachment":"scroll","background-type":"","background-media":"","overlay-type":"","overlay-color":"","overlay-opacity":"","overlay-gradient":""},"tablet":{"background-color":"","background-image":"","background-repeat":"repeat","background-position":"center center","background-size":"auto","background-attachment":"scroll","background-type":"","background-media":"","overlay-type":"","overlay-color":"","overlay-opacity":"","overlay-gradient":""},"mobile":{"background-color":"","background-image":"","background-repeat":"repeat","background-position":"center center","background-size":"auto","background-attachment":"scroll","background-type":"","background-media":"","overlay-type":"","overlay-color":"","overlay-opacity":"","overlay-gradient":""}},"ast-content-background-meta":{"desktop":{"background-color":"var(--ast-global-color-5)","background-image":"","background-repeat":"repeat","background-position":"center center","background-size":"auto","background-attachment":"scroll","background-type":"","background-media":"","overlay-type":"","overlay-color":"","overlay-opacity":"","overlay-gradient":""},"tablet":{"background-color":"var(--ast-global-color-5)","background-image":"","background-repeat":"repeat","background-position":"center center","background-size":"auto","background-attachment":"scroll","background-type":"","background-media":"","overlay-type":"","overlay-color":"","overlay-opacity":"","overlay-gradient":""},"mobile":{"background-color":"var(--ast-global-color-5)","background-image":"","background-repeat":"repeat","background-position":"center center","background-size":"auto","background-attachment":"scroll","background-type":"","background-media":"","overlay-type":"","overlay-color":"","overlay-opacity":"","overlay-gradient":""}},"footnotes":""},"class_list":["post-55","page","type-page","status-publish","has-post-thumbnail","hentry"],"yoast_head":"<!-- This site is optimized with the Yoast SEO plugin v27.3 - https:\/\/yoast.com\/product\/yoast-seo-wordpress\/ -->\n<title>Poireau d&#039;Or Enduropale<\/title>\n<meta name=\"description\" content=\"Le poireau d&#039;or est remis \u00e0 celui ou celle qui aura brill\u00e9 par son incomp\u00e9tence notoire sur l&#039;enduropale. Humour et d\u00e9rision demand\u00e9s !\" \/>\n<meta name=\"robots\" content=\"index, follow, max-snippet:-1, max-image-preview:large, max-video-preview:-1\" \/>\n<link rel=\"canonical\" href=\"https:\/\/www.enduropale-passion.com\/touquet\/les-poireaux-dor\/\" \/>\n<script type=\"application\/ld+json\" class=\"yoast-schema-graph\">{\"@context\":\"https:\\\/\\\/schema.org\",\"@graph\":[{\"@type\":\"NewsArticle\",\"@id\":\"https:\\\/\\\/www.enduropale-passion.com\\\/touquet\\\/les-poireaux-dor\\\/#article\",\"isPartOf\":{\"@id\":\"https:\\\/\\\/www.enduropale-passion.com\\\/touquet\\\/les-poireaux-dor\\\/\"},\"author\":{\"name\":\"jean-marc\",\"@id\":\"https:\\\/\\\/www.enduropale-passion.com\\\/touquet\\\/#\\\/schema\\\/person\\\/d3beef060ca1ae808ca028d5f2f4d3ab\"},\"headline\":\"Les poireaux d&rsquo;or !\",\"datePublished\":\"2017-12-14T14:01:56+00:00\",\"dateModified\":\"2025-02-14T09:24:04+00:00\",\"mainEntityOfPage\":{\"@id\":\"https:\\\/\\\/www.enduropale-passion.com\\\/touquet\\\/les-poireaux-dor\\\/\"},\"wordCount\":377,\"publisher\":{\"@id\":\"https:\\\/\\\/www.enduropale-passion.com\\\/touquet\\\/#organization\"},\"image\":{\"@id\":\"https:\\\/\\\/www.enduropale-passion.com\\\/touquet\\\/les-poireaux-dor\\\/#primaryimage\"},\"thumbnailUrl\":\"https:\\\/\\\/www.enduropale-passion.com\\\/touquet\\\/wp-content\\\/uploads\\\/2022\\\/03\\\/Charles-Lehmann-poireau-dor.jpg\",\"inLanguage\":\"fr-FR\"},{\"@type\":\"WebPage\",\"@id\":\"https:\\\/\\\/www.enduropale-passion.com\\\/touquet\\\/les-poireaux-dor\\\/\",\"url\":\"https:\\\/\\\/www.enduropale-passion.com\\\/touquet\\\/les-poireaux-dor\\\/\",\"name\":\"Poireau d'Or Enduropale\",\"isPartOf\":{\"@id\":\"https:\\\/\\\/www.enduropale-passion.com\\\/touquet\\\/#website\"},\"primaryImageOfPage\":{\"@id\":\"https:\\\/\\\/www.enduropale-passion.com\\\/touquet\\\/les-poireaux-dor\\\/#primaryimage\"},\"image\":{\"@id\":\"https:\\\/\\\/www.enduropale-passion.com\\\/touquet\\\/les-poireaux-dor\\\/#primaryimage\"},\"thumbnailUrl\":\"https:\\\/\\\/www.enduropale-passion.com\\\/touquet\\\/wp-content\\\/uploads\\\/2022\\\/03\\\/Charles-Lehmann-poireau-dor.jpg\",\"datePublished\":\"2017-12-14T14:01:56+00:00\",\"dateModified\":\"2025-02-14T09:24:04+00:00\",\"description\":\"Le poireau d'or est remis \u00e0 celui ou celle qui aura brill\u00e9 par son incomp\u00e9tence notoire sur l'enduropale. Humour et d\u00e9rision demand\u00e9s !\",\"breadcrumb\":{\"@id\":\"https:\\\/\\\/www.enduropale-passion.com\\\/touquet\\\/les-poireaux-dor\\\/#breadcrumb\"},\"inLanguage\":\"fr-FR\",\"potentialAction\":[{\"@type\":\"ReadAction\",\"target\":[\"https:\\\/\\\/www.enduropale-passion.com\\\/touquet\\\/les-poireaux-dor\\\/\"]}]},{\"@type\":\"ImageObject\",\"inLanguage\":\"fr-FR\",\"@id\":\"https:\\\/\\\/www.enduropale-passion.com\\\/touquet\\\/les-poireaux-dor\\\/#primaryimage\",\"url\":\"https:\\\/\\\/www.enduropale-passion.com\\\/touquet\\\/wp-content\\\/uploads\\\/2022\\\/03\\\/Charles-Lehmann-poireau-dor.jpg\",\"contentUrl\":\"https:\\\/\\\/www.enduropale-passion.com\\\/touquet\\\/wp-content\\\/uploads\\\/2022\\\/03\\\/Charles-Lehmann-poireau-dor.jpg\",\"width\":1600,\"height\":594},{\"@type\":\"BreadcrumbList\",\"@id\":\"https:\\\/\\\/www.enduropale-passion.com\\\/touquet\\\/les-poireaux-dor\\\/#breadcrumb\",\"itemListElement\":[{\"@type\":\"ListItem\",\"position\":1,\"name\":\"Accueil\",\"item\":\"https:\\\/\\\/www.enduropale-passion.com\\\/touquet\\\/\"},{\"@type\":\"ListItem\",\"position\":2,\"name\":\"Les poireaux d&rsquo;or !\"}]},{\"@type\":\"WebSite\",\"@id\":\"https:\\\/\\\/www.enduropale-passion.com\\\/touquet\\\/#website\",\"url\":\"https:\\\/\\\/www.enduropale-passion.com\\\/touquet\\\/\",\"name\":\"Enduropale, Quaduro et Vintage 2026\",\"description\":\"Championnat du monde des sables\",\"publisher\":{\"@id\":\"https:\\\/\\\/www.enduropale-passion.com\\\/touquet\\\/#organization\"},\"potentialAction\":[{\"@type\":\"SearchAction\",\"target\":{\"@type\":\"EntryPoint\",\"urlTemplate\":\"https:\\\/\\\/www.enduropale-passion.com\\\/touquet\\\/?s={search_term_string}\"},\"query-input\":{\"@type\":\"PropertyValueSpecification\",\"valueRequired\":true,\"valueName\":\"search_term_string\"}}],\"inLanguage\":\"fr-FR\"},{\"@type\":\"Organization\",\"@id\":\"https:\\\/\\\/www.enduropale-passion.com\\\/touquet\\\/#organization\",\"name\":\"Enduropale Passion\",\"url\":\"https:\\\/\\\/www.enduropale-passion.com\\\/touquet\\\/\",\"logo\":{\"@type\":\"ImageObject\",\"inLanguage\":\"fr-FR\",\"@id\":\"https:\\\/\\\/www.enduropale-passion.com\\\/touquet\\\/#\\\/schema\\\/logo\\\/image\\\/\",\"url\":\"https:\\\/\\\/www.enduropale-passion.com\\\/touquet\\\/wp-content\\\/uploads\\\/2018\\\/01\\\/rect5318a.png\",\"contentUrl\":\"https:\\\/\\\/www.enduropale-passion.com\\\/touquet\\\/wp-content\\\/uploads\\\/2018\\\/01\\\/rect5318a.png\",\"width\":1178,\"height\":389,\"caption\":\"Enduropale Passion\"},\"image\":{\"@id\":\"https:\\\/\\\/www.enduropale-passion.com\\\/touquet\\\/#\\\/schema\\\/logo\\\/image\\\/\"}},{\"@type\":\"Person\",\"@id\":\"https:\\\/\\\/www.enduropale-passion.com\\\/touquet\\\/#\\\/schema\\\/person\\\/d3beef060ca1ae808ca028d5f2f4d3ab\",\"name\":\"jean-marc\",\"image\":{\"@type\":\"ImageObject\",\"inLanguage\":\"fr-FR\",\"@id\":\"https:\\\/\\\/secure.gravatar.com\\\/avatar\\\/da63a71c7b3c891d13f316f979f70f394c40b51eff8683f7ed50dcaf88d1bfc2?s=96&r=g\",\"url\":\"https:\\\/\\\/secure.gravatar.com\\\/avatar\\\/da63a71c7b3c891d13f316f979f70f394c40b51eff8683f7ed50dcaf88d1bfc2?s=96&r=g\",\"contentUrl\":\"https:\\\/\\\/secure.gravatar.com\\\/avatar\\\/da63a71c7b3c891d13f316f979f70f394c40b51eff8683f7ed50dcaf88d1bfc2?s=96&r=g\",\"caption\":\"jean-marc\"}}]}<\/script>\n<!-- \/ Yoast SEO plugin. -->","yoast_head_json":{"title":"Poireau d'Or Enduropale","description":"Le poireau d'or est remis \u00e0 celui ou celle qui aura brill\u00e9 par son incomp\u00e9tence notoire sur l'enduropale. Humour et d\u00e9rision demand\u00e9s !","robots":{"index":"index","follow":"follow","max-snippet":"max-snippet:-1","max-image-preview":"max-image-preview:large","max-video-preview":"max-video-preview:-1"},"canonical":"https:\/\/www.enduropale-passion.com\/touquet\/les-poireaux-dor\/","schema":{"@context":"https:\/\/schema.org","@graph":[{"@type":"NewsArticle","@id":"https:\/\/www.enduropale-passion.com\/touquet\/les-poireaux-dor\/#article","isPartOf":{"@id":"https:\/\/www.enduropale-passion.com\/touquet\/les-poireaux-dor\/"},"author":{"name":"jean-marc","@id":"https:\/\/www.enduropale-passion.com\/touquet\/#\/schema\/person\/d3beef060ca1ae808ca028d5f2f4d3ab"},"headline":"Les poireaux d&rsquo;or !","datePublished":"2017-12-14T14:01:56+00:00","dateModified":"2025-02-14T09:24:04+00:00","mainEntityOfPage":{"@id":"https:\/\/www.enduropale-passion.com\/touquet\/les-poireaux-dor\/"},"wordCount":377,"publisher":{"@id":"https:\/\/www.enduropale-passion.com\/touquet\/#organization"},"image":{"@id":"https:\/\/www.enduropale-passion.com\/touquet\/les-poireaux-dor\/#primaryimage"},"thumbnailUrl":"https:\/\/www.enduropale-passion.com\/touquet\/wp-content\/uploads\/2022\/03\/Charles-Lehmann-poireau-dor.jpg","inLanguage":"fr-FR"},{"@type":"WebPage","@id":"https:\/\/www.enduropale-passion.com\/touquet\/les-poireaux-dor\/","url":"https:\/\/www.enduropale-passion.com\/touquet\/les-poireaux-dor\/","name":"Poireau d'Or Enduropale","isPartOf":{"@id":"https:\/\/www.enduropale-passion.com\/touquet\/#website"},"primaryImageOfPage":{"@id":"https:\/\/www.enduropale-passion.com\/touquet\/les-poireaux-dor\/#primaryimage"},"image":{"@id":"https:\/\/www.enduropale-passion.com\/touquet\/les-poireaux-dor\/#primaryimage"},"thumbnailUrl":"https:\/\/www.enduropale-passion.com\/touquet\/wp-content\/uploads\/2022\/03\/Charles-Lehmann-poireau-dor.jpg","datePublished":"2017-12-14T14:01:56+00:00","dateModified":"2025-02-14T09:24:04+00:00","description":"Le poireau d'or est remis \u00e0 celui ou celle qui aura brill\u00e9 par son incomp\u00e9tence notoire sur l'enduropale. Humour et d\u00e9rision demand\u00e9s !","breadcrumb":{"@id":"https:\/\/www.enduropale-passion.com\/touquet\/les-poireaux-dor\/#breadcrumb"},"inLanguage":"fr-FR","potentialAction":[{"@type":"ReadAction","target":["https:\/\/www.enduropale-passion.com\/touquet\/les-poireaux-dor\/"]}]},{"@type":"ImageObject","inLanguage":"fr-FR","@id":"https:\/\/www.enduropale-passion.com\/touquet\/les-poireaux-dor\/#primaryimage","url":"https:\/\/www.enduropale-passion.com\/touquet\/wp-content\/uploads\/2022\/03\/Charles-Lehmann-poireau-dor.jpg","contentUrl":"https:\/\/www.enduropale-passion.com\/touquet\/wp-content\/uploads\/2022\/03\/Charles-Lehmann-poireau-dor.jpg","width":1600,"height":594},{"@type":"BreadcrumbList","@id":"https:\/\/www.enduropale-passion.com\/touquet\/les-poireaux-dor\/#breadcrumb","itemListElement":[{"@type":"ListItem","position":1,"name":"Accueil","item":"https:\/\/www.enduropale-passion.com\/touquet\/"},{"@type":"ListItem","position":2,"name":"Les poireaux d&rsquo;or !"}]},{"@type":"WebSite","@id":"https:\/\/www.enduropale-passion.com\/touquet\/#website","url":"https:\/\/www.enduropale-passion.com\/touquet\/","name":"Enduropale, Quaduro et Vintage 2026","description":"Championnat du monde des sables","publisher":{"@id":"https:\/\/www.enduropale-passion.com\/touquet\/#organization"},"potentialAction":[{"@type":"SearchAction","target":{"@type":"EntryPoint","urlTemplate":"https:\/\/www.enduropale-passion.com\/touquet\/?s={search_term_string}"},"query-input":{"@type":"PropertyValueSpecification","valueRequired":true,"valueName":"search_term_string"}}],"inLanguage":"fr-FR"},{"@type":"Organization","@id":"https:\/\/www.enduropale-passion.com\/touquet\/#organization","name":"Enduropale Passion","url":"https:\/\/www.enduropale-passion.com\/touquet\/","logo":{"@type":"ImageObject","inLanguage":"fr-FR","@id":"https:\/\/www.enduropale-passion.com\/touquet\/#\/schema\/logo\/image\/","url":"https:\/\/www.enduropale-passion.com\/touquet\/wp-content\/uploads\/2018\/01\/rect5318a.png","contentUrl":"https:\/\/www.enduropale-passion.com\/touquet\/wp-content\/uploads\/2018\/01\/rect5318a.png","width":1178,"height":389,"caption":"Enduropale Passion"},"image":{"@id":"https:\/\/www.enduropale-passion.com\/touquet\/#\/schema\/logo\/image\/"}},{"@type":"Person","@id":"https:\/\/www.enduropale-passion.com\/touquet\/#\/schema\/person\/d3beef060ca1ae808ca028d5f2f4d3ab","name":"jean-marc","image":{"@type":"ImageObject","inLanguage":"fr-FR","@id":"https:\/\/secure.gravatar.com\/avatar\/da63a71c7b3c891d13f316f979f70f394c40b51eff8683f7ed50dcaf88d1bfc2?s=96&r=g","url":"https:\/\/secure.gravatar.com\/avatar\/da63a71c7b3c891d13f316f979f70f394c40b51eff8683f7ed50dcaf88d1bfc2?s=96&r=g","contentUrl":"https:\/\/secure.gravatar.com\/avatar\/da63a71c7b3c891d13f316f979f70f394c40b51eff8683f7ed50dcaf88d1bfc2?s=96&r=g","caption":"jean-marc"}}]}},"_links":{"self":[{"href":"https:\/\/www.enduropale-passion.com\/touquet\/wp-json\/wp\/v2\/pages\/55","targetHints":{"allow":["GET"]}}],"collection":[{"href":"https:\/\/www.enduropale-passion.com\/touquet\/wp-json\/wp\/v2\/pages"}],"about":[{"href":"https:\/\/www.enduropale-passion.com\/touquet\/wp-json\/wp\/v2\/types\/page"}],"author":[{"embeddable":true,"href":"https:\/\/www.enduropale-passion.com\/touquet\/wp-json\/wp\/v2\/users\/1"}],"replies":[{"embeddable":true,"href":"https:\/\/www.enduropale-passion.com\/touquet\/wp-json\/wp\/v2\/comments?post=55"}],"version-history":[{"count":13,"href":"https:\/\/www.enduropale-passion.com\/touquet\/wp-json\/wp\/v2\/pages\/55\/revisions"}],"predecessor-version":[{"id":15971,"href":"https:\/\/www.enduropale-passion.com\/touquet\/wp-json\/wp\/v2\/pages\/55\/revisions\/15971"}],"wp:featuredmedia":[{"embeddable":true,"href":"https:\/\/www.enduropale-passion.com\/touquet\/wp-json\/wp\/v2\/media\/6487"}],"wp:attachment":[{"href":"https:\/\/www.enduropale-passion.com\/touquet\/wp-json\/wp\/v2\/media?parent=55"}],"curies":[{"name":"wp","href":"https:\/\/api.w.org\/{rel}","templated":true}]}}