{"id":94,"date":"2017-12-14T16:09:29","date_gmt":"2017-12-14T15:09:29","guid":{"rendered":"http:\/\/www.enduropale-passion.com\/touquet\/?page_id=94"},"modified":"2025-02-03T11:00:38","modified_gmt":"2025-02-03T10:00:38","slug":"enduro-du-touquet-1975-2005","status":"publish","type":"page","link":"https:\/\/www.enduropale-passion.com\/touquet\/enduro-du-touquet-1975-2005\/","title":{"rendered":"Enduro du Touquet (photos de 1975 \u00e0 2005)"},"content":{"rendered":"<p>Vous disposez vous aussi de photos, films et autres anecdotes \u00e0 propos des grandes heures de l&rsquo;enduro du Touquet ? Vous d\u00e9sirez les partager pour le plaisir de toutes et tous ? Il est possible de nous les envoyer afin qu&rsquo;ils ou elles soient r\u00e9pertori\u00e9(e)s au sein de notre site, gr\u00e2ce \u00e0 cette adresse mail : <a href=\"mailto:enduropale@hotmail.fr\">enduropale@hotmail.fr<\/a><\/p>\n<p><strong>Cliquez maintenant sur l&rsquo;ann\u00e9e qui vous int\u00e9resse et venez revivre en images les grands moments de l&rsquo;enduro du Touquet de 1975 \u00e0 2005 :<\/strong><\/p>\n<table border=\"0\" cellspacing=\"20\" align=\"center\">\n<tbody>\n<tr>\n<td><a href=\"https:\/\/www.enduropale-passion.com\/touquet\/enduro-du-touquet-1975\/\"><b>1975<\/b><\/a><\/td>\n<td><a href=\"https:\/\/www.enduropale-passion.com\/touquet\/enduro-du-touquet-1976\/\"><b>1976<\/b><\/a><\/td>\n<td><a href=\"https:\/\/www.enduropale-passion.com\/touquet\/enduro-du-touquet-1977-3eme-edition\/\"><b>1977<\/b><\/a><b><\/b><\/td>\n<td><strong><a href=\"https:\/\/www.enduropale-passion.com\/touquet\/enduro-du-touquet-1978\/\">1978<\/a><\/strong><\/td>\n<td><a href=\"https:\/\/www.enduropale-passion.com\/touquet\/enduro-1979\/\"><b>1979<\/b><\/a><\/td>\n<\/tr>\n<tr>\n<td><a href=\"https:\/\/www.enduropale-passion.com\/touquet\/enduro-1980\/\"><b>1980<\/b><\/a><\/td>\n<td><b><a href=\"http:\/\/www.enduropale-passion.com\/musee\/1981\/\">1981<\/a><\/b><\/td>\n<td><b><a href=\"http:\/\/www.enduropale-passion.com\/musee\/1982\/\">1982<\/a><\/b><\/td>\n<td><b><a href=\"http:\/\/www.enduropale-passion.com\/musee\/1983\/1983\">1983<\/a><\/b><\/td>\n<td><a href=\"https:\/\/www.enduropale-passion.com\/touquet\/10-eme-enduro-du-touquet-en-1984\/\"><b>1984<\/b><\/a><\/td>\n<\/tr>\n<tr>\n<td><a href=\"https:\/\/www.enduropale-passion.com\/touquet\/touquet-1985\/\"><b>1985<\/b><\/a><\/td>\n<td><b><a href=\"http:\/\/www.enduropale-passion.com\/musee\/1986\/enduro_touquet.htm\">1986<\/a><\/b><\/td>\n<td><b><a href=\"http:\/\/www.enduropale-passion.com\/musee\/1987\/touquet\/\">1987<\/a><\/b><\/td>\n<td><a href=\"https:\/\/www.enduropale-passion.com\/touquet\/enduro-touquet-1988\/\"><b>1988<\/b><\/a><b><\/b><\/td>\n<td><a href=\"https:\/\/www.enduropale-passion.com\/touquet\/enduro-du-touquet-1989\/\"><strong>1989<\/strong><\/a><\/td>\n<\/tr>\n<tr>\n<td><a href=\"https:\/\/www.enduropale-passion.com\/touquet\/enduro-du-touquet-1990\/\"><b>1990<\/b><\/a><\/td>\n<td><b>1991<\/b><\/td>\n<td><a href=\"https:\/\/www.enduropale-passion.com\/touquet\/enduro-du-touquet-1992\/\"><b>1992<\/b><\/a><\/td>\n<td><a href=\"https:\/\/www.enduropale-passion.com\/touquet\/enduro-du-touquet-1993\/\"><b>1993<\/b><\/a><\/td>\n<td><a href=\"https:\/\/www.enduropale-passion.com\/touquet\/enduro-du-touquet-1994\/\"><b>1994<\/b><\/a><\/td>\n<\/tr>\n<tr>\n<td><a href=\"https:\/\/www.enduropale-passion.com\/touquet\/enduro-1995\/\"><b>1995<\/b><\/a><\/td>\n<td><b><a href=\"https:\/\/www.enduropale-passion.com\/touquet\/1996-2\/\">1996<\/a><\/b><\/td>\n<td><a href=\"https:\/\/www.enduropale-passion.com\/touquet\/enduro-du-touquet-1997-5\/\"><b>1997<\/b><\/a><\/td>\n<td><a href=\"https:\/\/www.enduropale-passion.com\/touquet\/enduro-1998\/\"><b>1998<\/b><\/a><\/td>\n<td><a href=\"https:\/\/www.enduropale-passion.com\/touquet\/enduro-du-touquet-1999\/\"><b>1999<\/b><\/a><\/td>\n<\/tr>\n<tr>\n<td><b><a href=\"http:\/\/www.enduropale-passion.com\/musee\/2000\/enduro_touquet.htm\">2000<\/a><\/b><\/td>\n<td><a href=\"https:\/\/www.enduropale-passion.com\/touquet\/enduro-du-touquet-2001\/\"><b>2001<\/b><\/a><\/td>\n<td><a href=\"https:\/\/www.enduropale-passion.com\/touquet\/enduro-du-touquet-2002\/\"><b>2002<\/b><\/a><\/td>\n<td><a href=\"https:\/\/www.enduropale-passion.com\/touquet\/enduro-2003-8\/\"><b>2003<\/b><\/a><\/td>\n<td><b><a href=\"http:\/\/www.enduropale-passion.com\/musee\/2004\/enduro_touquet.htm\">2004<\/a><\/b><\/td>\n<\/tr>\n<tr>\n<td><b><a href=\"https:\/\/www.enduropale-passion.com\/touquet\/enduro-du-touquet-2005\/\">2005<\/a><\/b><\/td>\n<td><b><a href=\"http:\/\/www.enduropale-passion.com\/musee\/divers\/index.html\">Divers<\/a><\/b><\/td>\n<\/tr>\n<\/tbody>\n<\/table>\n<p style=\"text-align: center;\"><script async src=\"\/\/pagead2.googlesyndication.com\/pagead\/js\/adsbygoogle.js\"><\/script><br \/>\n<!-- moto --><br \/>\n<ins class=\"adsbygoogle\" style=\"display: block;\" data-ad-client=\"ca-pub-9056633368196356\" data-ad-slot=\"5337112507\" data-ad-format=\"auto\"><\/ins><br \/>\n<script>\n(adsbygoogle = window.adsbygoogle || []).push({});\n<\/script><\/p>\n","protected":false},"excerpt":{"rendered":"<p>Vous disposez vous aussi de photos, films et autres anecdotes \u00e0 propos des grandes heures de l&rsquo;enduro du Touquet ? Vous d\u00e9sirez les partager pour le plaisir de toutes et tous ? Il est possible de nous les envoyer afin qu&rsquo;ils ou elles soient r\u00e9pertori\u00e9(e)s au sein de notre site, gr\u00e2ce \u00e0 cette adresse mail [&hellip;]<\/p>\n","protected":false},"author":1,"featured_media":6420,"parent":0,"menu_order":0,"comment_status":"closed","ping_status":"closed","template":"","meta":{"site-sidebar-layout":"default","site-content-layout":"default","ast-site-content-layout":"","site-content-style":"default","site-sidebar-style":"default","ast-global-header-display":"","ast-banner-title-visibility":"","ast-main-header-display":"","ast-hfb-above-header-display":"","ast-hfb-below-header-display":"","ast-hfb-mobile-header-display":"","site-post-title":"","ast-breadcrumbs-content":"","ast-featured-img":"","footer-sml-layout":"","theme-transparent-header-meta":"default","adv-header-id-meta":"","stick-header-meta":"","header-above-stick-meta":"","header-main-stick-meta":"","header-below-stick-meta":"","astra-migrate-meta-layouts":"default","ast-page-background-enabled":"default","ast-page-background-meta":{"desktop":{"background-color":"var(--ast-global-color-4)","background-image":"","background-repeat":"repeat","background-position":"center center","background-size":"auto","background-attachment":"scroll","background-type":"","background-media":"","overlay-type":"","overlay-color":"","overlay-opacity":"","overlay-gradient":""},"tablet":{"background-color":"","background-image":"","background-repeat":"repeat","background-position":"center center","background-size":"auto","background-attachment":"scroll","background-type":"","background-media":"","overlay-type":"","overlay-color":"","overlay-opacity":"","overlay-gradient":""},"mobile":{"background-color":"","background-image":"","background-repeat":"repeat","background-position":"center center","background-size":"auto","background-attachment":"scroll","background-type":"","background-media":"","overlay-type":"","overlay-color":"","overlay-opacity":"","overlay-gradient":""}},"ast-content-background-meta":{"desktop":{"background-color":"var(--ast-global-color-5)","background-image":"","background-repeat":"repeat","background-position":"center center","background-size":"auto","background-attachment":"scroll","background-type":"","background-media":"","overlay-type":"","overlay-color":"","overlay-opacity":"","overlay-gradient":""},"tablet":{"background-color":"var(--ast-global-color-5)","background-image":"","background-repeat":"repeat","background-position":"center center","background-size":"auto","background-attachment":"scroll","background-type":"","background-media":"","overlay-type":"","overlay-color":"","overlay-opacity":"","overlay-gradient":""},"mobile":{"background-color":"var(--ast-global-color-5)","background-image":"","background-repeat":"repeat","background-position":"center center","background-size":"auto","background-attachment":"scroll","background-type":"","background-media":"","overlay-type":"","overlay-color":"","overlay-opacity":"","overlay-gradient":""}},"footnotes":""},"class_list":["post-94","page","type-page","status-publish","has-post-thumbnail","hentry"],"yoast_head":"<!-- This site is optimized with the Yoast SEO plugin v27.5 - https:\/\/yoast.com\/product\/yoast-seo-wordpress\/ -->\n<title>L&#039;enduro du Touquet tire ses heures de gloires de 1975 \u00e0 2005<\/title>\n<meta name=\"description\" content=\"Cette course enduro des sables se tient depuis 1975 entre Le Touquet, Merlimont et Stella-Plage (Cucq). Elle m\u00e9lange pilotes chevronn\u00e9s et amateurs autour d&#039;une m\u00eame passion : la moto cross enduro.\" \/>\n<meta name=\"robots\" content=\"index, follow, max-snippet:-1, max-image-preview:large, max-video-preview:-1\" \/>\n<link rel=\"canonical\" href=\"https:\/\/www.enduropale-passion.com\/touquet\/enduro-du-touquet-1975-2005\/\" \/>\n<script type=\"application\/ld+json\" class=\"yoast-schema-graph\">{\"@context\":\"https:\\\/\\\/schema.org\",\"@graph\":[{\"@type\":\"NewsArticle\",\"@id\":\"https:\\\/\\\/www.enduropale-passion.com\\\/touquet\\\/enduro-du-touquet-1975-2005\\\/#article\",\"isPartOf\":{\"@id\":\"https:\\\/\\\/www.enduropale-passion.com\\\/touquet\\\/enduro-du-touquet-1975-2005\\\/\"},\"author\":{\"name\":\"jean-marc\",\"@id\":\"https:\\\/\\\/www.enduropale-passion.com\\\/touquet\\\/#\\\/schema\\\/person\\\/d3beef060ca1ae808ca028d5f2f4d3ab\"},\"headline\":\"Enduro du Touquet (photos de 1975 \u00e0 2005)\",\"datePublished\":\"2017-12-14T15:09:29+00:00\",\"dateModified\":\"2025-02-03T10:00:38+00:00\",\"mainEntityOfPage\":{\"@id\":\"https:\\\/\\\/www.enduropale-passion.com\\\/touquet\\\/enduro-du-touquet-1975-2005\\\/\"},\"wordCount\":91,\"publisher\":{\"@id\":\"https:\\\/\\\/www.enduropale-passion.com\\\/touquet\\\/#organization\"},\"image\":{\"@id\":\"https:\\\/\\\/www.enduropale-passion.com\\\/touquet\\\/enduro-du-touquet-1975-2005\\\/#primaryimage\"},\"thumbnailUrl\":\"https:\\\/\\\/www.enduropale-passion.com\\\/touquet\\\/wp-content\\\/uploads\\\/2022\\\/03\\\/enduro-touquet-1977.jpg\",\"inLanguage\":\"fr-FR\"},{\"@type\":\"WebPage\",\"@id\":\"https:\\\/\\\/www.enduropale-passion.com\\\/touquet\\\/enduro-du-touquet-1975-2005\\\/\",\"url\":\"https:\\\/\\\/www.enduropale-passion.com\\\/touquet\\\/enduro-du-touquet-1975-2005\\\/\",\"name\":\"L'enduro du Touquet tire ses heures de gloires de 1975 \u00e0 2005\",\"isPartOf\":{\"@id\":\"https:\\\/\\\/www.enduropale-passion.com\\\/touquet\\\/#website\"},\"primaryImageOfPage\":{\"@id\":\"https:\\\/\\\/www.enduropale-passion.com\\\/touquet\\\/enduro-du-touquet-1975-2005\\\/#primaryimage\"},\"image\":{\"@id\":\"https:\\\/\\\/www.enduropale-passion.com\\\/touquet\\\/enduro-du-touquet-1975-2005\\\/#primaryimage\"},\"thumbnailUrl\":\"https:\\\/\\\/www.enduropale-passion.com\\\/touquet\\\/wp-content\\\/uploads\\\/2022\\\/03\\\/enduro-touquet-1977.jpg\",\"datePublished\":\"2017-12-14T15:09:29+00:00\",\"dateModified\":\"2025-02-03T10:00:38+00:00\",\"description\":\"Cette course enduro des sables se tient depuis 1975 entre Le Touquet, Merlimont et Stella-Plage (Cucq). Elle m\u00e9lange pilotes chevronn\u00e9s et amateurs autour d'une m\u00eame passion : la moto cross enduro.\",\"breadcrumb\":{\"@id\":\"https:\\\/\\\/www.enduropale-passion.com\\\/touquet\\\/enduro-du-touquet-1975-2005\\\/#breadcrumb\"},\"inLanguage\":\"fr-FR\",\"potentialAction\":[{\"@type\":\"ReadAction\",\"target\":[\"https:\\\/\\\/www.enduropale-passion.com\\\/touquet\\\/enduro-du-touquet-1975-2005\\\/\"]}]},{\"@type\":\"ImageObject\",\"inLanguage\":\"fr-FR\",\"@id\":\"https:\\\/\\\/www.enduropale-passion.com\\\/touquet\\\/enduro-du-touquet-1975-2005\\\/#primaryimage\",\"url\":\"https:\\\/\\\/www.enduropale-passion.com\\\/touquet\\\/wp-content\\\/uploads\\\/2022\\\/03\\\/enduro-touquet-1977.jpg\",\"contentUrl\":\"https:\\\/\\\/www.enduropale-passion.com\\\/touquet\\\/wp-content\\\/uploads\\\/2022\\\/03\\\/enduro-touquet-1977.jpg\",\"width\":2000,\"height\":807},{\"@type\":\"BreadcrumbList\",\"@id\":\"https:\\\/\\\/www.enduropale-passion.com\\\/touquet\\\/enduro-du-touquet-1975-2005\\\/#breadcrumb\",\"itemListElement\":[{\"@type\":\"ListItem\",\"position\":1,\"name\":\"Accueil\",\"item\":\"https:\\\/\\\/www.enduropale-passion.com\\\/touquet\\\/\"},{\"@type\":\"ListItem\",\"position\":2,\"name\":\"Enduro du Touquet (photos de 1975 \u00e0 2005)\"}]},{\"@type\":\"WebSite\",\"@id\":\"https:\\\/\\\/www.enduropale-passion.com\\\/touquet\\\/#website\",\"url\":\"https:\\\/\\\/www.enduropale-passion.com\\\/touquet\\\/\",\"name\":\"Enduropale, Quaduro et Vintage 2026\",\"description\":\"Championnat du monde des sables\",\"publisher\":{\"@id\":\"https:\\\/\\\/www.enduropale-passion.com\\\/touquet\\\/#organization\"},\"potentialAction\":[{\"@type\":\"SearchAction\",\"target\":{\"@type\":\"EntryPoint\",\"urlTemplate\":\"https:\\\/\\\/www.enduropale-passion.com\\\/touquet\\\/?s={search_term_string}\"},\"query-input\":{\"@type\":\"PropertyValueSpecification\",\"valueRequired\":true,\"valueName\":\"search_term_string\"}}],\"inLanguage\":\"fr-FR\"},{\"@type\":\"Organization\",\"@id\":\"https:\\\/\\\/www.enduropale-passion.com\\\/touquet\\\/#organization\",\"name\":\"Enduropale Passion\",\"url\":\"https:\\\/\\\/www.enduropale-passion.com\\\/touquet\\\/\",\"logo\":{\"@type\":\"ImageObject\",\"inLanguage\":\"fr-FR\",\"@id\":\"https:\\\/\\\/www.enduropale-passion.com\\\/touquet\\\/#\\\/schema\\\/logo\\\/image\\\/\",\"url\":\"https:\\\/\\\/www.enduropale-passion.com\\\/touquet\\\/wp-content\\\/uploads\\\/2018\\\/01\\\/rect5318a.png\",\"contentUrl\":\"https:\\\/\\\/www.enduropale-passion.com\\\/touquet\\\/wp-content\\\/uploads\\\/2018\\\/01\\\/rect5318a.png\",\"width\":1178,\"height\":389,\"caption\":\"Enduropale Passion\"},\"image\":{\"@id\":\"https:\\\/\\\/www.enduropale-passion.com\\\/touquet\\\/#\\\/schema\\\/logo\\\/image\\\/\"}},{\"@type\":\"Person\",\"@id\":\"https:\\\/\\\/www.enduropale-passion.com\\\/touquet\\\/#\\\/schema\\\/person\\\/d3beef060ca1ae808ca028d5f2f4d3ab\",\"name\":\"jean-marc\",\"image\":{\"@type\":\"ImageObject\",\"inLanguage\":\"fr-FR\",\"@id\":\"https:\\\/\\\/secure.gravatar.com\\\/avatar\\\/da63a71c7b3c891d13f316f979f70f394c40b51eff8683f7ed50dcaf88d1bfc2?s=96&r=g\",\"url\":\"https:\\\/\\\/secure.gravatar.com\\\/avatar\\\/da63a71c7b3c891d13f316f979f70f394c40b51eff8683f7ed50dcaf88d1bfc2?s=96&r=g\",\"contentUrl\":\"https:\\\/\\\/secure.gravatar.com\\\/avatar\\\/da63a71c7b3c891d13f316f979f70f394c40b51eff8683f7ed50dcaf88d1bfc2?s=96&r=g\",\"caption\":\"jean-marc\"}}]}<\/script>\n<!-- \/ Yoast SEO plugin. -->","yoast_head_json":{"title":"L'enduro du Touquet tire ses heures de gloires de 1975 \u00e0 2005","description":"Cette course enduro des sables se tient depuis 1975 entre Le Touquet, Merlimont et Stella-Plage (Cucq). Elle m\u00e9lange pilotes chevronn\u00e9s et amateurs autour d'une m\u00eame passion : la moto cross enduro.","robots":{"index":"index","follow":"follow","max-snippet":"max-snippet:-1","max-image-preview":"max-image-preview:large","max-video-preview":"max-video-preview:-1"},"canonical":"https:\/\/www.enduropale-passion.com\/touquet\/enduro-du-touquet-1975-2005\/","schema":{"@context":"https:\/\/schema.org","@graph":[{"@type":"NewsArticle","@id":"https:\/\/www.enduropale-passion.com\/touquet\/enduro-du-touquet-1975-2005\/#article","isPartOf":{"@id":"https:\/\/www.enduropale-passion.com\/touquet\/enduro-du-touquet-1975-2005\/"},"author":{"name":"jean-marc","@id":"https:\/\/www.enduropale-passion.com\/touquet\/#\/schema\/person\/d3beef060ca1ae808ca028d5f2f4d3ab"},"headline":"Enduro du Touquet (photos de 1975 \u00e0 2005)","datePublished":"2017-12-14T15:09:29+00:00","dateModified":"2025-02-03T10:00:38+00:00","mainEntityOfPage":{"@id":"https:\/\/www.enduropale-passion.com\/touquet\/enduro-du-touquet-1975-2005\/"},"wordCount":91,"publisher":{"@id":"https:\/\/www.enduropale-passion.com\/touquet\/#organization"},"image":{"@id":"https:\/\/www.enduropale-passion.com\/touquet\/enduro-du-touquet-1975-2005\/#primaryimage"},"thumbnailUrl":"https:\/\/www.enduropale-passion.com\/touquet\/wp-content\/uploads\/2022\/03\/enduro-touquet-1977.jpg","inLanguage":"fr-FR"},{"@type":"WebPage","@id":"https:\/\/www.enduropale-passion.com\/touquet\/enduro-du-touquet-1975-2005\/","url":"https:\/\/www.enduropale-passion.com\/touquet\/enduro-du-touquet-1975-2005\/","name":"L'enduro du Touquet tire ses heures de gloires de 1975 \u00e0 2005","isPartOf":{"@id":"https:\/\/www.enduropale-passion.com\/touquet\/#website"},"primaryImageOfPage":{"@id":"https:\/\/www.enduropale-passion.com\/touquet\/enduro-du-touquet-1975-2005\/#primaryimage"},"image":{"@id":"https:\/\/www.enduropale-passion.com\/touquet\/enduro-du-touquet-1975-2005\/#primaryimage"},"thumbnailUrl":"https:\/\/www.enduropale-passion.com\/touquet\/wp-content\/uploads\/2022\/03\/enduro-touquet-1977.jpg","datePublished":"2017-12-14T15:09:29+00:00","dateModified":"2025-02-03T10:00:38+00:00","description":"Cette course enduro des sables se tient depuis 1975 entre Le Touquet, Merlimont et Stella-Plage (Cucq). Elle m\u00e9lange pilotes chevronn\u00e9s et amateurs autour d'une m\u00eame passion : la moto cross enduro.","breadcrumb":{"@id":"https:\/\/www.enduropale-passion.com\/touquet\/enduro-du-touquet-1975-2005\/#breadcrumb"},"inLanguage":"fr-FR","potentialAction":[{"@type":"ReadAction","target":["https:\/\/www.enduropale-passion.com\/touquet\/enduro-du-touquet-1975-2005\/"]}]},{"@type":"ImageObject","inLanguage":"fr-FR","@id":"https:\/\/www.enduropale-passion.com\/touquet\/enduro-du-touquet-1975-2005\/#primaryimage","url":"https:\/\/www.enduropale-passion.com\/touquet\/wp-content\/uploads\/2022\/03\/enduro-touquet-1977.jpg","contentUrl":"https:\/\/www.enduropale-passion.com\/touquet\/wp-content\/uploads\/2022\/03\/enduro-touquet-1977.jpg","width":2000,"height":807},{"@type":"BreadcrumbList","@id":"https:\/\/www.enduropale-passion.com\/touquet\/enduro-du-touquet-1975-2005\/#breadcrumb","itemListElement":[{"@type":"ListItem","position":1,"name":"Accueil","item":"https:\/\/www.enduropale-passion.com\/touquet\/"},{"@type":"ListItem","position":2,"name":"Enduro du Touquet (photos de 1975 \u00e0 2005)"}]},{"@type":"WebSite","@id":"https:\/\/www.enduropale-passion.com\/touquet\/#website","url":"https:\/\/www.enduropale-passion.com\/touquet\/","name":"Enduropale, Quaduro et Vintage 2026","description":"Championnat du monde des sables","publisher":{"@id":"https:\/\/www.enduropale-passion.com\/touquet\/#organization"},"potentialAction":[{"@type":"SearchAction","target":{"@type":"EntryPoint","urlTemplate":"https:\/\/www.enduropale-passion.com\/touquet\/?s={search_term_string}"},"query-input":{"@type":"PropertyValueSpecification","valueRequired":true,"valueName":"search_term_string"}}],"inLanguage":"fr-FR"},{"@type":"Organization","@id":"https:\/\/www.enduropale-passion.com\/touquet\/#organization","name":"Enduropale Passion","url":"https:\/\/www.enduropale-passion.com\/touquet\/","logo":{"@type":"ImageObject","inLanguage":"fr-FR","@id":"https:\/\/www.enduropale-passion.com\/touquet\/#\/schema\/logo\/image\/","url":"https:\/\/www.enduropale-passion.com\/touquet\/wp-content\/uploads\/2018\/01\/rect5318a.png","contentUrl":"https:\/\/www.enduropale-passion.com\/touquet\/wp-content\/uploads\/2018\/01\/rect5318a.png","width":1178,"height":389,"caption":"Enduropale Passion"},"image":{"@id":"https:\/\/www.enduropale-passion.com\/touquet\/#\/schema\/logo\/image\/"}},{"@type":"Person","@id":"https:\/\/www.enduropale-passion.com\/touquet\/#\/schema\/person\/d3beef060ca1ae808ca028d5f2f4d3ab","name":"jean-marc","image":{"@type":"ImageObject","inLanguage":"fr-FR","@id":"https:\/\/secure.gravatar.com\/avatar\/da63a71c7b3c891d13f316f979f70f394c40b51eff8683f7ed50dcaf88d1bfc2?s=96&r=g","url":"https:\/\/secure.gravatar.com\/avatar\/da63a71c7b3c891d13f316f979f70f394c40b51eff8683f7ed50dcaf88d1bfc2?s=96&r=g","contentUrl":"https:\/\/secure.gravatar.com\/avatar\/da63a71c7b3c891d13f316f979f70f394c40b51eff8683f7ed50dcaf88d1bfc2?s=96&r=g","caption":"jean-marc"}}]}},"_links":{"self":[{"href":"https:\/\/www.enduropale-passion.com\/touquet\/wp-json\/wp\/v2\/pages\/94","targetHints":{"allow":["GET"]}}],"collection":[{"href":"https:\/\/www.enduropale-passion.com\/touquet\/wp-json\/wp\/v2\/pages"}],"about":[{"href":"https:\/\/www.enduropale-passion.com\/touquet\/wp-json\/wp\/v2\/types\/page"}],"author":[{"embeddable":true,"href":"https:\/\/www.enduropale-passion.com\/touquet\/wp-json\/wp\/v2\/users\/1"}],"replies":[{"embeddable":true,"href":"https:\/\/www.enduropale-passion.com\/touquet\/wp-json\/wp\/v2\/comments?post=94"}],"version-history":[{"count":28,"href":"https:\/\/www.enduropale-passion.com\/touquet\/wp-json\/wp\/v2\/pages\/94\/revisions"}],"predecessor-version":[{"id":14956,"href":"https:\/\/www.enduropale-passion.com\/touquet\/wp-json\/wp\/v2\/pages\/94\/revisions\/14956"}],"wp:featuredmedia":[{"embeddable":true,"href":"https:\/\/www.enduropale-passion.com\/touquet\/wp-json\/wp\/v2\/media\/6420"}],"wp:attachment":[{"href":"https:\/\/www.enduropale-passion.com\/touquet\/wp-json\/wp\/v2\/media?parent=94"}],"curies":[{"name":"wp","href":"https:\/\/api.w.org\/{rel}","templated":true}]}}