{"id":98,"date":"2017-12-14T16:10:52","date_gmt":"2017-12-14T15:10:52","guid":{"rendered":"http:\/\/www.enduropale-passion.com\/touquet\/?page_id=98"},"modified":"2023-02-13T11:53:50","modified_gmt":"2023-02-13T10:53:50","slug":"enduropale-jeunes-depuis-2010","status":"publish","type":"page","link":"https:\/\/www.enduropale-passion.com\/touquet\/enduropale-jeunes-depuis-2010\/","title":{"rendered":"Enduropale Juniors (13 \u00e0 17ans)"},"content":{"rendered":"<p>L&rsquo; Enduropale Jeunes ou Enduropale Junior se tient chaque ann\u00e9e sur une partie du circuit de l&rsquo;Enduropale (soit 3 km sur le Front de Mer du Touquet). Cette course est destin\u00e9e aux pilotes\u00a0\u00e2g\u00e9s de 13 \u00e0 17 ans,<strong>\u00a0<\/strong>elle se d\u00e9roule en 1 heure. C&rsquo;est la fougue de ces jeunes pilotes qui cr\u00e9e l&rsquo;int\u00e9r\u00eat autour de ce rendez-vous du samedi matin. Une course \u00e0 revivre en images en choisissant votre ann\u00e9e ci-dessous :<\/p>\n<p><a href=\"http:\/\/www.enduropale-passion.com\/enduropale-jeunes-2010\/index.html\"><img loading=\"lazy\" decoding=\"async\" src=\"http:\/\/www.enduropale-passion.com\/a-enduropale-jeune-2010.png\" alt=\"enduropale jeune 2010\" width=\"145\" height=\"55\" border=\"0\" \/><\/a><a href=\"http:\/\/www.enduropale-passion.com\/enduropale-jeune-2011\/index.html\"><img loading=\"lazy\" decoding=\"async\" src=\"http:\/\/www.enduropale-passion.com\/a-enduropale-jeune-2011.png\" alt=\"enduropale jeune 2011\" width=\"145\" height=\"55\" border=\"0\" \/><\/a><a href=\"http:\/\/www.enduropale-passion.com\/enduropale-jeunes-2012\/index.html\"><img loading=\"lazy\" decoding=\"async\" src=\"http:\/\/www.enduropale-passion.com\/a-enduropale-jeune-2012.png\" alt=\"enduropale jeune 2012\" width=\"145\" height=\"55\" border=\"0\" \/><\/a><a href=\"http:\/\/www.enduropale-passion.com\/enduropale-jeunes-2013\/index.html\"><img loading=\"lazy\" decoding=\"async\" src=\"http:\/\/www.enduropale-passion.com\/a-enduropale-jeune-2013.png\" alt=\"enduropale jeunes 2013\" width=\"145\" height=\"55\" border=\"0\" \/><\/a><a href=\"http:\/\/www.enduropale-passion.com\/enduropale-jeunes-2014\/index.html\"><img loading=\"lazy\" decoding=\"async\" src=\"http:\/\/www.enduropale-passion.com\/a-enduropale-jeune-2014.png\" alt=\"enduro kids\" width=\"145\" height=\"55\" border=\"0\" \/><\/a><a href=\"http:\/\/www.enduropale-passion.com\/enduropale-jeunes-2015\/index.html\" target=\"_blank\" rel=\"noopener noreferrer\"><img loading=\"lazy\" decoding=\"async\" src=\"http:\/\/www.enduropale-passion.com\/a-enduropale-jeune-2015.png\" alt=\"enduropale jeune 2015\" width=\"145\" height=\"55\" border=\"0\" \/><\/a><a href=\"http:\/\/www.enduropale-passion.com\/Enduropale-Juniors-2016\/index.html\" target=\"_blank\" rel=\"noopener noreferrer\"><img loading=\"lazy\" decoding=\"async\" src=\"http:\/\/www.enduropale-passion.com\/a-enduropale-jeune-2016.png\" alt=\"enduropale junior 2016\" width=\"145\" height=\"55\" border=\"0\" \/><\/a><a href=\"http:\/\/www.enduropale-passion.com\/Enduropale-juniors-2017\/index.html\" target=\"_blank\" rel=\"noopener noreferrer\"><img loading=\"lazy\" decoding=\"async\" class=\"alignnone\" src=\"http:\/\/www.enduropale-passion.com\/a-enduropale-jeune-2017.png\" alt=\"enduro junior touquet 2017\" width=\"145\" height=\"55\" border=\"0\" \/><\/a><a href=\"http:\/\/www.enduropale-passion.com\/enduropale-juniors-2018\/\" target=\"_blank\" rel=\"noopener noreferrer\"><img loading=\"lazy\" decoding=\"async\" class=\"alignnone wp-image-315 size-full\" src=\"http:\/\/www.enduropale-passion.com\/touquet\/wp-content\/uploads\/2018\/01\/enduropale-juniors-2018.png\" alt=\"\" width=\"145\" height=\"55\" \/><\/a><a href=\"http:\/\/www.enduropale-passion.com\/Enduropale-juniors-2019\/\"><img loading=\"lazy\" decoding=\"async\" class=\"alignnone wp-image-467 size-full\" src=\"http:\/\/www.enduropale-passion.com\/touquet\/wp-content\/uploads\/2019\/02\/bitmap.png\" alt=\"\" width=\"145\" height=\"55\" \/><\/a><a href=\"http:\/\/www.enduropale-passion.com\/Enduropale-juniors-2020\/\"><img loading=\"lazy\" decoding=\"async\" class=\"alignnone wp-image-563\" title=\"enduropale junior 2020\" src=\"http:\/\/www.enduropale-passion.com\/touquet\/wp-content\/uploads\/2020\/02\/bitmap-300x114.png\" alt=\"\" width=\"145\" height=\"55\" srcset=\"https:\/\/www.enduropale-passion.com\/touquet\/wp-content\/uploads\/2020\/02\/bitmap-300x114.png 300w, https:\/\/www.enduropale-passion.com\/touquet\/wp-content\/uploads\/2020\/02\/bitmap-1400x531.png 1400w, https:\/\/www.enduropale-passion.com\/touquet\/wp-content\/uploads\/2020\/02\/bitmap-768x291.png 768w, https:\/\/www.enduropale-passion.com\/touquet\/wp-content\/uploads\/2020\/02\/bitmap-1320x501.png 1320w, https:\/\/www.enduropale-passion.com\/touquet\/wp-content\/uploads\/2020\/02\/bitmap-1200x455.png 1200w, https:\/\/www.enduropale-passion.com\/touquet\/wp-content\/uploads\/2020\/02\/bitmap.png 1484w\" sizes=\"auto, (max-width: 145px) 100vw, 145px\" \/><\/a><a href=\"https:\/\/www.enduropale-passion.com\/touquet\/enduropale-juniors-2022\/\"><img loading=\"lazy\" decoding=\"async\" class=\"alignnone wp-image-4480 size-full\" title=\"enduropale juniors 2022\" src=\"https:\/\/www.enduropale-passion.com\/touquet\/wp-content\/uploads\/2022\/03\/enduro-jeunes-2022.png\" alt=\"\" width=\"145\" height=\"55\" \/><\/a><a href=\"https:\/\/www.enduropale-passion.com\/enduropale-junior-2023\/\" target=\"_blank\" rel=\"noopener\"><img loading=\"lazy\" decoding=\"async\" class=\"alignnone wp-image-12077 size-full\" src=\"https:\/\/www.enduropale-passion.com\/touquet\/wp-content\/uploads\/2023\/02\/bitmap-1.png\" alt=\"\" width=\"145\" height=\"55\" \/><\/a><br \/>\n<!-- moto --><br \/>\n<ins class=\"adsbygoogle\" style=\"display: block;\" data-ad-client=\"ca-pub-9056633368196356\" data-ad-slot=\"5337112507\" data-ad-format=\"auto\"><\/ins><br \/>\n<script>\n(adsbygoogle = window.adsbygoogle || []).push({});\n<\/script><\/p>\n","protected":false},"excerpt":{"rendered":"<p>L&rsquo; Enduropale Jeunes ou Enduropale Junior se tient chaque ann\u00e9e sur une partie du circuit de l&rsquo;Enduropale (soit 3 km sur le Front de Mer du Touquet). Cette course est destin\u00e9e aux pilotes\u00a0\u00e2g\u00e9s de 13 \u00e0 17 ans,\u00a0elle se d\u00e9roule en 1 heure. C&rsquo;est la fougue de ces jeunes pilotes qui cr\u00e9e l&rsquo;int\u00e9r\u00eat autour de [&hellip;]<\/p>\n","protected":false},"author":1,"featured_media":6425,"parent":0,"menu_order":0,"comment_status":"closed","ping_status":"closed","template":"","meta":{"site-sidebar-layout":"default","site-content-layout":"default","ast-site-content-layout":"","site-content-style":"default","site-sidebar-style":"default","ast-global-header-display":"","ast-banner-title-visibility":"","ast-main-header-display":"","ast-hfb-above-header-display":"","ast-hfb-below-header-display":"","ast-hfb-mobile-header-display":"","site-post-title":"","ast-breadcrumbs-content":"","ast-featured-img":"","footer-sml-layout":"","theme-transparent-header-meta":"default","adv-header-id-meta":"","stick-header-meta":"","header-above-stick-meta":"","header-main-stick-meta":"","header-below-stick-meta":"","astra-migrate-meta-layouts":"default","ast-page-background-enabled":"default","ast-page-background-meta":{"desktop":{"background-color":"var(--ast-global-color-4)","background-image":"","background-repeat":"repeat","background-position":"center center","background-size":"auto","background-attachment":"scroll","background-type":"","background-media":"","overlay-type":"","overlay-color":"","overlay-opacity":"","overlay-gradient":""},"tablet":{"background-color":"","background-image":"","background-repeat":"repeat","background-position":"center center","background-size":"auto","background-attachment":"scroll","background-type":"","background-media":"","overlay-type":"","overlay-color":"","overlay-opacity":"","overlay-gradient":""},"mobile":{"background-color":"","background-image":"","background-repeat":"repeat","background-position":"center center","background-size":"auto","background-attachment":"scroll","background-type":"","background-media":"","overlay-type":"","overlay-color":"","overlay-opacity":"","overlay-gradient":""}},"ast-content-background-meta":{"desktop":{"background-color":"var(--ast-global-color-5)","background-image":"","background-repeat":"repeat","background-position":"center center","background-size":"auto","background-attachment":"scroll","background-type":"","background-media":"","overlay-type":"","overlay-color":"","overlay-opacity":"","overlay-gradient":""},"tablet":{"background-color":"var(--ast-global-color-5)","background-image":"","background-repeat":"repeat","background-position":"center center","background-size":"auto","background-attachment":"scroll","background-type":"","background-media":"","overlay-type":"","overlay-color":"","overlay-opacity":"","overlay-gradient":""},"mobile":{"background-color":"var(--ast-global-color-5)","background-image":"","background-repeat":"repeat","background-position":"center center","background-size":"auto","background-attachment":"scroll","background-type":"","background-media":"","overlay-type":"","overlay-color":"","overlay-opacity":"","overlay-gradient":""}},"footnotes":""},"class_list":["post-98","page","type-page","status-publish","has-post-thumbnail","hentry"],"yoast_head":"<!-- This site is optimized with the Yoast SEO plugin v27.4 - https:\/\/yoast.com\/product\/yoast-seo-wordpress\/ -->\n<title>Enduropale jeunes junior : une course effr\u00e9n\u00e9e sur la plage du Touquet<\/title>\n<meta name=\"description\" content=\"Des pilotes de moins de 17 ans sur des machines de toutes cylindr\u00e9es se lancent sur les traces de leurs a\u00een\u00e9s pour remporter cet enduro au m\u00e9rite de la fougue et de la rage !\" \/>\n<meta name=\"robots\" content=\"index, follow, max-snippet:-1, max-image-preview:large, max-video-preview:-1\" \/>\n<link rel=\"canonical\" href=\"https:\/\/www.enduropale-passion.com\/touquet\/enduropale-jeunes-depuis-2010\/\" \/>\n<script type=\"application\/ld+json\" class=\"yoast-schema-graph\">{\"@context\":\"https:\\\/\\\/schema.org\",\"@graph\":[{\"@type\":\"NewsArticle\",\"@id\":\"https:\\\/\\\/www.enduropale-passion.com\\\/touquet\\\/enduropale-jeunes-depuis-2010\\\/#article\",\"isPartOf\":{\"@id\":\"https:\\\/\\\/www.enduropale-passion.com\\\/touquet\\\/enduropale-jeunes-depuis-2010\\\/\"},\"author\":{\"name\":\"jean-marc\",\"@id\":\"https:\\\/\\\/www.enduropale-passion.com\\\/touquet\\\/#\\\/schema\\\/person\\\/d3beef060ca1ae808ca028d5f2f4d3ab\"},\"headline\":\"Enduropale Juniors (13 \u00e0 17ans)\",\"datePublished\":\"2017-12-14T15:10:52+00:00\",\"dateModified\":\"2023-02-13T10:53:50+00:00\",\"mainEntityOfPage\":{\"@id\":\"https:\\\/\\\/www.enduropale-passion.com\\\/touquet\\\/enduropale-jeunes-depuis-2010\\\/\"},\"wordCount\":81,\"publisher\":{\"@id\":\"https:\\\/\\\/www.enduropale-passion.com\\\/touquet\\\/#organization\"},\"image\":{\"@id\":\"https:\\\/\\\/www.enduropale-passion.com\\\/touquet\\\/enduropale-jeunes-depuis-2010\\\/#primaryimage\"},\"thumbnailUrl\":\"https:\\\/\\\/www.enduropale-passion.com\\\/touquet\\\/wp-content\\\/uploads\\\/2022\\\/03\\\/Juniors-enduropale.jpg\",\"inLanguage\":\"fr-FR\"},{\"@type\":\"WebPage\",\"@id\":\"https:\\\/\\\/www.enduropale-passion.com\\\/touquet\\\/enduropale-jeunes-depuis-2010\\\/\",\"url\":\"https:\\\/\\\/www.enduropale-passion.com\\\/touquet\\\/enduropale-jeunes-depuis-2010\\\/\",\"name\":\"Enduropale jeunes junior : une course effr\u00e9n\u00e9e sur la plage du Touquet\",\"isPartOf\":{\"@id\":\"https:\\\/\\\/www.enduropale-passion.com\\\/touquet\\\/#website\"},\"primaryImageOfPage\":{\"@id\":\"https:\\\/\\\/www.enduropale-passion.com\\\/touquet\\\/enduropale-jeunes-depuis-2010\\\/#primaryimage\"},\"image\":{\"@id\":\"https:\\\/\\\/www.enduropale-passion.com\\\/touquet\\\/enduropale-jeunes-depuis-2010\\\/#primaryimage\"},\"thumbnailUrl\":\"https:\\\/\\\/www.enduropale-passion.com\\\/touquet\\\/wp-content\\\/uploads\\\/2022\\\/03\\\/Juniors-enduropale.jpg\",\"datePublished\":\"2017-12-14T15:10:52+00:00\",\"dateModified\":\"2023-02-13T10:53:50+00:00\",\"description\":\"Des pilotes de moins de 17 ans sur des machines de toutes cylindr\u00e9es se lancent sur les traces de leurs a\u00een\u00e9s pour remporter cet enduro au m\u00e9rite de la fougue et de la rage !\",\"breadcrumb\":{\"@id\":\"https:\\\/\\\/www.enduropale-passion.com\\\/touquet\\\/enduropale-jeunes-depuis-2010\\\/#breadcrumb\"},\"inLanguage\":\"fr-FR\",\"potentialAction\":[{\"@type\":\"ReadAction\",\"target\":[\"https:\\\/\\\/www.enduropale-passion.com\\\/touquet\\\/enduropale-jeunes-depuis-2010\\\/\"]}]},{\"@type\":\"ImageObject\",\"inLanguage\":\"fr-FR\",\"@id\":\"https:\\\/\\\/www.enduropale-passion.com\\\/touquet\\\/enduropale-jeunes-depuis-2010\\\/#primaryimage\",\"url\":\"https:\\\/\\\/www.enduropale-passion.com\\\/touquet\\\/wp-content\\\/uploads\\\/2022\\\/03\\\/Juniors-enduropale.jpg\",\"contentUrl\":\"https:\\\/\\\/www.enduropale-passion.com\\\/touquet\\\/wp-content\\\/uploads\\\/2022\\\/03\\\/Juniors-enduropale.jpg\",\"width\":1500,\"height\":435},{\"@type\":\"BreadcrumbList\",\"@id\":\"https:\\\/\\\/www.enduropale-passion.com\\\/touquet\\\/enduropale-jeunes-depuis-2010\\\/#breadcrumb\",\"itemListElement\":[{\"@type\":\"ListItem\",\"position\":1,\"name\":\"Accueil\",\"item\":\"https:\\\/\\\/www.enduropale-passion.com\\\/touquet\\\/\"},{\"@type\":\"ListItem\",\"position\":2,\"name\":\"Enduropale Juniors (13 \u00e0 17ans)\"}]},{\"@type\":\"WebSite\",\"@id\":\"https:\\\/\\\/www.enduropale-passion.com\\\/touquet\\\/#website\",\"url\":\"https:\\\/\\\/www.enduropale-passion.com\\\/touquet\\\/\",\"name\":\"Enduropale, Quaduro et Vintage 2026\",\"description\":\"Championnat du monde des sables\",\"publisher\":{\"@id\":\"https:\\\/\\\/www.enduropale-passion.com\\\/touquet\\\/#organization\"},\"potentialAction\":[{\"@type\":\"SearchAction\",\"target\":{\"@type\":\"EntryPoint\",\"urlTemplate\":\"https:\\\/\\\/www.enduropale-passion.com\\\/touquet\\\/?s={search_term_string}\"},\"query-input\":{\"@type\":\"PropertyValueSpecification\",\"valueRequired\":true,\"valueName\":\"search_term_string\"}}],\"inLanguage\":\"fr-FR\"},{\"@type\":\"Organization\",\"@id\":\"https:\\\/\\\/www.enduropale-passion.com\\\/touquet\\\/#organization\",\"name\":\"Enduropale Passion\",\"url\":\"https:\\\/\\\/www.enduropale-passion.com\\\/touquet\\\/\",\"logo\":{\"@type\":\"ImageObject\",\"inLanguage\":\"fr-FR\",\"@id\":\"https:\\\/\\\/www.enduropale-passion.com\\\/touquet\\\/#\\\/schema\\\/logo\\\/image\\\/\",\"url\":\"https:\\\/\\\/www.enduropale-passion.com\\\/touquet\\\/wp-content\\\/uploads\\\/2018\\\/01\\\/rect5318a.png\",\"contentUrl\":\"https:\\\/\\\/www.enduropale-passion.com\\\/touquet\\\/wp-content\\\/uploads\\\/2018\\\/01\\\/rect5318a.png\",\"width\":1178,\"height\":389,\"caption\":\"Enduropale Passion\"},\"image\":{\"@id\":\"https:\\\/\\\/www.enduropale-passion.com\\\/touquet\\\/#\\\/schema\\\/logo\\\/image\\\/\"}},{\"@type\":\"Person\",\"@id\":\"https:\\\/\\\/www.enduropale-passion.com\\\/touquet\\\/#\\\/schema\\\/person\\\/d3beef060ca1ae808ca028d5f2f4d3ab\",\"name\":\"jean-marc\",\"image\":{\"@type\":\"ImageObject\",\"inLanguage\":\"fr-FR\",\"@id\":\"https:\\\/\\\/secure.gravatar.com\\\/avatar\\\/da63a71c7b3c891d13f316f979f70f394c40b51eff8683f7ed50dcaf88d1bfc2?s=96&r=g\",\"url\":\"https:\\\/\\\/secure.gravatar.com\\\/avatar\\\/da63a71c7b3c891d13f316f979f70f394c40b51eff8683f7ed50dcaf88d1bfc2?s=96&r=g\",\"contentUrl\":\"https:\\\/\\\/secure.gravatar.com\\\/avatar\\\/da63a71c7b3c891d13f316f979f70f394c40b51eff8683f7ed50dcaf88d1bfc2?s=96&r=g\",\"caption\":\"jean-marc\"}}]}<\/script>\n<!-- \/ Yoast SEO plugin. -->","yoast_head_json":{"title":"Enduropale jeunes junior : une course effr\u00e9n\u00e9e sur la plage du Touquet","description":"Des pilotes de moins de 17 ans sur des machines de toutes cylindr\u00e9es se lancent sur les traces de leurs a\u00een\u00e9s pour remporter cet enduro au m\u00e9rite de la fougue et de la rage !","robots":{"index":"index","follow":"follow","max-snippet":"max-snippet:-1","max-image-preview":"max-image-preview:large","max-video-preview":"max-video-preview:-1"},"canonical":"https:\/\/www.enduropale-passion.com\/touquet\/enduropale-jeunes-depuis-2010\/","schema":{"@context":"https:\/\/schema.org","@graph":[{"@type":"NewsArticle","@id":"https:\/\/www.enduropale-passion.com\/touquet\/enduropale-jeunes-depuis-2010\/#article","isPartOf":{"@id":"https:\/\/www.enduropale-passion.com\/touquet\/enduropale-jeunes-depuis-2010\/"},"author":{"name":"jean-marc","@id":"https:\/\/www.enduropale-passion.com\/touquet\/#\/schema\/person\/d3beef060ca1ae808ca028d5f2f4d3ab"},"headline":"Enduropale Juniors (13 \u00e0 17ans)","datePublished":"2017-12-14T15:10:52+00:00","dateModified":"2023-02-13T10:53:50+00:00","mainEntityOfPage":{"@id":"https:\/\/www.enduropale-passion.com\/touquet\/enduropale-jeunes-depuis-2010\/"},"wordCount":81,"publisher":{"@id":"https:\/\/www.enduropale-passion.com\/touquet\/#organization"},"image":{"@id":"https:\/\/www.enduropale-passion.com\/touquet\/enduropale-jeunes-depuis-2010\/#primaryimage"},"thumbnailUrl":"https:\/\/www.enduropale-passion.com\/touquet\/wp-content\/uploads\/2022\/03\/Juniors-enduropale.jpg","inLanguage":"fr-FR"},{"@type":"WebPage","@id":"https:\/\/www.enduropale-passion.com\/touquet\/enduropale-jeunes-depuis-2010\/","url":"https:\/\/www.enduropale-passion.com\/touquet\/enduropale-jeunes-depuis-2010\/","name":"Enduropale jeunes junior : une course effr\u00e9n\u00e9e sur la plage du Touquet","isPartOf":{"@id":"https:\/\/www.enduropale-passion.com\/touquet\/#website"},"primaryImageOfPage":{"@id":"https:\/\/www.enduropale-passion.com\/touquet\/enduropale-jeunes-depuis-2010\/#primaryimage"},"image":{"@id":"https:\/\/www.enduropale-passion.com\/touquet\/enduropale-jeunes-depuis-2010\/#primaryimage"},"thumbnailUrl":"https:\/\/www.enduropale-passion.com\/touquet\/wp-content\/uploads\/2022\/03\/Juniors-enduropale.jpg","datePublished":"2017-12-14T15:10:52+00:00","dateModified":"2023-02-13T10:53:50+00:00","description":"Des pilotes de moins de 17 ans sur des machines de toutes cylindr\u00e9es se lancent sur les traces de leurs a\u00een\u00e9s pour remporter cet enduro au m\u00e9rite de la fougue et de la rage !","breadcrumb":{"@id":"https:\/\/www.enduropale-passion.com\/touquet\/enduropale-jeunes-depuis-2010\/#breadcrumb"},"inLanguage":"fr-FR","potentialAction":[{"@type":"ReadAction","target":["https:\/\/www.enduropale-passion.com\/touquet\/enduropale-jeunes-depuis-2010\/"]}]},{"@type":"ImageObject","inLanguage":"fr-FR","@id":"https:\/\/www.enduropale-passion.com\/touquet\/enduropale-jeunes-depuis-2010\/#primaryimage","url":"https:\/\/www.enduropale-passion.com\/touquet\/wp-content\/uploads\/2022\/03\/Juniors-enduropale.jpg","contentUrl":"https:\/\/www.enduropale-passion.com\/touquet\/wp-content\/uploads\/2022\/03\/Juniors-enduropale.jpg","width":1500,"height":435},{"@type":"BreadcrumbList","@id":"https:\/\/www.enduropale-passion.com\/touquet\/enduropale-jeunes-depuis-2010\/#breadcrumb","itemListElement":[{"@type":"ListItem","position":1,"name":"Accueil","item":"https:\/\/www.enduropale-passion.com\/touquet\/"},{"@type":"ListItem","position":2,"name":"Enduropale Juniors (13 \u00e0 17ans)"}]},{"@type":"WebSite","@id":"https:\/\/www.enduropale-passion.com\/touquet\/#website","url":"https:\/\/www.enduropale-passion.com\/touquet\/","name":"Enduropale, Quaduro et Vintage 2026","description":"Championnat du monde des sables","publisher":{"@id":"https:\/\/www.enduropale-passion.com\/touquet\/#organization"},"potentialAction":[{"@type":"SearchAction","target":{"@type":"EntryPoint","urlTemplate":"https:\/\/www.enduropale-passion.com\/touquet\/?s={search_term_string}"},"query-input":{"@type":"PropertyValueSpecification","valueRequired":true,"valueName":"search_term_string"}}],"inLanguage":"fr-FR"},{"@type":"Organization","@id":"https:\/\/www.enduropale-passion.com\/touquet\/#organization","name":"Enduropale Passion","url":"https:\/\/www.enduropale-passion.com\/touquet\/","logo":{"@type":"ImageObject","inLanguage":"fr-FR","@id":"https:\/\/www.enduropale-passion.com\/touquet\/#\/schema\/logo\/image\/","url":"https:\/\/www.enduropale-passion.com\/touquet\/wp-content\/uploads\/2018\/01\/rect5318a.png","contentUrl":"https:\/\/www.enduropale-passion.com\/touquet\/wp-content\/uploads\/2018\/01\/rect5318a.png","width":1178,"height":389,"caption":"Enduropale Passion"},"image":{"@id":"https:\/\/www.enduropale-passion.com\/touquet\/#\/schema\/logo\/image\/"}},{"@type":"Person","@id":"https:\/\/www.enduropale-passion.com\/touquet\/#\/schema\/person\/d3beef060ca1ae808ca028d5f2f4d3ab","name":"jean-marc","image":{"@type":"ImageObject","inLanguage":"fr-FR","@id":"https:\/\/secure.gravatar.com\/avatar\/da63a71c7b3c891d13f316f979f70f394c40b51eff8683f7ed50dcaf88d1bfc2?s=96&r=g","url":"https:\/\/secure.gravatar.com\/avatar\/da63a71c7b3c891d13f316f979f70f394c40b51eff8683f7ed50dcaf88d1bfc2?s=96&r=g","contentUrl":"https:\/\/secure.gravatar.com\/avatar\/da63a71c7b3c891d13f316f979f70f394c40b51eff8683f7ed50dcaf88d1bfc2?s=96&r=g","caption":"jean-marc"}}]}},"_links":{"self":[{"href":"https:\/\/www.enduropale-passion.com\/touquet\/wp-json\/wp\/v2\/pages\/98","targetHints":{"allow":["GET"]}}],"collection":[{"href":"https:\/\/www.enduropale-passion.com\/touquet\/wp-json\/wp\/v2\/pages"}],"about":[{"href":"https:\/\/www.enduropale-passion.com\/touquet\/wp-json\/wp\/v2\/types\/page"}],"author":[{"embeddable":true,"href":"https:\/\/www.enduropale-passion.com\/touquet\/wp-json\/wp\/v2\/users\/1"}],"replies":[{"embeddable":true,"href":"https:\/\/www.enduropale-passion.com\/touquet\/wp-json\/wp\/v2\/comments?post=98"}],"version-history":[{"count":5,"href":"https:\/\/www.enduropale-passion.com\/touquet\/wp-json\/wp\/v2\/pages\/98\/revisions"}],"predecessor-version":[{"id":12078,"href":"https:\/\/www.enduropale-passion.com\/touquet\/wp-json\/wp\/v2\/pages\/98\/revisions\/12078"}],"wp:featuredmedia":[{"embeddable":true,"href":"https:\/\/www.enduropale-passion.com\/touquet\/wp-json\/wp\/v2\/media\/6425"}],"wp:attachment":[{"href":"https:\/\/www.enduropale-passion.com\/touquet\/wp-json\/wp\/v2\/media?parent=98"}],"curies":[{"name":"wp","href":"https:\/\/api.w.org\/{rel}","templated":true}]}}